{"id":149419,"date":"2021-01-15T10:59:35","date_gmt":"2021-01-15T10:59:35","guid":{"rendered":"https:\/\/codengine3.ch\/?product=import-placeholder-for-207407"},"modified":"2024-10-17T11:37:08","modified_gmt":"2024-10-17T09:37:08","slug":"hundstein-huettenbuch-randnotizen","status":"publish","type":"product","link":"https:\/\/pizbube.ch\/en\/shop\/hundstein-huettenbuch-randnotizen\/","title":{"rendered":"Hundstein H\u00fcttenbuch Randnotizen"},"content":{"rendered":"<p>Die Welten k\u00f6nnen unterschiedlicher nicht sein. Eben noch wirkte Alexandra von<br \/>\nArx als Wahlbeobachterin in Kiew, und wenige Wochen sp\u00e4ter steht sie als<br \/>\n\u00abflinke, belastbare und teamf\u00e4hige H\u00fcttenmitarbeiterin\u00bb (so der Wortlaut des<br \/>\nInserats, auf das sie sich gemeldet hatte) in der Hundsteinh\u00fctte des Schweizer<br \/>\nAlpen-Club SAC mitten im Alpstein.<\/p>\n<p>Was sie dort erlebt und was ihr bei der Arbeit in der H\u00fctte und bei<br \/>\nWanderungen in der Umgebung durch den Kopf geht, h\u00e4lt die 48-j\u00e4hrige Juristin<br \/>\nals \u00abRandnotizen\u00bb mit erheiternden Wortspielen fest.<\/p>\n<p>In ihrem ganz pers\u00f6nlichen H\u00fcttenbuch erz\u00e4hlt sie von H\u00f6henschwindel und<br \/>\nKuhphobie, von geheimniskr\u00e4merischen Appenzellern und komplizierten G\u00e4sten,<br \/>\nvon Seilbahnfahrten und Gedichten, von Heimweh und R\u00fcckwanderung, \u00fcberhaupt<br \/>\nvom Wandern, auch vom Barfusswandern, Melken und Jodeln, Kochen und Putzen,<br \/>\nvon Betten-Tetris und \u00abVerk\u00e4uferlis\u00bb. Die Erz\u00e4hlungen aus dem Kosmos der<br \/>\nHundsteinh\u00fctte sind so unbeschwert, verspielt und \u00fcberm\u00fctig wie der Flug eines<br \/>\nSchmetterlings im Bergsommer.<\/p>\n<p>128 Seiten; fester Einband<\/p>","protected":false},"excerpt":{"rendered":"<p>Die Welten k\u00f6nnen unterschiedlicher nicht sein. Eben noch wirkte Alexandra von Arx als Wahlbeobachterin in Kiew, und wenige Wochen sp\u00e4ter steht sie als \u00abflinke, belastbare und teamf\u00e4hige H\u00fcttenmitarbeiterin\u00bb (so der Wortlaut des Inserats, auf das sie sich gemeldet hatte) in der Hundsteinh\u00fctte des Schweizer Alpen-Club SAC mitten im Alpstein. Was sie dort erlebt und was [&#8230;]\n","protected":false},"featured_media":176792,"template":"","meta":[],"product_brand":[],"product_cat":[21629],"product_tag":[],"class_list":{"0":"post-149419","1":"product","2":"type-product","3":"status-publish","4":"has-post-thumbnail","6":"product_cat-belletristik","7":"pa_autor-von-arx","8":"pa_erscheinungsjahr-21558","9":"pa_region-schweiz","10":"pa_sprache-de","12":"first","13":"instock","14":"taxable","15":"shipping-taxable","16":"purchasable","17":"product-type-simple"},"_links":{"self":[{"href":"https:\/\/pizbube.ch\/en\/wp-json\/wp\/v2\/product\/149419","targetHints":{"allow":["GET"]}}],"collection":[{"href":"https:\/\/pizbube.ch\/en\/wp-json\/wp\/v2\/product"}],"about":[{"href":"https:\/\/pizbube.ch\/en\/wp-json\/wp\/v2\/types\/product"}],"wp:featuredmedia":[{"embeddable":true,"href":"https:\/\/pizbube.ch\/en\/wp-json\/wp\/v2\/media\/176792"}],"wp:attachment":[{"href":"https:\/\/pizbube.ch\/en\/wp-json\/wp\/v2\/media?parent=149419"}],"wp:term":[{"taxonomy":"product_brand","embeddable":true,"href":"https:\/\/pizbube.ch\/en\/wp-json\/wp\/v2\/product_brand?post=149419"},{"taxonomy":"product_cat","embeddable":true,"href":"https:\/\/pizbube.ch\/en\/wp-json\/wp\/v2\/product_cat?post=149419"},{"taxonomy":"product_tag","embeddable":true,"href":"https:\/\/pizbube.ch\/en\/wp-json\/wp\/v2\/product_tag?post=149419"}],"curies":[{"name":"wp","href":"https:\/\/api.w.org\/{rel}","templated":true}]}}