{"id":149420,"date":"2021-01-15T10:59:35","date_gmt":"2021-01-15T10:59:35","guid":{"rendered":"https:\/\/codengine3.ch\/?product=import-placeholder-for-206914"},"modified":"2026-01-16T11:52:04","modified_gmt":"2026-01-16T10:52:04","slug":"arctic-ice-climbing-93-ice-climbing-routes-in-the-interior-and-coastal-regions-of-northern-norway","status":"publish","type":"product","link":"https:\/\/pizbube.ch\/en\/shop\/arctic-ice-climbing-93-ice-climbing-routes-in-the-interior-and-coastal-regions-of-northern-norway\/","title":{"rendered":"Arctic Ice Climbing &#8211; 93 ice climbing routes in the interior and coastal regions of Northern Norway"},"content":{"rendered":"<p>The first comprehensive guide to world class ice climbing. 93 spectacular routes from M\u00f8ysalen to Bardu.<\/p>\n<p>Arctic ice climbing consists of 93 different routes, spanning 8 areas from M\u00f8ysalen up to Bardu through Sweden and a lot more. It&#8217;s written entirely in english over 227 pages.<\/p>\n<p>The mountains north of the Arctic circle are sure to lure both skiers and climbers alike to some of the most spectacular scenery for alpinism outside of the alps. The entire region between the more well-known Lofoten and Lyngen has a myriad of hidden gems and lesser-known territories. Explore the mountains and waterfalls of Spansdalen, M\u00f8ysalen, Gratangen and much more.<\/p>\n<p>Explore the infamous Skredbekken, a 700m long epic found in S\u00f8rdalen. Conquer the majestic lines in the characteristic mountains of M\u00f8ysalen national park. Take the short trip over to the swedish border territory of Riksgr\u00e4nsen and Abisko for reliable conditions and challenging, yet easily reachable crags. All this while breathing the cold air of the arctic and maybe even witnessing the magical northern lights.<\/p>\n<p>Arctic Ice Climbing covers the following areas:<\/p>\n<p>Bardu<br \/>\nLavangen\/Salangen<br \/>\nRiksgr\u00e4nsen \/ Abisko<br \/>\nGratangen<br \/>\nEvenes\/Sk\u00e5nland<br \/>\nHarstad<br \/>\nTjeldsund<br \/>\nM\u00f8ysalen national park<\/p>\n<p>The book is written in English and has 277 pages. All routes graded by WI\/M<br \/>\nranging from WI2 to WI6.<\/p>","protected":false},"excerpt":{"rendered":"<p>The first comprehensive guide to world class ice climbing. 93 spectacular routes from M\u00f8ysalen to Bardu. Arctic ice climbing consists of 93 different routes, spanning 8 areas from M\u00f8ysalen up to Bardu through Sweden and a lot more. It&#8217;s written entirely in english over 227 pages. The mountains north of the Arctic circle are sure [&#8230;]\n","protected":false},"featured_media":170837,"template":"","meta":[],"product_brand":[],"product_cat":[21540],"product_tag":[],"class_list":{"0":"post-149420","1":"product","2":"type-product","3":"status-publish","4":"has-post-thumbnail","6":"product_cat-fuehrerliteratur-alpin-winter","7":"pa_autor-dramsdahl","8":"pa_erscheinungsjahr-21558","9":"pa_region-skandinavien-norwegen-schweden-finnland","10":"pa_sprache-en","12":"first","13":"instock","14":"taxable","15":"shipping-taxable","16":"purchasable","17":"product-type-simple"},"_links":{"self":[{"href":"https:\/\/pizbube.ch\/en\/wp-json\/wp\/v2\/product\/149420","targetHints":{"allow":["GET"]}}],"collection":[{"href":"https:\/\/pizbube.ch\/en\/wp-json\/wp\/v2\/product"}],"about":[{"href":"https:\/\/pizbube.ch\/en\/wp-json\/wp\/v2\/types\/product"}],"wp:featuredmedia":[{"embeddable":true,"href":"https:\/\/pizbube.ch\/en\/wp-json\/wp\/v2\/media\/170837"}],"wp:attachment":[{"href":"https:\/\/pizbube.ch\/en\/wp-json\/wp\/v2\/media?parent=149420"}],"wp:term":[{"taxonomy":"product_brand","embeddable":true,"href":"https:\/\/pizbube.ch\/en\/wp-json\/wp\/v2\/product_brand?post=149420"},{"taxonomy":"product_cat","embeddable":true,"href":"https:\/\/pizbube.ch\/en\/wp-json\/wp\/v2\/product_cat?post=149420"},{"taxonomy":"product_tag","embeddable":true,"href":"https:\/\/pizbube.ch\/en\/wp-json\/wp\/v2\/product_tag?post=149420"}],"curies":[{"name":"wp","href":"https:\/\/api.w.org\/{rel}","templated":true}]}}