{"id":149423,"date":"2021-01-15T10:59:35","date_gmt":"2021-01-15T10:59:35","guid":{"rendered":"https:\/\/codengine3.ch\/?product=import-placeholder-for-207204"},"modified":"2021-01-15T14:56:08","modified_gmt":"2021-01-15T14:56:08","slug":"les-4000-des-alpes","status":"publish","type":"product","link":"https:\/\/pizbube.ch\/en\/shop\/les-4000-des-alpes\/","title":{"rendered":"Les 4000 des Alpes"},"content":{"rendered":"<p>Un regard et un travail photographique \u00e9tonnants !  <\/p>\n<p>Les auteurs ont pris de la hauteur et nous offrent un point de vue totalement<br \/>\narbitraire et original sur les g\u00e9ants des Alpes. Depuis leur h\u00e9licopt\u00e8re en<br \/>\nvol stationnaire \u00e0 l\u2019exacte altitude de 4&#8217;000 m et \u00e0 une distance de trois<br \/>\nkilom\u00e8tres de leur objectif, ils ont photographi\u00e9 les quatre-vingt-deux &#8218;4000&#8216;<br \/>\nr\u00e9pertori\u00e9s officiellement par l\u2019Union internationale des associations<br \/>\nd&#8217;alpinisme (UIAA). Le r\u00e9sultat est impressionnant.  <\/p>\n<p>\u00c0 notre tour, au fil des pages, nous survolons ces majestueux sommets, mais<br \/>\nsurtout nous c\u00f4toyons les faces, nous les comparons, nous en scrutons les<br \/>\nmoindres passages\u2026<\/p>","protected":false},"excerpt":{"rendered":"<p>Un regard et un travail photographique \u00e9tonnants ! Les auteurs ont pris de la hauteur et nous offrent un point de vue totalement arbitraire et original sur les g\u00e9ants des Alpes. Depuis leur h\u00e9licopt\u00e8re en vol stationnaire \u00e0 l\u2019exacte altitude de 4&#8217;000 m et \u00e0 une distance de trois kilom\u00e8tres de leur objectif, ils ont [&#8230;]\n","protected":false},"featured_media":36849,"template":"","meta":[],"product_brand":[],"product_cat":[21542],"product_tag":[],"class_list":{"0":"post-149423","1":"product","2":"type-product","3":"status-publish","4":"has-post-thumbnail","6":"product_cat-sachbuecher-dokumentationen","7":"pa_autor-abramowski-schobinger","8":"pa_erscheinungsjahr-21610","9":"pa_region-schweiz","10":"pa_sprache-fr","12":"first","13":"outofstock","14":"taxable","15":"shipping-taxable","16":"purchasable","17":"product-type-simple"},"_links":{"self":[{"href":"https:\/\/pizbube.ch\/en\/wp-json\/wp\/v2\/product\/149423","targetHints":{"allow":["GET"]}}],"collection":[{"href":"https:\/\/pizbube.ch\/en\/wp-json\/wp\/v2\/product"}],"about":[{"href":"https:\/\/pizbube.ch\/en\/wp-json\/wp\/v2\/types\/product"}],"wp:featuredmedia":[{"embeddable":true,"href":"https:\/\/pizbube.ch\/en\/wp-json\/wp\/v2\/media\/36849"}],"wp:attachment":[{"href":"https:\/\/pizbube.ch\/en\/wp-json\/wp\/v2\/media?parent=149423"}],"wp:term":[{"taxonomy":"product_brand","embeddable":true,"href":"https:\/\/pizbube.ch\/en\/wp-json\/wp\/v2\/product_brand?post=149423"},{"taxonomy":"product_cat","embeddable":true,"href":"https:\/\/pizbube.ch\/en\/wp-json\/wp\/v2\/product_cat?post=149423"},{"taxonomy":"product_tag","embeddable":true,"href":"https:\/\/pizbube.ch\/en\/wp-json\/wp\/v2\/product_tag?post=149423"}],"curies":[{"name":"wp","href":"https:\/\/api.w.org\/{rel}","templated":true}]}}