{"id":149426,"date":"2021-01-15T10:59:35","date_gmt":"2021-01-15T10:59:35","guid":{"rendered":"https:\/\/codengine3.ch\/?product=import-placeholder-for-206739"},"modified":"2021-01-15T14:51:24","modified_gmt":"2021-01-15T14:51:24","slug":"die-viertausender-der-schweiz-2","status":"publish","type":"product","link":"https:\/\/pizbube.ch\/en\/shop\/die-viertausender-der-schweiz-2\/","title":{"rendered":"Die Viertausender der Schweiz"},"content":{"rendered":"<p>Set \u00e0 15 Karten (+ 1 Infokarte)<\/p>\n<p>15 Karten mit Fotos ausgew\u00e4hlter Gipfel und je einem Zitat aus der<br \/>\nAlpinliteratur auf der R\u00fcckseite.<br \/>\nFormat A6 (148 x 105 mm), R\u00fcckseite frei beschreibbar<\/p>","protected":false},"excerpt":{"rendered":"<p>Set \u00e0 15 Karten (+ 1 Infokarte) 15 Karten mit Fotos ausgew\u00e4hlter Gipfel und je einem Zitat aus der Alpinliteratur auf der R\u00fcckseite. Format A6 (148 x 105 mm), R\u00fcckseite frei beschreibbar<\/p>","protected":false},"featured_media":35973,"template":"","meta":[],"product_brand":[],"product_cat":[21853],"product_tag":[],"class_list":{"0":"post-149426","1":"product","2":"type-product","3":"status-publish","4":"has-post-thumbnail","6":"product_cat-ansichtskarten","7":"pa_autor-fink-volken","8":"pa_erscheinungsjahr-21597","9":"pa_region-schweiz","10":"pa_sprache-de-fr-it-en","12":"first","13":"outofstock","14":"taxable","15":"shipping-taxable","16":"purchasable","17":"product-type-simple"},"_links":{"self":[{"href":"https:\/\/pizbube.ch\/en\/wp-json\/wp\/v2\/product\/149426","targetHints":{"allow":["GET"]}}],"collection":[{"href":"https:\/\/pizbube.ch\/en\/wp-json\/wp\/v2\/product"}],"about":[{"href":"https:\/\/pizbube.ch\/en\/wp-json\/wp\/v2\/types\/product"}],"wp:featuredmedia":[{"embeddable":true,"href":"https:\/\/pizbube.ch\/en\/wp-json\/wp\/v2\/media\/35973"}],"wp:attachment":[{"href":"https:\/\/pizbube.ch\/en\/wp-json\/wp\/v2\/media?parent=149426"}],"wp:term":[{"taxonomy":"product_brand","embeddable":true,"href":"https:\/\/pizbube.ch\/en\/wp-json\/wp\/v2\/product_brand?post=149426"},{"taxonomy":"product_cat","embeddable":true,"href":"https:\/\/pizbube.ch\/en\/wp-json\/wp\/v2\/product_cat?post=149426"},{"taxonomy":"product_tag","embeddable":true,"href":"https:\/\/pizbube.ch\/en\/wp-json\/wp\/v2\/product_tag?post=149426"}],"curies":[{"name":"wp","href":"https:\/\/api.w.org\/{rel}","templated":true}]}}