{"id":149428,"date":"2021-01-15T10:59:35","date_gmt":"2021-01-15T10:59:35","guid":{"rendered":"https:\/\/codengine3.ch\/?product=import-placeholder-for-208086"},"modified":"2021-01-15T17:50:01","modified_gmt":"2021-01-15T17:50:01","slug":"das-kleine-buch-der-grossen-berge","status":"publish","type":"product","link":"https:\/\/pizbube.ch\/en\/shop\/das-kleine-buch-der-grossen-berge\/","title":{"rendered":"Das kleine Buch der gro\u00dfen Berge"},"content":{"rendered":"<p>50 Berge, die Sie kennen m\u00fcssen, um die Schweiz zu verstehen  <\/p>\n<p>Die Berge geh\u00f6ren zu den \u00bbKernkompetenzen\u00ab der Schweiz &#8211; f\u00fcr die Schweizer<br \/>\nselbst wie auch f\u00fcr die Besucher des Landes.Dieses Buch zeigt Besuchern, mit<br \/>\nwelchen Bergen sie das Land am besten kennenlernen, und bietet Einheimischen<br \/>\nwertvolle Infos, die sie so noch nicht kannten.<\/p>\n<p>So besitzt die Schweiz rund 50 Viertausender, von denen aber die meisten nur<br \/>\nf\u00fcr Alpinisten inter\u00adessant sind. Die wichtigsten Berge der Schweiz sind<br \/>\ndagegen in allen H\u00f6henlagen zu finden.<\/p>\n<p>Dieses Buch stellt die wirklich relevanten Berge der Schweiz vor, die in allen<br \/>\nH\u00f6henlagen zu finden sind: die Hausberge der wichtigsten St\u00e4dte, vom \u00dcetliberg<br \/>\n\u00fcber den Gurten bis zum Mont Sal\u00e8ve, die nationalen Symbolberge wie Pilatus,<br \/>\nRigi, Jungfrau und Matterhorn, aber auch die kulturell bedeutenden Berge, wie<br \/>\nMonte Verit\u00e0, Zauberberg oder Dreisprachenspitze.<\/p>\n<p>Je nach H\u00f6he und Charakter der Berge enth\u00e4lt das Buch auch Informationen, wie<br \/>\nSie am besten hinaufkommen oder von wo aus Sie die beschriebenen Berge am<br \/>\nbesten sehen k\u00f6nnen.<\/p>\n<p>192 Seiten, Leinen<\/p>","protected":false},"excerpt":{"rendered":"<ul>\n<li><a href=\"https:\/\/pizbube.ch\/wp-content\/uploads\/attachments\/a_028\/C355D235A689B83C4C2F88EA4DD4F263.pdf\" target=\"_blank\" rel=\"noopener\">PDF: Leseprobe_Das_kleine_Buch.pdf<\/a><\/li>\n<\/ul>","protected":false},"featured_media":39311,"template":"","meta":[],"product_brand":[],"product_cat":[21542],"product_tag":[],"class_list":{"0":"post-149428","1":"product","2":"type-product","3":"status-publish","4":"has-post-thumbnail","6":"product_cat-sachbuecher-dokumentationen","7":"pa_autor-brauns","8":"pa_erscheinungsjahr-21546","9":"pa_region-schweiz","10":"pa_sprache-de","12":"first","13":"instock","14":"taxable","15":"shipping-taxable","16":"purchasable","17":"product-type-simple"},"_links":{"self":[{"href":"https:\/\/pizbube.ch\/en\/wp-json\/wp\/v2\/product\/149428","targetHints":{"allow":["GET"]}}],"collection":[{"href":"https:\/\/pizbube.ch\/en\/wp-json\/wp\/v2\/product"}],"about":[{"href":"https:\/\/pizbube.ch\/en\/wp-json\/wp\/v2\/types\/product"}],"wp:featuredmedia":[{"embeddable":true,"href":"https:\/\/pizbube.ch\/en\/wp-json\/wp\/v2\/media\/39311"}],"wp:attachment":[{"href":"https:\/\/pizbube.ch\/en\/wp-json\/wp\/v2\/media?parent=149428"}],"wp:term":[{"taxonomy":"product_brand","embeddable":true,"href":"https:\/\/pizbube.ch\/en\/wp-json\/wp\/v2\/product_brand?post=149428"},{"taxonomy":"product_cat","embeddable":true,"href":"https:\/\/pizbube.ch\/en\/wp-json\/wp\/v2\/product_cat?post=149428"},{"taxonomy":"product_tag","embeddable":true,"href":"https:\/\/pizbube.ch\/en\/wp-json\/wp\/v2\/product_tag?post=149428"}],"curies":[{"name":"wp","href":"https:\/\/api.w.org\/{rel}","templated":true}]}}