{"id":149430,"date":"2021-01-15T10:59:35","date_gmt":"2021-01-15T10:59:35","guid":{"rendered":"https:\/\/codengine3.ch\/?product=import-placeholder-for-201473"},"modified":"2021-01-15T12:01:54","modified_gmt":"2021-01-15T12:01:54","slug":"wettlauf-um-die-grossen-nordwaende","status":"publish","type":"product","link":"https:\/\/pizbube.ch\/en\/shop\/wettlauf-um-die-grossen-nordwaende\/","title":{"rendered":"Wettlauf um die grossen Nordw\u00e4nde"},"content":{"rendered":"<p>Die legend\u00e4re Nordwandtrilogie Matterhorn \u00b7 Grandes Jorasses \u00b7 Eiger  <\/p>\n<p>Sie bilden die ber\u00fchmte Trilogie der Nordw\u00e4nde: die schattigen Abst\u00fcrze von<br \/>\nMatterhorn, Grandes Jorasses und Eiger. Durch ihre turbulente und d\u00fcstere<br \/>\nErsteigungsgeschichte in den 1930er-Jahren haben sie bis heute eine<br \/>\nAusnahmestellung beibehalten. Sie wurden zum Inbegriff einer rasanten<br \/>\nbergsteigerischen Epoche, in der vieles m\u00f6glich wurde, aber auch einige<br \/>\nUngl\u00fccke zu scharfen Diskussionen \u00fcber Sinn oder Unsinn des Kletterns in<br \/>\nseiner extremen Form f\u00fchrten.<br \/>\nZun\u00e4chst wurde im August 1931 die elegant geschwungene, 1100 Meter<br \/>\nhohe Matterhorn-Nordwand durch die M\u00fcnchner Br\u00fcder Franz und Toni Schmid<br \/>\nerstmalig durchklettert. Um die Nordwand der Grandes<br \/>\nJorasses entwickelte sich fortan ein regelrechtes Rennen um die<br \/>\nErstbegehung: Sie war das ultimative Ziel der damaligen Spitzenalpinisten.<br \/>\nMit Rudolf Peters und Martin Meier waren es erneut M\u00fcnchner, welche<br \/>\n\u00fcber den Crozpfeiler den grossen Erfolg feiern konnten.<br \/>\nNach einigen besonders tragischen Unf\u00e4llen wurde im Sommer 1938 auch die<br \/>\nwuchtige, 1800 Meter hohe Eiger-Nordwand &#8218;erobert&#8216;. Die Namen der deutsch-<br \/>\n\u00f6sterreichischen Erstdurchsteiger Anderl Heckmair, Ludwig V\u00f6rg, Fritz Kasparek<br \/>\nund Heinrich Harrer gingen um die Welt.<br \/>\nSchliesslich konnten auch die ebenso starken italienischen Kletterer noch ein<br \/>\nAusrufezeichen setzen: Riccardo Cassin sowie seine Gef\u00e4hrten Esposito und<br \/>\nTizzoni erkletterten den Walkerpfeiler der Grandes Jorasses \u2013 gleichzeitig die<br \/>\nletzte bedeutende Route des Nordwandzeitalters.<br \/>\nDas neue Buch des AS Verlages dokumentiert diesen \u00fcberaus facettenreichen<br \/>\nAbschnitt der Klettergeschichte. Neben informativen Texten und Kurzportraits<br \/>\nder wichtigsten Alpinisten beeindrucken vor allem die mitunter bedrohlich<br \/>\nwirkenden, zahlreichen Schwarzweiss-Aufnahmen aus jener Zeit. Viele von ihnen<br \/>\nwerden nunmehr erstmals ver\u00f6ffentlicht.  <\/p>","protected":false},"excerpt":{"rendered":"<p>Die legend\u00e4re Nordwandtrilogie Matterhorn \u00b7 Grandes Jorasses \u00b7 Eiger Sie bilden die ber\u00fchmte Trilogie der Nordw\u00e4nde: die schattigen Abst\u00fcrze von Matterhorn, Grandes Jorasses und Eiger. Durch ihre turbulente und d\u00fcstere Ersteigungsgeschichte in den 1930er-Jahren haben sie bis heute eine Ausnahmestellung beibehalten. Sie wurden zum Inbegriff einer rasanten bergsteigerischen Epoche, in der vieles m\u00f6glich wurde, aber [&#8230;]\n","protected":false},"featured_media":28824,"template":"","meta":[],"product_brand":[],"product_cat":[21542],"product_tag":[],"class_list":{"0":"post-149430","1":"product","2":"type-product","3":"status-publish","4":"has-post-thumbnail","6":"product_cat-sachbuecher-dokumentationen","7":"pa_autor-rettner","8":"pa_erscheinungsjahr-21830","9":"pa_region-schweiz","10":"pa_sprache-de","12":"first","13":"instock","14":"taxable","15":"shipping-taxable","16":"purchasable","17":"product-type-simple"},"_links":{"self":[{"href":"https:\/\/pizbube.ch\/en\/wp-json\/wp\/v2\/product\/149430","targetHints":{"allow":["GET"]}}],"collection":[{"href":"https:\/\/pizbube.ch\/en\/wp-json\/wp\/v2\/product"}],"about":[{"href":"https:\/\/pizbube.ch\/en\/wp-json\/wp\/v2\/types\/product"}],"wp:featuredmedia":[{"embeddable":true,"href":"https:\/\/pizbube.ch\/en\/wp-json\/wp\/v2\/media\/28824"}],"wp:attachment":[{"href":"https:\/\/pizbube.ch\/en\/wp-json\/wp\/v2\/media?parent=149430"}],"wp:term":[{"taxonomy":"product_brand","embeddable":true,"href":"https:\/\/pizbube.ch\/en\/wp-json\/wp\/v2\/product_brand?post=149430"},{"taxonomy":"product_cat","embeddable":true,"href":"https:\/\/pizbube.ch\/en\/wp-json\/wp\/v2\/product_cat?post=149430"},{"taxonomy":"product_tag","embeddable":true,"href":"https:\/\/pizbube.ch\/en\/wp-json\/wp\/v2\/product_tag?post=149430"}],"curies":[{"name":"wp","href":"https:\/\/api.w.org\/{rel}","templated":true}]}}