{"id":149431,"date":"2021-01-15T10:59:36","date_gmt":"2021-01-15T10:59:36","guid":{"rendered":"https:\/\/codengine3.ch\/?product=import-placeholder-for-206234"},"modified":"2023-10-10T10:20:47","modified_gmt":"2023-10-10T08:20:47","slug":"speed-die-drei-grossen-nordwaende-der-alpen-in-rekordzeit","status":"publish","type":"product","link":"https:\/\/pizbube.ch\/en\/shop\/speed-die-drei-grossen-nordwaende-der-alpen-in-rekordzeit\/","title":{"rendered":"Speed &#8211; Die drei gro\u00dfen Nordw\u00e4nde der Alpen in Rekordzeit"},"content":{"rendered":"<p>Mit Gespr\u00e4chen mit Reinhold Messner, Walter Bonatti und Christoph Profit<\/p>\n<p>Ueli Steck hat die Grenzen des Kletterns verschoben. Kaum ein Alpinist ist an<br \/>\nden gro\u00dfen Eis- und Felsw\u00e4nden der Welt so dynamisch und risikobereit<br \/>\nunterwegs wie der sympathische junge Ausnahmebergsteiger aus dem Schweizer<br \/>\nEmmental.<\/p>\n<p>Seine spektakul\u00e4rste Leistung bisher: die Besteigung der drei gro\u00dfen<br \/>\nNordw\u00e4nde der Alpen in Rekordzeit. In knapp zwei Stunden durchstieg er die<br \/>\nMatterhorn-Nordwand, an den Grandes Jorasses stand er nach nur zwei Stunden<br \/>\nund 21 Minuten auf dem Gipfel, f\u00fcr die Eiger-Nordwand ben\u00f6tigte er keine drei<br \/>\nStunden.<\/p>\n<p>Erstmals l\u00e4sst er jetzt ein breites Publikum an seinen<br \/>\natemberaubenden Gipfelsprints teilhaben und schildert packend die<br \/>\nHerausforderungen, die es in den gro\u00dfen W\u00e4nden zu bew\u00e4ltigen gilt.<\/p>\n<p>5. Auflage 2011<\/p>","protected":false},"excerpt":{"rendered":"<p>Mit Gespr\u00e4chen mit Reinhold Messner, Walter Bonatti und Christoph Profit Ueli Steck hat die Grenzen des Kletterns verschoben. Kaum ein Alpinist ist an den gro\u00dfen Eis- und Felsw\u00e4nden der Welt so dynamisch und risikobereit unterwegs wie der sympathische junge Ausnahmebergsteiger aus dem Schweizer Emmental. Seine spektakul\u00e4rste Leistung bisher: die Besteigung der drei gro\u00dfen Nordw\u00e4nde der [&#8230;]\n","protected":false},"featured_media":35207,"template":"","meta":[],"product_brand":[],"product_cat":[21542],"product_tag":[],"class_list":{"0":"post-149431","1":"product","2":"type-product","3":"status-publish","4":"has-post-thumbnail","6":"product_cat-sachbuecher-dokumentationen","7":"pa_autor-steck","8":"pa_erscheinungsjahr-21610","9":"pa_region-schweiz","10":"pa_sprache-de","12":"first","13":"instock","14":"taxable","15":"shipping-taxable","16":"purchasable","17":"product-type-simple"},"_links":{"self":[{"href":"https:\/\/pizbube.ch\/en\/wp-json\/wp\/v2\/product\/149431","targetHints":{"allow":["GET"]}}],"collection":[{"href":"https:\/\/pizbube.ch\/en\/wp-json\/wp\/v2\/product"}],"about":[{"href":"https:\/\/pizbube.ch\/en\/wp-json\/wp\/v2\/types\/product"}],"wp:featuredmedia":[{"embeddable":true,"href":"https:\/\/pizbube.ch\/en\/wp-json\/wp\/v2\/media\/35207"}],"wp:attachment":[{"href":"https:\/\/pizbube.ch\/en\/wp-json\/wp\/v2\/media?parent=149431"}],"wp:term":[{"taxonomy":"product_brand","embeddable":true,"href":"https:\/\/pizbube.ch\/en\/wp-json\/wp\/v2\/product_brand?post=149431"},{"taxonomy":"product_cat","embeddable":true,"href":"https:\/\/pizbube.ch\/en\/wp-json\/wp\/v2\/product_cat?post=149431"},{"taxonomy":"product_tag","embeddable":true,"href":"https:\/\/pizbube.ch\/en\/wp-json\/wp\/v2\/product_tag?post=149431"}],"curies":[{"name":"wp","href":"https:\/\/api.w.org\/{rel}","templated":true}]}}