{"id":149432,"date":"2021-01-15T10:59:36","date_gmt":"2021-01-15T10:59:36","guid":{"rendered":"https:\/\/codengine3.ch\/?product=import-placeholder-for-206431"},"modified":"2021-01-15T14:48:54","modified_gmt":"2021-01-15T14:48:54","slug":"der-schnellste-mann-am-berg-dvd","status":"publish","type":"product","link":"https:\/\/pizbube.ch\/en\/shop\/der-schnellste-mann-am-berg-dvd\/","title":{"rendered":"Der schnellste Mann am Berg DVD"},"content":{"rendered":"<p>\nUeli Steck auf der Suche nach seinem Limit!  <\/p>\n<p>Er rennt die Eiger-Nordwand in 2.47 Stunden hoch &#8211; ohne Seil. Unter ihm f\u00e4llt<br \/>\ndie Felswand \u00fcber 1000 Meter in die Tiefe. Doch Ueli Steck, der Alleing\u00e4nger,<br \/>\nverliert die Nerven nicht. Ein Jahr lang hat sich Steck akribisch auf diese<br \/>\nknapp drei Stunden in seinem Leben vorbereitet.<\/p>\n<p>Das Portr\u00e4t eines aussergew\u00f6hnlichen Menschen, und eine Reise zu den sch\u00f6nsten<br \/>\nFelsen der Welt.<br \/>\nDauer: 50 min.  <\/p>","protected":false},"excerpt":{"rendered":"<ul>\n<li><a href=\"https:\/\/youtu.be\/llb1pjUi-Cg\" target=\"_blank\" rel=\"noopener\">Video: Making of Nordwand Trilogie Ueli Steck<\/a><\/li>\n<\/ul>","protected":false},"featured_media":35473,"template":"","meta":[],"product_brand":[],"product_cat":[21628],"product_tag":[],"class_list":{"0":"post-149432","1":"product","2":"type-product","3":"status-publish","4":"has-post-thumbnail","6":"product_cat-video-dvd-multimedia","7":"pa_autor-schwerzmann-sf","8":"pa_erscheinungsjahr-21610","9":"pa_region-schweiz","10":"pa_sprache-de","12":"first","13":"instock","14":"taxable","15":"shipping-taxable","16":"purchasable","17":"product-type-simple"},"_links":{"self":[{"href":"https:\/\/pizbube.ch\/en\/wp-json\/wp\/v2\/product\/149432","targetHints":{"allow":["GET"]}}],"collection":[{"href":"https:\/\/pizbube.ch\/en\/wp-json\/wp\/v2\/product"}],"about":[{"href":"https:\/\/pizbube.ch\/en\/wp-json\/wp\/v2\/types\/product"}],"wp:featuredmedia":[{"embeddable":true,"href":"https:\/\/pizbube.ch\/en\/wp-json\/wp\/v2\/media\/35473"}],"wp:attachment":[{"href":"https:\/\/pizbube.ch\/en\/wp-json\/wp\/v2\/media?parent=149432"}],"wp:term":[{"taxonomy":"product_brand","embeddable":true,"href":"https:\/\/pizbube.ch\/en\/wp-json\/wp\/v2\/product_brand?post=149432"},{"taxonomy":"product_cat","embeddable":true,"href":"https:\/\/pizbube.ch\/en\/wp-json\/wp\/v2\/product_cat?post=149432"},{"taxonomy":"product_tag","embeddable":true,"href":"https:\/\/pizbube.ch\/en\/wp-json\/wp\/v2\/product_tag?post=149432"}],"curies":[{"name":"wp","href":"https:\/\/api.w.org\/{rel}","templated":true}]}}