{"id":149434,"date":"2021-01-15T10:59:36","date_gmt":"2021-01-15T10:59:36","guid":{"rendered":"https:\/\/codengine3.ch\/?product=import-placeholder-for-207101"},"modified":"2021-01-15T14:55:10","modified_gmt":"2021-01-15T14:55:10","slug":"im-schatten-der-nordwand","status":"publish","type":"product","link":"https:\/\/pizbube.ch\/en\/shop\/im-schatten-der-nordwand\/","title":{"rendered":"Im Schatten der Nordwand"},"content":{"rendered":"<p>Triumph und Trag\u00f6die an Matterhorn \u2013 Eiger \u2013 Grandes Jorasses  <\/p>\n<p>Im Bergbuchklassiker &#8218;Die 3 letzten Probleme der Alpen&#8216; beschrieb der<br \/>\nunvergessene Anderl Heckmair, Erstbesteiger der Eiger Nordwand, die<br \/>\nFaszination der Nordw\u00e4nde von Matterhorn, Eiger und Grandes Jorasses.<\/p>\n<p>Uli Auffermann wirft nun einen aktuellen Blick auf die gro\u00dfen &#8218;Wandprobleme&#8216;<br \/>\nund erz\u00e4hlt anregend und spannungsreich von fr\u00fchen Begehungen und heutigen<br \/>\nFree-Solo-Durchstiegen, von Ver\u00e4nderungen der Ausr\u00fcstung und einer ewigen<br \/>\nKonstanten: der Leidenschaft f\u00fcr den Berg.  <\/p>","protected":false},"excerpt":{"rendered":"<p>Triumph und Trag\u00f6die an Matterhorn \u2013 Eiger \u2013 Grandes Jorasses Im Bergbuchklassiker &#8218;Die 3 letzten Probleme der Alpen&#8216; beschrieb der unvergessene Anderl Heckmair, Erstbesteiger der Eiger Nordwand, die Faszination der Nordw\u00e4nde von Matterhorn, Eiger und Grandes Jorasses. Uli Auffermann wirft nun einen aktuellen Blick auf die gro\u00dfen &#8218;Wandprobleme&#8216; und erz\u00e4hlt anregend und spannungsreich von fr\u00fchen [&#8230;]\n","protected":false},"featured_media":36707,"template":"","meta":[],"product_brand":[],"product_cat":[21542],"product_tag":[],"class_list":{"0":"post-149434","1":"product","2":"type-product","3":"status-publish","4":"has-post-thumbnail","6":"product_cat-sachbuecher-dokumentationen","7":"pa_autor-auffermann","8":"pa_erscheinungsjahr-21610","9":"pa_region-deutschland","10":"pa_sprache-de","12":"first","13":"outofstock","14":"taxable","15":"shipping-taxable","16":"purchasable","17":"product-type-simple"},"_links":{"self":[{"href":"https:\/\/pizbube.ch\/en\/wp-json\/wp\/v2\/product\/149434","targetHints":{"allow":["GET"]}}],"collection":[{"href":"https:\/\/pizbube.ch\/en\/wp-json\/wp\/v2\/product"}],"about":[{"href":"https:\/\/pizbube.ch\/en\/wp-json\/wp\/v2\/types\/product"}],"wp:featuredmedia":[{"embeddable":true,"href":"https:\/\/pizbube.ch\/en\/wp-json\/wp\/v2\/media\/36707"}],"wp:attachment":[{"href":"https:\/\/pizbube.ch\/en\/wp-json\/wp\/v2\/media?parent=149434"}],"wp:term":[{"taxonomy":"product_brand","embeddable":true,"href":"https:\/\/pizbube.ch\/en\/wp-json\/wp\/v2\/product_brand?post=149434"},{"taxonomy":"product_cat","embeddable":true,"href":"https:\/\/pizbube.ch\/en\/wp-json\/wp\/v2\/product_cat?post=149434"},{"taxonomy":"product_tag","embeddable":true,"href":"https:\/\/pizbube.ch\/en\/wp-json\/wp\/v2\/product_tag?post=149434"}],"curies":[{"name":"wp","href":"https:\/\/api.w.org\/{rel}","templated":true}]}}