{"id":149436,"date":"2021-01-15T10:59:36","date_gmt":"2021-01-15T10:59:36","guid":{"rendered":"https:\/\/codengine3.ch\/?product=import-placeholder-for-208183"},"modified":"2026-02-17T10:35:43","modified_gmt":"2026-02-17T09:35:43","slug":"zwischen-wildnis-und-freizeitpark","status":"publish","type":"product","link":"https:\/\/pizbube.ch\/en\/shop\/zwischen-wildnis-und-freizeitpark\/","title":{"rendered":"Zwischen Wildnis und Freizeitpark"},"content":{"rendered":"<p>Eine Streitschrift zur Zukunft der Alpen<\/p>\n<p>Die g\u00e4ngigen Zukunftsbilder fu\u0308r die europ\u00e4ische Gro\u00dfregion Alpen verhei\u00dfen<br \/>\nwenig Gutes. Wie es anders ginge, erkl\u00e4rt Werner B\u00e4tzing, einer der<br \/>\nrenommiertesten Alpenforscher Europas.<\/p>\n<p>Welche Zukunft fu\u0308r die Alpen?<br \/>\nEinst waren sich die gesellschaftlichen Interessengruppen aller Alpenstaaten<br \/>\neinig dar\u00fcber, dass die Alpen als wichtiger Teil des jeweiligen nationalen<br \/>\nLebens- und Wirtschaftsraums zu betrachten seien. Doch diese Einheit zerbricht<br \/>\nmit der Epochenwende des Jahres 1989 und dem Erstarken des neoliberalen<br \/>\nDenkens. Aber nach der Jahrtausendwende explodieren die Kontroversen, indem<br \/>\nmit Ideen wie \u00bbalpiner Brache\u00ab, \u00bbWildnis\u00ab, \u00bbWasserschloss\u00ab oder \u00bbFreizeitpark\u00ab<br \/>\ndie alten Alpen-Vorstellungen grunds\u00e4tzlich infrage gestellt und durch ganz<br \/>\nandere Zukunftsbilder ersetzt werden.<\/p>\n<p>Der bekannte Alpenforscher Werner B\u00e4tzing, Autor des Standardwerks Die Alpen<br \/>\n(vollst\u00e4ndige Neubearbeitung M\u00e4rz 2015), stellt in dieser Streitschrift<br \/>\npointiert die Leitideen der wichtigsten Alpen- Perspektiven dar, die<br \/>\ngegenw\u00e4rtig diskutiert werden, und bewertet sie kritisch im Hinblick auf die<br \/>\nmit ihnen verbundenen Auswirkungen auf die Alpen. Da B\u00e4tzing diese<br \/>\nAuswirkungen in allen F\u00e4llen als problematisch und bedenklich beurteilt &#8211;<br \/>\nVerlust von Lebens-, Wirtschafts-, Umweltqualit\u00e4t \u2013, skizziert er im letzten<br \/>\nTeil dieser Streitschrift eine ganz andere, eine \u00bbunzeitgem\u00e4\u00dfe\u00ab Perspektive<br \/>\nf\u00fcr die Alpen, in der die Alpen als dezentraler Lebens- und Wirtschaftsraum<br \/>\neine Zukunft erhalten sollen.<\/p>\n<p>154 Seiten; 16.8 \u00d7 10.7 cm, Broschur<br \/>\n2.Auflage 2017<\/p>","protected":false},"excerpt":{"rendered":"<p>Eine Streitschrift zur Zukunft der Alpen Die g\u00e4ngigen Zukunftsbilder fu\u0308r die europ\u00e4ische Gro\u00dfregion Alpen verhei\u00dfen wenig Gutes. Wie es anders ginge, erkl\u00e4rt Werner B\u00e4tzing, einer der renommiertesten Alpenforscher Europas. Welche Zukunft fu\u0308r die Alpen? Einst waren sich die gesellschaftlichen Interessengruppen aller Alpenstaaten einig dar\u00fcber, dass die Alpen als wichtiger Teil des jeweiligen nationalen Lebens- und [&#8230;]\n","protected":false},"featured_media":183208,"template":"","meta":[],"product_brand":[],"product_cat":[21542],"product_tag":[],"class_list":{"0":"post-149436","1":"product","2":"type-product","3":"status-publish","4":"has-post-thumbnail","6":"product_cat-sachbuecher-dokumentationen","7":"pa_autor-baetzing","8":"pa_erscheinungsjahr-21574","9":"pa_region-schweiz","10":"pa_sprache-de","12":"first","13":"instock","14":"taxable","15":"shipping-taxable","16":"purchasable","17":"product-type-simple"},"_links":{"self":[{"href":"https:\/\/pizbube.ch\/en\/wp-json\/wp\/v2\/product\/149436","targetHints":{"allow":["GET"]}}],"collection":[{"href":"https:\/\/pizbube.ch\/en\/wp-json\/wp\/v2\/product"}],"about":[{"href":"https:\/\/pizbube.ch\/en\/wp-json\/wp\/v2\/types\/product"}],"wp:featuredmedia":[{"embeddable":true,"href":"https:\/\/pizbube.ch\/en\/wp-json\/wp\/v2\/media\/183208"}],"wp:attachment":[{"href":"https:\/\/pizbube.ch\/en\/wp-json\/wp\/v2\/media?parent=149436"}],"wp:term":[{"taxonomy":"product_brand","embeddable":true,"href":"https:\/\/pizbube.ch\/en\/wp-json\/wp\/v2\/product_brand?post=149436"},{"taxonomy":"product_cat","embeddable":true,"href":"https:\/\/pizbube.ch\/en\/wp-json\/wp\/v2\/product_cat?post=149436"},{"taxonomy":"product_tag","embeddable":true,"href":"https:\/\/pizbube.ch\/en\/wp-json\/wp\/v2\/product_tag?post=149436"}],"curies":[{"name":"wp","href":"https:\/\/api.w.org\/{rel}","templated":true}]}}