{"id":149437,"date":"2021-01-15T10:59:36","date_gmt":"2021-01-15T10:59:36","guid":{"rendered":"https:\/\/codengine3.ch\/?product=import-placeholder-for-207880"},"modified":"2023-10-04T16:42:50","modified_gmt":"2023-10-04T14:42:50","slug":"urtuemliche-bergtaeler-der-schweiz","status":"publish","type":"product","link":"https:\/\/pizbube.ch\/en\/shop\/urtuemliche-bergtaeler-der-schweiz\/","title":{"rendered":"Urt\u00fcmliche Bergt\u00e4ler der Schweiz"},"content":{"rendered":"<p>Geschichte, Natur, Kultur &#8211; Mit 45 Wanderungen, \u00dcbernachtungs- und<br \/>\nEinkehrm\u00f6glichkeiten sowie Bezugsquellen f\u00fcr regionale Produkte.<\/p>\n<p>Die Schweiz ist reich an eindr\u00fccklichen Bergt\u00e4lern. Auch an solchen, die sich<br \/>\nabseits der ausgetretenen Pfade befinden und ihre Nat\u00fcrlichkeit weitgehend<br \/>\nbewahren konnten. Binntal, Valle di Muggio, Safiental, Valle Onsernone, Val<br \/>\nFerret oder Calanca gelten als Sehnsuchtsorte und Traumlandschaften. Was sie<br \/>\nbesonders faszinierend macht, ist die Kombination aus starker Urt\u00fcmlichkeit<br \/>\nund reizvollen Kulturlandschaften.<\/p>\n<p>In diesem grossz\u00fcgig illustrierten Band stellt der Alpenkenner Marco Volken<br \/>\neinige der sch\u00f6nsten urt\u00fcmlichen T\u00e4ler vor. Er entwirft lebendige Portr\u00e4ts der<br \/>\nLandschaften, zeigt deren Besonderheiten auf, interessiert sich f\u00fcr die<br \/>\nans\u00e4ssigen Menschen. Und richtet den Blick auch auf Details und vergessene<br \/>\nGeschichten.<\/p>\n<p>Das Buch umfasst einen ausf\u00fchrlichen Serviceteil mit Wandervorschl\u00e4gen,<br \/>\ntouristischen Informationen, Hinweisen auf \u00dcbernachtungs- und<br \/>\nEinkehrm\u00f6glichkeiten sowie Bezugsquellen f\u00fcr regionale Produkte.<\/p>\n<p>Gebunden; 224 Seiten<br \/>\nFormat: 21 cm x 28 cm<\/p>","protected":false},"excerpt":{"rendered":"<ul>\n<li><strong><a href=\"https:\/\/pizbube.ch\/wp-content\/uploads\/attachments\/a_027\/B010615BA77422007134E54D77F0CCB5.pdf\" target=\"_blank\" rel=\"noopener\">PDF: Leseprobe_Urt\u00fcmliche_Bergt\u00e4ler<\/a><\/strong><\/li>\n<\/ul>","protected":false},"featured_media":169763,"template":"","meta":[],"product_brand":[],"product_cat":[21542],"product_tag":[],"class_list":{"0":"post-149437","1":"product","2":"type-product","3":"status-publish","4":"has-post-thumbnail","6":"product_cat-sachbuecher-dokumentationen","7":"pa_autor-volken","8":"pa_erscheinungsjahr-21558","9":"pa_region-schweiz","10":"pa_sprache-de","12":"first","13":"instock","14":"taxable","15":"shipping-taxable","16":"purchasable","17":"product-type-simple"},"_links":{"self":[{"href":"https:\/\/pizbube.ch\/en\/wp-json\/wp\/v2\/product\/149437","targetHints":{"allow":["GET"]}}],"collection":[{"href":"https:\/\/pizbube.ch\/en\/wp-json\/wp\/v2\/product"}],"about":[{"href":"https:\/\/pizbube.ch\/en\/wp-json\/wp\/v2\/types\/product"}],"wp:featuredmedia":[{"embeddable":true,"href":"https:\/\/pizbube.ch\/en\/wp-json\/wp\/v2\/media\/169763"}],"wp:attachment":[{"href":"https:\/\/pizbube.ch\/en\/wp-json\/wp\/v2\/media?parent=149437"}],"wp:term":[{"taxonomy":"product_brand","embeddable":true,"href":"https:\/\/pizbube.ch\/en\/wp-json\/wp\/v2\/product_brand?post=149437"},{"taxonomy":"product_cat","embeddable":true,"href":"https:\/\/pizbube.ch\/en\/wp-json\/wp\/v2\/product_cat?post=149437"},{"taxonomy":"product_tag","embeddable":true,"href":"https:\/\/pizbube.ch\/en\/wp-json\/wp\/v2\/product_tag?post=149437"}],"curies":[{"name":"wp","href":"https:\/\/api.w.org\/{rel}","templated":true}]}}