{"id":149438,"date":"2021-01-15T10:59:36","date_gmt":"2021-01-15T10:59:36","guid":{"rendered":"https:\/\/codengine3.ch\/?product=import-placeholder-for-207685"},"modified":"2021-01-15T16:05:56","modified_gmt":"2021-01-15T16:05:56","slug":"der-atem-der-berge","status":"publish","type":"product","link":"https:\/\/pizbube.ch\/en\/shop\/der-atem-der-berge\/","title":{"rendered":"Der Atem der Berge"},"content":{"rendered":"<p>Steilste W\u00e4nde, schneebedeckte Gipfel, ausgesetzte Grate und schauderhaft-<br \/>\nsch\u00f6ne Lichtstimmungen &#8211; dieser Bildband feiert die Berge aller Kontinente der<br \/>\nErde mit spektakul\u00e4ren Aufnahmen von Matterhorn, Mont Blanc und Marmolata, von<br \/>\nden Alpen \u00fcber die Anden bis zur Antarktis. Aufgenommen und betextet von den<br \/>\nBesten der Besten: den International Mountain Summit Fotografen, passionierten<br \/>\nund preisgekr\u00f6nten Bergfotografen.<\/p>","protected":false},"excerpt":{"rendered":"<p>Steilste W\u00e4nde, schneebedeckte Gipfel, ausgesetzte Grate und schauderhaft- sch\u00f6ne Lichtstimmungen &#8211; dieser Bildband feiert die Berge aller Kontinente der Erde mit spektakul\u00e4ren Aufnahmen von Matterhorn, Mont Blanc und Marmolata, von den Alpen \u00fcber die Anden bis zur Antarktis. Aufgenommen und betextet von den Besten der Besten: den International Mountain Summit Fotografen, passionierten und preisgekr\u00f6nten Bergfotografen.<\/p>","protected":false},"featured_media":38158,"template":"","meta":[],"product_brand":[],"product_cat":[21542],"product_tag":[],"class_list":{"0":"post-149438","1":"product","2":"type-product","3":"status-publish","4":"has-post-thumbnail","6":"product_cat-sachbuecher-dokumentationen","7":"pa_autor-international-mountain-summit","8":"pa_erscheinungsjahr-21571","9":"pa_region-deutschland","10":"pa_sprache-de","12":"first","13":"instock","14":"taxable","15":"shipping-taxable","16":"purchasable","17":"product-type-simple"},"_links":{"self":[{"href":"https:\/\/pizbube.ch\/en\/wp-json\/wp\/v2\/product\/149438","targetHints":{"allow":["GET"]}}],"collection":[{"href":"https:\/\/pizbube.ch\/en\/wp-json\/wp\/v2\/product"}],"about":[{"href":"https:\/\/pizbube.ch\/en\/wp-json\/wp\/v2\/types\/product"}],"wp:featuredmedia":[{"embeddable":true,"href":"https:\/\/pizbube.ch\/en\/wp-json\/wp\/v2\/media\/38158"}],"wp:attachment":[{"href":"https:\/\/pizbube.ch\/en\/wp-json\/wp\/v2\/media?parent=149438"}],"wp:term":[{"taxonomy":"product_brand","embeddable":true,"href":"https:\/\/pizbube.ch\/en\/wp-json\/wp\/v2\/product_brand?post=149438"},{"taxonomy":"product_cat","embeddable":true,"href":"https:\/\/pizbube.ch\/en\/wp-json\/wp\/v2\/product_cat?post=149438"},{"taxonomy":"product_tag","embeddable":true,"href":"https:\/\/pizbube.ch\/en\/wp-json\/wp\/v2\/product_tag?post=149438"}],"curies":[{"name":"wp","href":"https:\/\/api.w.org\/{rel}","templated":true}]}}