{"id":149439,"date":"2021-01-15T10:59:36","date_gmt":"2021-01-15T10:59:36","guid":{"rendered":"https:\/\/codengine3.ch\/?product=import-placeholder-for-206865"},"modified":"2021-01-15T14:52:49","modified_gmt":"2021-01-15T14:52:49","slug":"kunstwerk-alpen","status":"publish","type":"product","link":"https:\/\/pizbube.ch\/en\/shop\/kunstwerk-alpen\/","title":{"rendered":"Kunstwerk Alpen"},"content":{"rendered":"<p>Vor etwa zwei Millionen Jahren begannen die Gletscher der Eiszeit dem Gebirge<br \/>\nseine heutige Form zu geben. Die Alpen wachsen noch immer pro Jahr um etwa<br \/>\neinen Millimeter in die H\u00f6he. Doch sie sind auch dem Zerfall preisgegeben.<br \/>\nK\u00e4lte und Hitze machen den Fels m\u00fcrbe, Regenwasser sp\u00fclt ihn aus. Felstr\u00fcmmer<br \/>\npoltern aus Steilw\u00e4nden zu Tal. Gletscherzungen und Wildb\u00e4che transportieren<br \/>\nden Schutt ab und fressen sich immer tiefer ins Gestein. Dabei werden Spuren<br \/>\nfreigelegt, an denen sich die Geschichte der Alpen ablesen l\u00e4sst. Der<br \/>\nrenommierte Fotograf Bernhard Edmaier hat Flugbilder von ausgew\u00e4hlten Orten<br \/>\naufgenommen, die den komplexen und kunstvollen Aufbau des Gebirges<br \/>\nwiderspiegeln und den heutigen Zustand dieses seit Jahrmillionen andauernden<br \/>\nEntstehungsprozesses veranschaulichen.  <\/p>","protected":false},"excerpt":{"rendered":"<ul>\n<li><a href=\"https:\/\/pizbube.ch\/wp-content\/uploads\/attachments\/a_031\/F271BA18A15B05CBAD4A6043452F5991.pdf\" target=\"_blank\" rel=\"noopener\">PDF: Kunstwerk Alpen<\/a><\/li>\n<\/ul>","protected":false},"featured_media":36304,"template":"","meta":[],"product_brand":[],"product_cat":[21542],"product_tag":[],"class_list":{"0":"post-149439","1":"product","2":"type-product","3":"status-publish","4":"has-post-thumbnail","6":"product_cat-sachbuecher-dokumentationen","7":"pa_autor-edmaier","8":"pa_erscheinungsjahr-21621","9":"pa_region-deutschland","10":"pa_sprache-de","12":"first","13":"instock","14":"taxable","15":"shipping-taxable","16":"purchasable","17":"product-type-simple"},"_links":{"self":[{"href":"https:\/\/pizbube.ch\/en\/wp-json\/wp\/v2\/product\/149439","targetHints":{"allow":["GET"]}}],"collection":[{"href":"https:\/\/pizbube.ch\/en\/wp-json\/wp\/v2\/product"}],"about":[{"href":"https:\/\/pizbube.ch\/en\/wp-json\/wp\/v2\/types\/product"}],"wp:featuredmedia":[{"embeddable":true,"href":"https:\/\/pizbube.ch\/en\/wp-json\/wp\/v2\/media\/36304"}],"wp:attachment":[{"href":"https:\/\/pizbube.ch\/en\/wp-json\/wp\/v2\/media?parent=149439"}],"wp:term":[{"taxonomy":"product_brand","embeddable":true,"href":"https:\/\/pizbube.ch\/en\/wp-json\/wp\/v2\/product_brand?post=149439"},{"taxonomy":"product_cat","embeddable":true,"href":"https:\/\/pizbube.ch\/en\/wp-json\/wp\/v2\/product_cat?post=149439"},{"taxonomy":"product_tag","embeddable":true,"href":"https:\/\/pizbube.ch\/en\/wp-json\/wp\/v2\/product_tag?post=149439"}],"curies":[{"name":"wp","href":"https:\/\/api.w.org\/{rel}","templated":true}]}}