{"id":149440,"date":"2021-01-15T10:59:36","date_gmt":"2021-01-15T10:59:36","guid":{"rendered":"https:\/\/codengine3.ch\/?product=import-placeholder-for-207947"},"modified":"2021-01-15T17:48:29","modified_gmt":"2021-01-15T17:48:29","slug":"geocaching-2","status":"publish","type":"product","link":"https:\/\/pizbube.ch\/en\/shop\/geocaching-2\/","title":{"rendered":"Geocaching"},"content":{"rendered":"<p>Praxiswissen vom Profi zu Ausr\u00fcstung, Cache-Arten und Suche<\/p>\n<p>Das neue Trendhobby hei\u00dft Geocaching. Wie die moderne Schatzsuche<br \/>\nfunktioniert, wie man dabei Denksport, Kreativit\u00e4t und Abenteuer<br \/>\nfamilienfreundlich verbindet und welche Ausr\u00fcstung neben einem GPS-Ger\u00e4t n\u00f6tig<br \/>\nist, wei\u00df dieses Praxishandbuch vom Geocaching-Profi. Es hilft Neulingen beim<br \/>\nEinstieg ins Hobby und zeigt Fortgeschrittenen, wie sie einen eigenen Cache<br \/>\nlegen. Anschaulich, topaktuell, mit praktischen Checklisten und R\u00e4tselhilfen.<\/p>\n<p>Wie man mit GPS-Ger\u00e4t oder Smartphone in der freien Natur und in der Stadt auf<br \/>\nSchatzsuche gehen kann und wie man dabei Denksport, Kreativit\u00e4t und Abenteuer<br \/>\nfamilienfreundlich verbindet, erkl\u00e4rt dieses reich bebilderte Praxishandbuch.<br \/>\nEinsteiger erfahren, wie Geocaching funktioniert und welche Ausr\u00fcstung n\u00f6tig<br \/>\nist, Fortgeschrittene lernen, einen eigenen Cache zu verstecken. Mit<br \/>\npraktischen Checklisten und handfesten R\u00e4tselhilfen.<\/p>\n<p>192 Seiten, ca. 200 Abbildungen, Format 16,5 x 23,5 cm, Broschur mit<br \/>\nFadenheftung<\/p>","protected":false},"excerpt":{"rendered":"<p>Praxiswissen vom Profi zu Ausr\u00fcstung, Cache-Arten und Suche Das neue Trendhobby hei\u00dft Geocaching. Wie die moderne Schatzsuche funktioniert, wie man dabei Denksport, Kreativit\u00e4t und Abenteuer familienfreundlich verbindet und welche Ausr\u00fcstung neben einem GPS-Ger\u00e4t n\u00f6tig ist, wei\u00df dieses Praxishandbuch vom Geocaching-Profi. Es hilft Neulingen beim Einstieg ins Hobby und zeigt Fortgeschrittenen, wie sie einen eigenen Cache [&#8230;]\n","protected":false},"featured_media":38898,"template":"","meta":[],"product_brand":[],"product_cat":[21538],"product_tag":[],"class_list":{"0":"post-149440","1":"product","2":"type-product","3":"status-publish","4":"has-post-thumbnail","6":"product_cat-lehrbuecher","7":"pa_autor-ewers","8":"pa_erscheinungsjahr-21568","9":"pa_region-orientierung-wetter-ausbildung","10":"pa_sprache-de","12":"first","13":"instock","14":"taxable","15":"shipping-taxable","16":"purchasable","17":"product-type-simple"},"_links":{"self":[{"href":"https:\/\/pizbube.ch\/en\/wp-json\/wp\/v2\/product\/149440","targetHints":{"allow":["GET"]}}],"collection":[{"href":"https:\/\/pizbube.ch\/en\/wp-json\/wp\/v2\/product"}],"about":[{"href":"https:\/\/pizbube.ch\/en\/wp-json\/wp\/v2\/types\/product"}],"wp:featuredmedia":[{"embeddable":true,"href":"https:\/\/pizbube.ch\/en\/wp-json\/wp\/v2\/media\/38898"}],"wp:attachment":[{"href":"https:\/\/pizbube.ch\/en\/wp-json\/wp\/v2\/media?parent=149440"}],"wp:term":[{"taxonomy":"product_brand","embeddable":true,"href":"https:\/\/pizbube.ch\/en\/wp-json\/wp\/v2\/product_brand?post=149440"},{"taxonomy":"product_cat","embeddable":true,"href":"https:\/\/pizbube.ch\/en\/wp-json\/wp\/v2\/product_cat?post=149440"},{"taxonomy":"product_tag","embeddable":true,"href":"https:\/\/pizbube.ch\/en\/wp-json\/wp\/v2\/product_tag?post=149440"}],"curies":[{"name":"wp","href":"https:\/\/api.w.org\/{rel}","templated":true}]}}