{"id":149441,"date":"2021-01-15T10:59:36","date_gmt":"2021-01-15T10:59:36","guid":{"rendered":"https:\/\/codengine3.ch\/?product=import-placeholder-for-200880"},"modified":"2021-01-15T11:01:44","modified_gmt":"2021-01-15T11:01:44","slug":"karten-lesen","status":"publish","type":"product","link":"https:\/\/pizbube.ch\/en\/shop\/karten-lesen\/","title":{"rendered":"Karten lesen"},"content":{"rendered":"<p>Handbuch zu den Landeskarten der Schweiz  <\/p>\n<p>Gemeinschaftsausgabe Schweizer Alpen-Club SAC und Bundesamt f\u00fcr<br \/>\nLandestopografie swisstopo.<br \/>\nEin vollst\u00e4ndig neu \u00fcberarbeitetes, aktuelles Lern- und Lehrbuch f\u00fcr<br \/>\nEinsteiger ins Kartenlesen und in die Anwendung der digitalen Karten, f\u00fcr<br \/>\nKartenben\u00fctzer mit Erfahrung und f\u00fcr Profis.<\/p>\n<p>Sich orientieren in unbekanntem Gel\u00e4nde stellt zus\u00e4tzliche Anforderungen, sei<br \/>\nes auf der Wanderung, der Berg-, Velo- oder Biketour. Auch im Zeitalter des<br \/>\nGPS hat das Kartenlesen eine grosse Bedeutung und wird im Buch entsprechend<br \/>\nbehandelt.  <\/p>\n<p>3. vollst\u00e4ndig \u00fcberarbeitete Auflage  <\/p>","protected":false},"excerpt":{"rendered":"<ul>\n<li><b>INFO: LAUT VERLAG KEINE NEUAUFLAGE<b><\/li>\n<\/ul>","protected":false},"featured_media":27980,"template":"","meta":[],"product_brand":[],"product_cat":[21538],"product_tag":[],"class_list":{"0":"post-149441","1":"product","2":"type-product","3":"status-publish","4":"has-post-thumbnail","6":"product_cat-lehrbuecher","7":"pa_autor-gurtner","8":"pa_erscheinungsjahr-21610","9":"pa_region-orientierung-wetter-ausbildung","10":"pa_sprache-de","12":"first","13":"outofstock","14":"taxable","15":"shipping-taxable","16":"purchasable","17":"product-type-simple"},"_links":{"self":[{"href":"https:\/\/pizbube.ch\/en\/wp-json\/wp\/v2\/product\/149441","targetHints":{"allow":["GET"]}}],"collection":[{"href":"https:\/\/pizbube.ch\/en\/wp-json\/wp\/v2\/product"}],"about":[{"href":"https:\/\/pizbube.ch\/en\/wp-json\/wp\/v2\/types\/product"}],"wp:featuredmedia":[{"embeddable":true,"href":"https:\/\/pizbube.ch\/en\/wp-json\/wp\/v2\/media\/27980"}],"wp:attachment":[{"href":"https:\/\/pizbube.ch\/en\/wp-json\/wp\/v2\/media?parent=149441"}],"wp:term":[{"taxonomy":"product_brand","embeddable":true,"href":"https:\/\/pizbube.ch\/en\/wp-json\/wp\/v2\/product_brand?post=149441"},{"taxonomy":"product_cat","embeddable":true,"href":"https:\/\/pizbube.ch\/en\/wp-json\/wp\/v2\/product_cat?post=149441"},{"taxonomy":"product_tag","embeddable":true,"href":"https:\/\/pizbube.ch\/en\/wp-json\/wp\/v2\/product_tag?post=149441"}],"curies":[{"name":"wp","href":"https:\/\/api.w.org\/{rel}","templated":true}]}}