{"id":149444,"date":"2021-01-15T10:59:42","date_gmt":"2021-01-15T10:59:42","guid":{"rendered":"https:\/\/codengine3.ch\/?product=import-placeholder-for-200664"},"modified":"2023-01-20T12:38:16","modified_gmt":"2023-01-20T11:38:16","slug":"skitouren-im-dreilaendereck","status":"publish","type":"product","link":"https:\/\/pizbube.ch\/en\/shop\/skitouren-im-dreilaendereck\/","title":{"rendered":"Skitouren im Dreil\u00e4ndereck"},"content":{"rendered":"<p>Unterwegs im Obervinschgau, M\u00fcnstertal und um Nauders<br \/>\nS\u00fcdtirol &#8211; Graub\u00fcnden &#8211; Tirol<\/p>\n<p>Dieser Gebietsf\u00fchrer f\u00fcr die Gebiete im Dreil\u00e4ndereck \u00d6sterreich, Schweiz und<br \/>\nS\u00fcdtirol beeindruckt mit spektakul\u00e4ren und informativen Luftbildern mit genau<br \/>\neingezeichneten Routen. Der Skitourenf\u00fchrer umfasst dabei Touren in den<br \/>\nGebieten: Nauders, Langtaufers, Rojen, Planeil und Matsch, Sesvenna,<br \/>\nM\u00fcnstertal und Trafoi, Stilfs und Sulden.<\/p>\n<p>Dieser Band umfasst 94 Touren im Dreil\u00e4ndereck: jede Tour enth\u00e4lt die<br \/>\nwichtigsten Daten wie Anfahrt, Ausgangspunkt, Parkm\u00f6glichkeiten,<br \/>\nAufstiegszeit, H\u00f6henunterschied, Kartenmaterial, Skitechnische und<br \/>\nAlpintechnische Schwierigkeit sowie eine detaillierte Routenbeschreibung, die<br \/>\nmit einer phantastischen Luftbildaufnahme f\u00fcr jede Tour vervollst\u00e4ndigt wird<\/p>","protected":false},"excerpt":{"rendered":"<p>Unterwegs im Obervinschgau, M\u00fcnstertal und um Nauders S\u00fcdtirol &#8211; Graub\u00fcnden &#8211; Tirol Dieser Gebietsf\u00fchrer f\u00fcr die Gebiete im Dreil\u00e4ndereck \u00d6sterreich, Schweiz und S\u00fcdtirol beeindruckt mit spektakul\u00e4ren und informativen Luftbildern mit genau eingezeichneten Routen. Der Skitourenf\u00fchrer umfasst dabei Touren in den Gebieten: Nauders, Langtaufers, Rojen, Planeil und Matsch, Sesvenna, M\u00fcnstertal und Trafoi, Stilfs und Sulden. Dieser [&#8230;]\n","protected":false},"featured_media":27542,"template":"","meta":[],"product_brand":[],"product_cat":[21540],"product_tag":[],"class_list":{"0":"post-149444","1":"product","2":"type-product","3":"status-publish","4":"has-post-thumbnail","6":"product_cat-fuehrerliteratur-alpin-winter","7":"pa_autor-koessler","8":"pa_erscheinungsjahr-21621","9":"pa_region-italien","10":"pa_sprache-de","12":"first","13":"outofstock","14":"taxable","15":"shipping-taxable","16":"purchasable","17":"product-type-simple"},"_links":{"self":[{"href":"https:\/\/pizbube.ch\/en\/wp-json\/wp\/v2\/product\/149444","targetHints":{"allow":["GET"]}}],"collection":[{"href":"https:\/\/pizbube.ch\/en\/wp-json\/wp\/v2\/product"}],"about":[{"href":"https:\/\/pizbube.ch\/en\/wp-json\/wp\/v2\/types\/product"}],"wp:featuredmedia":[{"embeddable":true,"href":"https:\/\/pizbube.ch\/en\/wp-json\/wp\/v2\/media\/27542"}],"wp:attachment":[{"href":"https:\/\/pizbube.ch\/en\/wp-json\/wp\/v2\/media?parent=149444"}],"wp:term":[{"taxonomy":"product_brand","embeddable":true,"href":"https:\/\/pizbube.ch\/en\/wp-json\/wp\/v2\/product_brand?post=149444"},{"taxonomy":"product_cat","embeddable":true,"href":"https:\/\/pizbube.ch\/en\/wp-json\/wp\/v2\/product_cat?post=149444"},{"taxonomy":"product_tag","embeddable":true,"href":"https:\/\/pizbube.ch\/en\/wp-json\/wp\/v2\/product_tag?post=149444"}],"curies":[{"name":"wp","href":"https:\/\/api.w.org\/{rel}","templated":true}]}}