{"id":149445,"date":"2021-01-15T10:59:42","date_gmt":"2021-01-15T10:59:42","guid":{"rendered":"https:\/\/codengine3.ch\/?product=import-placeholder-for-203700"},"modified":"2021-01-15T14:25:48","modified_gmt":"2021-01-15T14:25:48","slug":"mountainbikeguide-reschenpass-nauders","status":"publish","type":"product","link":"https:\/\/pizbube.ch\/en\/shop\/mountainbikeguide-reschenpass-nauders\/","title":{"rendered":"MountainBikeGuide Reschenpass Nauders"},"content":{"rendered":"<p>Die Lage im Dreil\u00e4ndereck \u00d6sterreich, Italien und der Schweiz er\u00f6ffnet in der<br \/>\nRegion rund um den Tiroler Ort Nauders ein reiches Angebot verschiedenster<br \/>\nMountainbike-Touren aller Schwierigkeitsgrade, inmitten einer atemberaubenden<br \/>\nBergwelt. Die 24 genau beschriebenen und klassifizierten Touren erstrecken<br \/>\nsich \u00fcber die Teilgebiete Nauders, Reschen und Pfunds.<br \/>\nRingbuch, mit Karten, Ortspl\u00e4nen, H\u00f6henprofilen, Wegklassifikation,<br \/>\nUnterkunftsverzeichnis, Ortsindex 170 S.<\/p>","protected":false},"excerpt":{"rendered":"<p>Die Lage im Dreil\u00e4ndereck \u00d6sterreich, Italien und der Schweiz er\u00f6ffnet in der Region rund um den Tiroler Ort Nauders ein reiches Angebot verschiedenster Mountainbike-Touren aller Schwierigkeitsgrade, inmitten einer atemberaubenden Bergwelt. Die 24 genau beschriebenen und klassifizierten Touren erstrecken sich \u00fcber die Teilgebiete Nauders, Reschen und Pfunds. Ringbuch, mit Karten, Ortspl\u00e4nen, H\u00f6henprofilen, Wegklassifikation, Unterkunftsverzeichnis, Ortsindex 170 [&#8230;]\n","protected":false},"featured_media":31363,"template":"","meta":[],"product_brand":[],"product_cat":[21606],"product_tag":[],"class_list":{"0":"post-149445","1":"product","2":"type-product","3":"status-publish","4":"has-post-thumbnail","6":"product_cat-mountainbikefuehrer","7":"pa_autor-esterbauer","8":"pa_erscheinungsjahr-21776","9":"pa_region-italien","10":"pa_sprache-d","11":"pa_sprache-i","13":"first","14":"instock","15":"taxable","16":"shipping-taxable","17":"purchasable","18":"product-type-simple"},"_links":{"self":[{"href":"https:\/\/pizbube.ch\/en\/wp-json\/wp\/v2\/product\/149445","targetHints":{"allow":["GET"]}}],"collection":[{"href":"https:\/\/pizbube.ch\/en\/wp-json\/wp\/v2\/product"}],"about":[{"href":"https:\/\/pizbube.ch\/en\/wp-json\/wp\/v2\/types\/product"}],"wp:featuredmedia":[{"embeddable":true,"href":"https:\/\/pizbube.ch\/en\/wp-json\/wp\/v2\/media\/31363"}],"wp:attachment":[{"href":"https:\/\/pizbube.ch\/en\/wp-json\/wp\/v2\/media?parent=149445"}],"wp:term":[{"taxonomy":"product_brand","embeddable":true,"href":"https:\/\/pizbube.ch\/en\/wp-json\/wp\/v2\/product_brand?post=149445"},{"taxonomy":"product_cat","embeddable":true,"href":"https:\/\/pizbube.ch\/en\/wp-json\/wp\/v2\/product_cat?post=149445"},{"taxonomy":"product_tag","embeddable":true,"href":"https:\/\/pizbube.ch\/en\/wp-json\/wp\/v2\/product_tag?post=149445"}],"curies":[{"name":"wp","href":"https:\/\/api.w.org\/{rel}","templated":true}]}}