{"id":149447,"date":"2021-01-15T10:59:42","date_gmt":"2021-01-15T10:59:42","guid":{"rendered":"https:\/\/codengine3.ch\/?product=import-placeholder-for-203070"},"modified":"2026-01-06T11:20:00","modified_gmt":"2026-01-06T10:20:00","slug":"grenzland-bergell","status":"publish","type":"product","link":"https:\/\/pizbube.ch\/en\/shop\/grenzland-bergell\/","title":{"rendered":"Grenzland Bergell"},"content":{"rendered":"<p>Unbekanntes Bergell<\/p>\n<p>Von der Maloja-Passh\u00f6he f\u00e4llt das Bergell zwischen granitenen W\u00e4nden mit<br \/>\nklingenden Namen steil ab und findet wenige Kilometer und gute 1500 H\u00f6henmeter<br \/>\nweiter unten, in Italien, mit dem St\u00e4dtchen Chiavenna wieder einen H\u00f6hepunkt.<\/p>\n<p>Ursula Bauer und J\u00fcrg Frischknecht haben sich zu Fu\u00df auf den Weg ins gelobte<br \/>\nLand von Sonnenhungrigen, S\u00fcdland-Schw\u00e4rmern, wanderfreudigen Schlemmern und<br \/>\nGipfelst\u00fcrmern gemacht. Und ins Bergell der Bergeller, diesseits und jenseits<br \/>\nder Grenze, die das Tal praktisch halbiert in einen italienischen und einen<br \/>\nschweizerischen Teil. Grenzland.<\/p>\n<p>Bauer und Frischknecht wandern gem\u00fctlich auf dem Sentiero storico von Maloja<br \/>\nnach Chiavenna, pilgern mit vielen andern nach Soglio, Giovanni Segantinis<br \/>\nSchwelle zum Paradies, stellen einen neuen, f\u00fcnft\u00e4gigen Sentiero panoramico<br \/>\n\u00fcber die Monti vor und eine mehrt\u00e4gige Via alta, die \u00fcber Aussichtsgipfel und<br \/>\neinsame Hocht\u00e4ler zieht. Sie machen Abstecher in Seitent\u00e4ler und \u00fcber alte<br \/>\nP\u00e4sse \u2013 und haben auch f\u00fcr den Winter ein paar Wandervorschl\u00e4ge.<\/p>\n<p>Andrea Garbald, erster und bislang einziger Berufsfotograf des Tals, r\u00fcckt das<br \/>\nBergell des fr\u00fchen 20. Jahrhunderts ins rechte Licht. Das Buch erz\u00e4hlt auch<br \/>\ndie Geschichte der eigen- und einzigartigen Familie Garbald. Aber auch von<br \/>\n\u00e4ngstlichen Gipfelst\u00fcrmern, Pfarrherren, Zuckerb\u00e4ckern, Bierbrauern,<br \/>\nBiobauern, Bergf\u00fchrerinnen, Hotelspekulanten und Talpolitikern wird berichtet.<br \/>\nUnd schlie\u00dflich: Kein Restaurant und kein Hotel bleibt links liegen \u2013 von<br \/>\nMaloja bis Chiavenna immerhin 34 Adressen.<\/p>\n<p>5. aktualis. Auflg. 2017<br \/>\n368 Seiten, 20.4 \u00d7 13.5 cm, Klappenbroschur<\/p>\n<p>Mit sw-Fotos von Andrea Garbald<br \/>\nRoutenskizzen und Serviceteil<\/p>","protected":false},"excerpt":{"rendered":"<p>Unbekanntes Bergell Von der Maloja-Passh\u00f6he f\u00e4llt das Bergell zwischen granitenen W\u00e4nden mit klingenden Namen steil ab und findet wenige Kilometer und gute 1500 H\u00f6henmeter weiter unten, in Italien, mit dem St\u00e4dtchen Chiavenna wieder einen H\u00f6hepunkt. Ursula Bauer und J\u00fcrg Frischknecht haben sich zu Fu\u00df auf den Weg ins gelobte Land von Sonnenhungrigen, S\u00fcdland-Schw\u00e4rmern, wanderfreudigen Schlemmern [&#8230;]\n","protected":false},"featured_media":163008,"template":"","meta":[],"product_brand":[],"product_cat":[21605],"product_tag":[],"class_list":{"0":"post-149447","1":"product","2":"type-product","3":"status-publish","4":"has-post-thumbnail","6":"product_cat-wanderfuehrer-trekking","7":"pa_autor-bauer-frischknecht","8":"pa_erscheinungsjahr-21574","9":"pa_region-schweiz","10":"pa_sprache-de","12":"first","13":"instock","14":"taxable","15":"shipping-taxable","16":"purchasable","17":"product-type-simple"},"_links":{"self":[{"href":"https:\/\/pizbube.ch\/en\/wp-json\/wp\/v2\/product\/149447","targetHints":{"allow":["GET"]}}],"collection":[{"href":"https:\/\/pizbube.ch\/en\/wp-json\/wp\/v2\/product"}],"about":[{"href":"https:\/\/pizbube.ch\/en\/wp-json\/wp\/v2\/types\/product"}],"wp:featuredmedia":[{"embeddable":true,"href":"https:\/\/pizbube.ch\/en\/wp-json\/wp\/v2\/media\/163008"}],"wp:attachment":[{"href":"https:\/\/pizbube.ch\/en\/wp-json\/wp\/v2\/media?parent=149447"}],"wp:term":[{"taxonomy":"product_brand","embeddable":true,"href":"https:\/\/pizbube.ch\/en\/wp-json\/wp\/v2\/product_brand?post=149447"},{"taxonomy":"product_cat","embeddable":true,"href":"https:\/\/pizbube.ch\/en\/wp-json\/wp\/v2\/product_cat?post=149447"},{"taxonomy":"product_tag","embeddable":true,"href":"https:\/\/pizbube.ch\/en\/wp-json\/wp\/v2\/product_tag?post=149447"}],"curies":[{"name":"wp","href":"https:\/\/api.w.org\/{rel}","templated":true}]}}