{"id":149448,"date":"2021-01-15T10:59:42","date_gmt":"2021-01-15T10:59:42","guid":{"rendered":"https:\/\/codengine3.ch\/?product=import-placeholder-for-203136"},"modified":"2023-08-03T10:38:33","modified_gmt":"2023-08-03T08:38:33","slug":"giganten-aus-granit","status":"publish","type":"product","link":"https:\/\/pizbube.ch\/en\/shop\/giganten-aus-granit\/","title":{"rendered":"Giganten aus Granit"},"content":{"rendered":"<p>Bergell und Val Masino<\/p>\n<p>Die Granitberge \u00fcben seit den Anf\u00e4ngen des Alpinismus auf Kletterer eine<br \/>\nbesondere Anziehungskraft aus. K\u00fchne glatte Plattenformationen, emporstrebende<br \/>\nVerschneidungen, rundgeschliffene Formen, eine rauhe und doch angenehm<br \/>\ngriffige Oberfl\u00e4che, gewaltige, oft mehr als tausend Meter hohe W\u00e4nde<br \/>\nverleihen diesen Bergen etwas Besonderes, einen auf der ganzen Welt<br \/>\neinzigartige Zauber.<br \/>\nDie Gipfel, die sich zwischen dem italienischen Val Masino und dem Bergell<br \/>\nerheben und zum Grossteil auf Schweizer Boden liegen, bilden die sogenannte<br \/>\nMasino-Bregaglia-Gruppe, eine grossartige &#171;Granitinsel&#187; aus zackigen<br \/>\nGratketten und schlank geformten Felsnadeln.<\/p>\n<p>Der Badile, der Cengalo, die Sciora-Gruppe, die Gipfel des Val Torrone, bis<br \/>\nhin zu den schwindelerregenden W\u00e4nden des Val Masino sind Besuchern von<br \/>\n\u00fcberallher ein Begriff. Nicht nur Bergsteiger sind ihre Bewunderer, sondern<br \/>\nauch Touristen, die vom Talboden aus ihre Blicke nach oben gleiten lassen. Vom<br \/>\nZauber des Granits werden alle erfasst, man denke nur an das atemberaubende<br \/>\nPanorama, das man vom malerischen D\u00f6rfchen Soglio, dem Kleinod des Bergells,<br \/>\nbewundern kann, oder an die \u00fcberw\u00e4ltigenden Granitw\u00e4nde des Val di Mello die<br \/>\nfast senkrecht aus den Wiesen des Tales aufsteigen.<\/p>\n<p>Grossbildband, 24,5 x 33 cm<br \/>\n176 Seiten davon 128 mit Farbaufnahmen, Gewebeeinband, Schutzumschlag<\/p>","protected":false},"excerpt":{"rendered":"<p>Bergell und Val Masino Die Granitberge \u00fcben seit den Anf\u00e4ngen des Alpinismus auf Kletterer eine besondere Anziehungskraft aus. K\u00fchne glatte Plattenformationen, emporstrebende Verschneidungen, rundgeschliffene Formen, eine rauhe und doch angenehm griffige Oberfl\u00e4che, gewaltige, oft mehr als tausend Meter hohe W\u00e4nde verleihen diesen Bergen etwas Besonderes, einen auf der ganzen Welt einzigartige Zauber. Die Gipfel, die [&#8230;]\n","protected":false},"featured_media":30669,"template":"","meta":[],"product_brand":[],"product_cat":[21542],"product_tag":[],"class_list":{"0":"post-149448","1":"product","2":"type-product","3":"status-publish","4":"has-post-thumbnail","6":"product_cat-sachbuecher-dokumentationen","7":"pa_autor-merisio-lisignoli","8":"pa_erscheinungsjahr-22292","9":"pa_region-schweiz","10":"pa_sprache-de","12":"first","13":"outofstock","14":"taxable","15":"shipping-taxable","16":"purchasable","17":"product-type-simple"},"_links":{"self":[{"href":"https:\/\/pizbube.ch\/en\/wp-json\/wp\/v2\/product\/149448","targetHints":{"allow":["GET"]}}],"collection":[{"href":"https:\/\/pizbube.ch\/en\/wp-json\/wp\/v2\/product"}],"about":[{"href":"https:\/\/pizbube.ch\/en\/wp-json\/wp\/v2\/types\/product"}],"wp:featuredmedia":[{"embeddable":true,"href":"https:\/\/pizbube.ch\/en\/wp-json\/wp\/v2\/media\/30669"}],"wp:attachment":[{"href":"https:\/\/pizbube.ch\/en\/wp-json\/wp\/v2\/media?parent=149448"}],"wp:term":[{"taxonomy":"product_brand","embeddable":true,"href":"https:\/\/pizbube.ch\/en\/wp-json\/wp\/v2\/product_brand?post=149448"},{"taxonomy":"product_cat","embeddable":true,"href":"https:\/\/pizbube.ch\/en\/wp-json\/wp\/v2\/product_cat?post=149448"},{"taxonomy":"product_tag","embeddable":true,"href":"https:\/\/pizbube.ch\/en\/wp-json\/wp\/v2\/product_tag?post=149448"}],"curies":[{"name":"wp","href":"https:\/\/api.w.org\/{rel}","templated":true}]}}