{"id":149451,"date":"2021-01-15T10:59:43","date_gmt":"2021-01-15T10:59:43","guid":{"rendered":"https:\/\/codengine3.ch\/?product=import-placeholder-for-200670"},"modified":"2021-01-15T10:59:47","modified_gmt":"2021-01-15T10:59:47","slug":"violanta-prevosti","status":"publish","type":"product","link":"https:\/\/pizbube.ch\/en\/shop\/violanta-prevosti\/","title":{"rendered":"Violanta Prevosti"},"content":{"rendered":"<p>Geschichtlicher Roman. Herausgegeben und mit einem Nachwort von Maya Widmer<\/p>\n<p>Unter dem Pseudonym Silvia Andrea war Johanna Garbald-Gredig (1840\u20131935) weit<br \/>\n\u00fcber die Grenzen ihres Heimatkantons Graub\u00fcnden hinaus eine bekannte und<br \/>\nbeliebte Schriftstellerin. Vor allem ihre historischen Erz\u00e4hlungen und Romane<br \/>\nfanden grossen Anklang. In Violanta Prevosti schildert sie auf dem Hintergrund<br \/>\nder B\u00fcndner Wirren zu Beginn des 17. Jahrhunderts das Schicksal der fiktiven<br \/>\nEnkelin von Giovanni Battista Prevosti, der vom Thusner Strafgericht<br \/>\nverurteilt und hingerichtet wurde. Zwei historische Ereignisse kommen dabei<br \/>\nausf\u00fchrlich zur Darstellung: der Untergang von Plurs 1618 und die sogenannten<br \/>\nVeltlinermorde im Juli 1620.<\/p>","protected":false},"excerpt":{"rendered":"<p>Geschichtlicher Roman. Herausgegeben und mit einem Nachwort von Maya Widmer Unter dem Pseudonym Silvia Andrea war Johanna Garbald-Gredig (1840\u20131935) weit \u00fcber die Grenzen ihres Heimatkantons Graub\u00fcnden hinaus eine bekannte und beliebte Schriftstellerin. Vor allem ihre historischen Erz\u00e4hlungen und Romane fanden grossen Anklang. In Violanta Prevosti schildert sie auf dem Hintergrund der B\u00fcndner Wirren zu Beginn [&#8230;]\n","protected":false},"featured_media":45070,"template":"","meta":[],"product_brand":[],"product_cat":[21629],"product_tag":[],"class_list":{"0":"post-149451","1":"product","2":"type-product","3":"status-publish","4":"has-post-thumbnail","6":"product_cat-belletristik","7":"pa_autor-andrea","8":"pa_erscheinungsjahr-2014-erstveroeffentlichung-1905","9":"pa_region-schweiz","10":"pa_sprache-de","12":"first","13":"instock","14":"taxable","15":"shipping-taxable","16":"purchasable","17":"product-type-simple"},"_links":{"self":[{"href":"https:\/\/pizbube.ch\/en\/wp-json\/wp\/v2\/product\/149451","targetHints":{"allow":["GET"]}}],"collection":[{"href":"https:\/\/pizbube.ch\/en\/wp-json\/wp\/v2\/product"}],"about":[{"href":"https:\/\/pizbube.ch\/en\/wp-json\/wp\/v2\/types\/product"}],"wp:featuredmedia":[{"embeddable":true,"href":"https:\/\/pizbube.ch\/en\/wp-json\/wp\/v2\/media\/45070"}],"wp:attachment":[{"href":"https:\/\/pizbube.ch\/en\/wp-json\/wp\/v2\/media?parent=149451"}],"wp:term":[{"taxonomy":"product_brand","embeddable":true,"href":"https:\/\/pizbube.ch\/en\/wp-json\/wp\/v2\/product_brand?post=149451"},{"taxonomy":"product_cat","embeddable":true,"href":"https:\/\/pizbube.ch\/en\/wp-json\/wp\/v2\/product_cat?post=149451"},{"taxonomy":"product_tag","embeddable":true,"href":"https:\/\/pizbube.ch\/en\/wp-json\/wp\/v2\/product_tag?post=149451"}],"curies":[{"name":"wp","href":"https:\/\/api.w.org\/{rel}","templated":true}]}}