{"id":149452,"date":"2021-01-15T10:59:43","date_gmt":"2021-01-15T10:59:43","guid":{"rendered":"https:\/\/codengine3.ch\/?product=import-placeholder-for-201220"},"modified":"2021-01-15T11:59:38","modified_gmt":"2021-01-15T11:59:38","slug":"suedtiroler-weitwanderwege","status":"publish","type":"product","link":"https:\/\/pizbube.ch\/en\/shop\/suedtiroler-weitwanderwege\/","title":{"rendered":"S\u00fcdtiroler Weitwanderwege"},"content":{"rendered":"<p>Von H\u00fctte zu H\u00fctte.<\/p>\n<p>Der Autor beschreibt die 8 klassischen Weitwanderwege durch S\u00fcdtirol:<\/p>\n<p>Vinschauer H\u00f6henweg, Meraner H\u00f6henweg, 13 H\u00fctten Tour, Europaweg 5, die<br \/>\nSarntaler Hufeisentour, den Pfunderer H\u00f6henweg,<br \/>\nDolomiten H\u00f6henwege 1 und 2.<\/p>\n<p>Alle Touren sind ausf\u00fchrlich beschrieben, \u00dcbernachtungen usw. aufgef\u00fchrt.<br \/>\nZus\u00e4tzlich bietet ein QR Code kostenlose Touren-Downloads.<\/p>","protected":false},"excerpt":{"rendered":"<p>Von H\u00fctte zu H\u00fctte. Der Autor beschreibt die 8 klassischen Weitwanderwege durch S\u00fcdtirol: Vinschauer H\u00f6henweg, Meraner H\u00f6henweg, 13 H\u00fctten Tour, Europaweg 5, die Sarntaler Hufeisentour, den Pfunderer H\u00f6henweg, Dolomiten H\u00f6henwege 1 und 2. Alle Touren sind ausf\u00fchrlich beschrieben, \u00dcbernachtungen usw. aufgef\u00fchrt. Zus\u00e4tzlich bietet ein QR Code kostenlose Touren-Downloads.<\/p>","protected":false},"featured_media":28461,"template":"","meta":[],"product_brand":[],"product_cat":[21605],"product_tag":[],"class_list":{"0":"post-149452","1":"product","2":"type-product","3":"status-publish","4":"has-post-thumbnail","6":"product_cat-wanderfuehrer-trekking","7":"pa_autor-zahel","8":"pa_erscheinungsjahr-21621","9":"pa_region-italien","10":"pa_sprache-de","12":"first","13":"instock","14":"taxable","15":"shipping-taxable","16":"purchasable","17":"product-type-simple"},"_links":{"self":[{"href":"https:\/\/pizbube.ch\/en\/wp-json\/wp\/v2\/product\/149452","targetHints":{"allow":["GET"]}}],"collection":[{"href":"https:\/\/pizbube.ch\/en\/wp-json\/wp\/v2\/product"}],"about":[{"href":"https:\/\/pizbube.ch\/en\/wp-json\/wp\/v2\/types\/product"}],"wp:featuredmedia":[{"embeddable":true,"href":"https:\/\/pizbube.ch\/en\/wp-json\/wp\/v2\/media\/28461"}],"wp:attachment":[{"href":"https:\/\/pizbube.ch\/en\/wp-json\/wp\/v2\/media?parent=149452"}],"wp:term":[{"taxonomy":"product_brand","embeddable":true,"href":"https:\/\/pizbube.ch\/en\/wp-json\/wp\/v2\/product_brand?post=149452"},{"taxonomy":"product_cat","embeddable":true,"href":"https:\/\/pizbube.ch\/en\/wp-json\/wp\/v2\/product_cat?post=149452"},{"taxonomy":"product_tag","embeddable":true,"href":"https:\/\/pizbube.ch\/en\/wp-json\/wp\/v2\/product_tag?post=149452"}],"curies":[{"name":"wp","href":"https:\/\/api.w.org\/{rel}","templated":true}]}}