{"id":149459,"date":"2021-01-15T10:59:43","date_gmt":"2021-01-15T10:59:43","guid":{"rendered":"https:\/\/codengine3.ch\/?product=import-placeholder-for-206279"},"modified":"2021-05-05T14:05:33","modified_gmt":"2021-05-05T12:05:33","slug":"schweizer-bankgeheimnisse","status":"publish","type":"product","link":"https:\/\/pizbube.ch\/en\/shop\/schweizer-bankgeheimnisse\/","title":{"rendered":"Schweizer Bankgeheimnisse"},"content":{"rendered":"<p>33 Wanderungen und Spazierg\u00e4nge zu sch\u00f6n gelegenen Sitzb\u00e4nken in der Schweiz<\/p>\n<p>Reto Weber nimmt die zunehmende Verw\u00e4sserung des Schweizer Bankgeheimnisses<br \/>\nzum Anlass, auf witzige Art und Weise ganz andere Schweizer Bankgeheimnisse zu<br \/>\nl\u00fcften: Auf 33 attraktiven Wanderungen und Spazierg\u00e4ngen pr\u00e4sentiert er sch\u00f6n<br \/>\ngelegene Sitzb\u00e4nke. Die Routen sind \u00fcber die ganze Schweiz verteilt und<br \/>\nwiderspiegeln die Vielfalt des Landes. Sie reichen von Westschweizer Reben bis<br \/>\nzu Tessiner Palmen, von Jura-H\u00f6hen bis zum Z\u00fcrcher Bankenviertel und von<br \/>\nMittellandseen bis zur hochalpinen Szenerie.<\/p>\n<p>Dabei werden neben beliebten touristischen Zielen auch eher unbekannte<br \/>\nLandstriche erkundet. Gem\u00fctliche Genusswanderinnen und Familien kommen ebenso<br \/>\nauf ihre Kosten wie sportliche Bergwanderer. Benutzerfreundliche Karten und<br \/>\nWegbeschreibungen sowie praxisorientierte Zusatzinformationen zu An- und<br \/>\nAbreise mit den \u00f6ffentlichen Verkehrsmitteln, zur Marschzeit und zu<br \/>\nEinkehrm\u00f6glichkeiten runden das Werk ab.<\/p>","protected":false},"excerpt":{"rendered":"<ul>\n<li><a href=\"https:\/\/pizbube.ch\/wp-content\/uploads\/attachments\/a_021\/675F5BC3DEA7B2E0BBD413426AE50A69.pdf\" target=\"_blank\" rel=\"noopener\">PDF: Leseprobe Schweizer Bankgeheimnisse.pdf<\/a><\/li>\n<\/ul>","protected":false},"featured_media":35778,"template":"","meta":[],"product_brand":[],"product_cat":[21605],"product_tag":[],"class_list":{"0":"post-149459","1":"product","2":"type-product","3":"status-publish","4":"has-post-thumbnail","6":"product_cat-wanderfuehrer-trekking","7":"pa_autor-weber","8":"pa_erscheinungsjahr-21597","9":"pa_region-schweiz","10":"pa_sprache-de","12":"first","13":"onbackorder","14":"taxable","15":"shipping-taxable","16":"purchasable","17":"product-type-simple"},"_links":{"self":[{"href":"https:\/\/pizbube.ch\/en\/wp-json\/wp\/v2\/product\/149459","targetHints":{"allow":["GET"]}}],"collection":[{"href":"https:\/\/pizbube.ch\/en\/wp-json\/wp\/v2\/product"}],"about":[{"href":"https:\/\/pizbube.ch\/en\/wp-json\/wp\/v2\/types\/product"}],"wp:featuredmedia":[{"embeddable":true,"href":"https:\/\/pizbube.ch\/en\/wp-json\/wp\/v2\/media\/35778"}],"wp:attachment":[{"href":"https:\/\/pizbube.ch\/en\/wp-json\/wp\/v2\/media?parent=149459"}],"wp:term":[{"taxonomy":"product_brand","embeddable":true,"href":"https:\/\/pizbube.ch\/en\/wp-json\/wp\/v2\/product_brand?post=149459"},{"taxonomy":"product_cat","embeddable":true,"href":"https:\/\/pizbube.ch\/en\/wp-json\/wp\/v2\/product_cat?post=149459"},{"taxonomy":"product_tag","embeddable":true,"href":"https:\/\/pizbube.ch\/en\/wp-json\/wp\/v2\/product_tag?post=149459"}],"curies":[{"name":"wp","href":"https:\/\/api.w.org\/{rel}","templated":true}]}}