{"id":149461,"date":"2021-01-15T10:59:43","date_gmt":"2021-01-15T10:59:43","guid":{"rendered":"https:\/\/codengine3.ch\/?product=import-placeholder-for-201257"},"modified":"2024-08-16T14:23:59","modified_gmt":"2024-08-16T12:23:59","slug":"veltliner-fussreisen","status":"publish","type":"product","link":"https:\/\/pizbube.ch\/en\/shop\/veltliner-fussreisen\/","title":{"rendered":"Veltliner Fussreisen"},"content":{"rendered":"<p>Wandern, wo der Veltliner herkommt&#8230;<br \/>\nAlle kennen den Veltliner Wein. Aber nur wenige das Veltlin, dieses<br \/>\nfaszinierende Grenzgebiet, das fast so gro\u00df ist wie das Wallis und so s\u00fcdlich<br \/>\nwie das Tessin.<br \/>\nUrsula Bauer und J\u00fcrg Frischknecht schlagen in ihrem F\u00fchrer Routen durch die<br \/>\nVeltliner Weinberge vor, zu den alten Badeorten in den Rh\u00e4tischen Alpen und<br \/>\ndurch die Bergamasker Alpen. Ihre Wanderungen f\u00fchren mitten in die<br \/>\nAlpenst\u00e4dtchen Chiavenna, Morbegno, Sondrio, Tirano und Bormio.<\/p>\n<p>Das Buch liefert \u00fcberdies Ideen und Esstipps f\u00fcr lange Wochenenden in dieser<br \/>\nRegion \u2013 Ausflugs- und Wanderziele f\u00fcr alle Jahreszeiten. Auch an die<br \/>\nSofawandernden ist gedacht: Wie in allen Lesewanderb\u00fcchern des Autorenduos<br \/>\nbegleitet auch in Veltliner Fu\u00dfreisen Hintergr\u00fcndiges zur Gegend die 37<br \/>\nEtappenbeschriebe.<\/p>\n<p>Mit der \u00fcberarbeiteten und aktualisierten Neuausgabe dieses Bandes sind nun<br \/>\nalle f\u00fcnf B\u00fccher von Bauer und Frischknecht in neuem, frischem Layout<br \/>\nverf\u00fcgbar.Zwischen B\u00fcndnerp\u00e4ssen und Bergamasker Alpen: die Autoren<br \/>\npr\u00e4sentieren mehrt\u00e4gige Routen durch die Veltliner Weinberge, zu den alten<br \/>\nBadeorten in den Rh\u00e4tischen Alpen und durch die Bergamasker Alpen.<br \/>\nDas Buch erm\u00f6glicht es, das Veltlin, diese so nah liegende `terra incognita`<br \/>\nzu entdecken. Dem Leser erschliesst sich eine kulturgeschichtlich<br \/>\nausserordentlich reiche Gegend.<\/p>\n<p>Der einzige erh\u00e4ltliche deutschsprachige F\u00fchrer zum Veltlin<\/p>\n<p>4. vollst\u00e4ndig \u00fcberarbeitete Auflg. 2007<\/p>","protected":false},"excerpt":{"rendered":"<p>Wandern, wo der Veltliner herkommt&#8230; Alle kennen den Veltliner Wein. Aber nur wenige das Veltlin, dieses faszinierende Grenzgebiet, das fast so gro\u00df ist wie das Wallis und so s\u00fcdlich wie das Tessin. Ursula Bauer und J\u00fcrg Frischknecht schlagen in ihrem F\u00fchrer Routen durch die Veltliner Weinberge vor, zu den alten Badeorten in den Rh\u00e4tischen Alpen [&#8230;]\n","protected":false},"featured_media":174444,"template":"","meta":[],"product_brand":[],"product_cat":[21605],"product_tag":[],"class_list":{"0":"post-149461","1":"product","2":"type-product","3":"status-publish","4":"has-post-thumbnail","6":"product_cat-wanderfuehrer-trekking","7":"pa_autor-bauer-frischknecht","8":"pa_erscheinungsjahr-21842","9":"pa_region-schweiz","10":"pa_sprache-de","12":"first","13":"instock","14":"taxable","15":"shipping-taxable","16":"purchasable","17":"product-type-simple"},"_links":{"self":[{"href":"https:\/\/pizbube.ch\/en\/wp-json\/wp\/v2\/product\/149461","targetHints":{"allow":["GET"]}}],"collection":[{"href":"https:\/\/pizbube.ch\/en\/wp-json\/wp\/v2\/product"}],"about":[{"href":"https:\/\/pizbube.ch\/en\/wp-json\/wp\/v2\/types\/product"}],"wp:featuredmedia":[{"embeddable":true,"href":"https:\/\/pizbube.ch\/en\/wp-json\/wp\/v2\/media\/174444"}],"wp:attachment":[{"href":"https:\/\/pizbube.ch\/en\/wp-json\/wp\/v2\/media?parent=149461"}],"wp:term":[{"taxonomy":"product_brand","embeddable":true,"href":"https:\/\/pizbube.ch\/en\/wp-json\/wp\/v2\/product_brand?post=149461"},{"taxonomy":"product_cat","embeddable":true,"href":"https:\/\/pizbube.ch\/en\/wp-json\/wp\/v2\/product_cat?post=149461"},{"taxonomy":"product_tag","embeddable":true,"href":"https:\/\/pizbube.ch\/en\/wp-json\/wp\/v2\/product_tag?post=149461"}],"curies":[{"name":"wp","href":"https:\/\/api.w.org\/{rel}","templated":true}]}}