{"id":149462,"date":"2021-01-15T10:59:43","date_gmt":"2021-01-15T10:59:43","guid":{"rendered":"https:\/\/codengine3.ch\/?product=import-placeholder-for-204608"},"modified":"2021-01-15T14:34:49","modified_gmt":"2021-01-15T14:34:49","slug":"courage-im-schatten-des-nanga-parbat-1934","status":"publish","type":"product","link":"https:\/\/pizbube.ch\/en\/shop\/courage-im-schatten-des-nanga-parbat-1934\/","title":{"rendered":"Courage &#8211; Im Schatten des Nanga Parbat 1934"},"content":{"rendered":"<p>\nDie wahre Geschichte des Bergsteigers Hermann Hoerlin und einer<br \/>\nlebensgef\u00e4hrlichen Liebe. Aus dem Englischen ins Deutsche \u00fcbersetzt und<br \/>\nbearbeitet von Jochen Hemmleb.<\/p>\n<p>Mut und Zivilcourage angesichts schicksalhafter Herausforderungen: zwei starke<br \/>\nPers\u00f6nlichkeiten ein unvergleichliches Buch<br \/>\nDeutschland 1934. Die Nationalsozialisten festigen ihren Einfluss in Politik<br \/>\nund Gesellschaft. Auch das Bergsteigen bleibt davon nicht unber\u00fchrt. Der Kampf<br \/>\num die Achttausender hat begonnen, am Nanga Parbat bahnt sich eine der gr\u00f6\u00dften<br \/>\nKatastrophen in der Alpingeschichte an. Unter diesen Vorzeichen begegnen sich<br \/>\nzwei au\u00dfergew\u00f6hnliche Pers\u00f6nlichkeiten: K\u00e4the Schmid und Hermann Hoerlin.<br \/>\nHoerlin ist einer der besten Bergsteiger seiner Zeit, ein aufstrebender<br \/>\nPhysiker und hoher Funktion\u00e4r im Deutschen Alpenverein, der sich mit aller<br \/>\nMacht gegen die Nazifizierung von Wissenschaft und Vereinskultur stemmt. K\u00e4the<br \/>\nSchmid bildet zusammen mit ihrem Mann, dem renommierten Journalisten Willi<br \/>\nSchmid, einen Fixstern der intellektuellen M\u00fcnchner Bourgeoisie. Die beiden<br \/>\nunterst\u00fctzen die deutsche Nanga-Parbat-Expedition mit ihrer Pressearbeit, als<br \/>\nzwei Trag\u00f6dien ihren Lauf nehmen: Am 1. Juli wird Willi Schmid von den<br \/>\nNationalsozialisten ermordet als Opfer einer Namensverwechslung.<\/p>\n<p>Wenige Tage sp\u00e4ter beginnen die Nachrichten von den tragischen Ereignissen am<br \/>\nNanga Parbat einzutreffen, an deren Ende die Expedition mit insgesamt zehn<br \/>\nToten nahezu ausgel\u00f6scht und der Nanga Parbat als Schicksalsberg der Deutschen<br \/>\nins kollektive Ged\u00e4chtnis eingebrannt ist. In dieser Situation wird Hermann<br \/>\nHoerlin nach M\u00fcnchen zur Hilfe gerufen. So lernen sich die beiden kennen; eine<br \/>\nhollywood-taugliche Liebesgeschichte beginnt, die vor dem realen<br \/>\ngeschichtlichen Hintergrund schnell an Kitsch verliert: K\u00e4the Schmid ist<br \/>\nj\u00fcdischer Herkunft, f\u00fcr eine gemeinsame Zukunft m\u00fcssen sie Deutschland<br \/>\nverlassen. Sie fliehen nach \u00d6sterreich.<\/p>\n<p>Doch nach dem Anschluss gelten auch hier die N\u00fcrnberger Rassengesetze. Sie<br \/>\nbeschlie\u00dfen, Europa zu verlassen.Der k\u00fcrzere, zweite Teil des Buches handelt<br \/>\nin den USA. Es erz\u00e4hlt vom schwierigen Neubeginn, von der Zeit der atomaren<br \/>\nAufr\u00fcstung, vom Kalten Krieg und der McCarthy-\u00c4ra und von der lebenslangen<br \/>\nLiebe zweier au\u00dfergew\u00f6hnlich couragierter Menschen.  <\/p>","protected":false},"excerpt":{"rendered":"<p>Die wahre Geschichte des Bergsteigers Hermann Hoerlin und einer lebensgef\u00e4hrlichen Liebe. Aus dem Englischen ins Deutsche \u00fcbersetzt und bearbeitet von Jochen Hemmleb. Mut und Zivilcourage angesichts schicksalhafter Herausforderungen: zwei starke Pers\u00f6nlichkeiten ein unvergleichliches Buch Deutschland 1934. Die Nationalsozialisten festigen ihren Einfluss in Politik und Gesellschaft. Auch das Bergsteigen bleibt davon nicht unber\u00fchrt. Der Kampf um [&#8230;]\n","protected":false},"featured_media":32802,"template":"","meta":[],"product_brand":[],"product_cat":[21542],"product_tag":[],"class_list":{"0":"post-149462","1":"product","2":"type-product","3":"status-publish","4":"has-post-thumbnail","6":"product_cat-sachbuecher-dokumentationen","7":"pa_autor-hoerlin","8":"pa_erscheinungsjahr-21550","9":"pa_region-oesterreich","10":"pa_sprache-de","12":"first","13":"instock","14":"taxable","15":"shipping-taxable","16":"purchasable","17":"product-type-simple"},"_links":{"self":[{"href":"https:\/\/pizbube.ch\/en\/wp-json\/wp\/v2\/product\/149462","targetHints":{"allow":["GET"]}}],"collection":[{"href":"https:\/\/pizbube.ch\/en\/wp-json\/wp\/v2\/product"}],"about":[{"href":"https:\/\/pizbube.ch\/en\/wp-json\/wp\/v2\/types\/product"}],"wp:featuredmedia":[{"embeddable":true,"href":"https:\/\/pizbube.ch\/en\/wp-json\/wp\/v2\/media\/32802"}],"wp:attachment":[{"href":"https:\/\/pizbube.ch\/en\/wp-json\/wp\/v2\/media?parent=149462"}],"wp:term":[{"taxonomy":"product_brand","embeddable":true,"href":"https:\/\/pizbube.ch\/en\/wp-json\/wp\/v2\/product_brand?post=149462"},{"taxonomy":"product_cat","embeddable":true,"href":"https:\/\/pizbube.ch\/en\/wp-json\/wp\/v2\/product_cat?post=149462"},{"taxonomy":"product_tag","embeddable":true,"href":"https:\/\/pizbube.ch\/en\/wp-json\/wp\/v2\/product_tag?post=149462"}],"curies":[{"name":"wp","href":"https:\/\/api.w.org\/{rel}","templated":true}]}}