{"id":149465,"date":"2021-01-15T10:59:43","date_gmt":"2021-01-15T10:59:43","guid":{"rendered":"https:\/\/codengine3.ch\/?product=import-placeholder-for-205361"},"modified":"2021-01-15T14:40:40","modified_gmt":"2021-01-15T14:40:40","slug":"diamir-koenig-der-berge","status":"publish","type":"product","link":"https:\/\/pizbube.ch\/en\/shop\/diamir-koenig-der-berge\/","title":{"rendered":"Diamir &#8211; K\u00f6nig der Berge"},"content":{"rendered":"<p>Schicksalsberg Nanga Parbat.  <\/p>\n<p>Der Nanga Parbat tr\u00e4gt viele Namen: Diamir, &#8218;K\u00f6nig der Berge&#8216;,<br \/>\n&#8218;Schicksalsberg&#8216;. Kaum ein Gipfel im Himalaja hat die Alpinisten im<br \/>\ndeutschsprachigen Raum so angezogen, kaum einer so viele Opfer gefordert.<br \/>\nReinhold Messner erz\u00e4hlt die wechselvolle Erkundungsgeschichte vom 19.<br \/>\nJahrhundert bis in unsere Zeit.<br \/>\nErstmals ver\u00f6ffentlichtes Archivmaterial, historische Fotografien wie<br \/>\nspektakul\u00e4re Luftbildaufnahmen lassen uns diesen Berg ganz neu erfahren.  <\/p>\n<p>Farb., s\/w. Abb., Karten. 291 S,  <\/p>","protected":false},"excerpt":{"rendered":"<p>Schicksalsberg Nanga Parbat. Der Nanga Parbat tr\u00e4gt viele Namen: Diamir, &#8218;K\u00f6nig der Berge&#8216;, &#8218;Schicksalsberg&#8216;. Kaum ein Gipfel im Himalaja hat die Alpinisten im deutschsprachigen Raum so angezogen, kaum einer so viele Opfer gefordert. Reinhold Messner erz\u00e4hlt die wechselvolle Erkundungsgeschichte vom 19. Jahrhundert bis in unsere Zeit. Erstmals ver\u00f6ffentlichtes Archivmaterial, historische Fotografien wie spektakul\u00e4re Luftbildaufnahmen lassen [&#8230;]\n","protected":false},"featured_media":34039,"template":"","meta":[],"product_brand":[],"product_cat":[21542],"product_tag":[],"class_list":{"0":"post-149465","1":"product","2":"type-product","3":"status-publish","4":"has-post-thumbnail","6":"product_cat-sachbuecher-dokumentationen","7":"pa_autor-messner","8":"pa_erscheinungsjahr-21591","9":"pa_region-asien","10":"pa_sprache-de","12":"first","13":"instock","14":"taxable","15":"shipping-taxable","16":"purchasable","17":"product-type-simple"},"_links":{"self":[{"href":"https:\/\/pizbube.ch\/en\/wp-json\/wp\/v2\/product\/149465","targetHints":{"allow":["GET"]}}],"collection":[{"href":"https:\/\/pizbube.ch\/en\/wp-json\/wp\/v2\/product"}],"about":[{"href":"https:\/\/pizbube.ch\/en\/wp-json\/wp\/v2\/types\/product"}],"wp:featuredmedia":[{"embeddable":true,"href":"https:\/\/pizbube.ch\/en\/wp-json\/wp\/v2\/media\/34039"}],"wp:attachment":[{"href":"https:\/\/pizbube.ch\/en\/wp-json\/wp\/v2\/media?parent=149465"}],"wp:term":[{"taxonomy":"product_brand","embeddable":true,"href":"https:\/\/pizbube.ch\/en\/wp-json\/wp\/v2\/product_brand?post=149465"},{"taxonomy":"product_cat","embeddable":true,"href":"https:\/\/pizbube.ch\/en\/wp-json\/wp\/v2\/product_cat?post=149465"},{"taxonomy":"product_tag","embeddable":true,"href":"https:\/\/pizbube.ch\/en\/wp-json\/wp\/v2\/product_tag?post=149465"}],"curies":[{"name":"wp","href":"https:\/\/api.w.org\/{rel}","templated":true}]}}