{"id":149467,"date":"2021-01-15T10:59:44","date_gmt":"2021-01-15T10:59:44","guid":{"rendered":"https:\/\/codengine3.ch\/?product=import-placeholder-for-204503"},"modified":"2021-01-15T14:33:49","modified_gmt":"2021-01-15T14:33:49","slug":"nanga-parbat-mein-schluesselberg","status":"publish","type":"product","link":"https:\/\/pizbube.ch\/en\/shop\/nanga-parbat-mein-schluesselberg\/","title":{"rendered":"Nanga Parbat &#8211; Mein Schl\u00fcsselberg"},"content":{"rendered":"<p>\n\u00bbDer Nanga Parbat hat mich alles \u00fcber Berge gelehrt.\u00ab<br \/>\nBei keinem anderen Berg liegen Erfolg und Trag\u00f6die so nah beieinander wie beim<br \/>\n8125 Meter hohen Nanga Parbat. Und bei keinem anderen Berg vereint sich f\u00fcr<br \/>\nReinhold Messner beides so schicksalhaft wie beim Nanga Parbat.  <\/p>\n<p>Im Sommer 1970 nimmt er mit seinem Bruder G\u00fcnther an einer Nanga-Parbat-<br \/>\nExpedition teil. Es ist ihr erster Achttausender, und als Erste durchsteigen<br \/>\nsie die h\u00f6chste Steilwand der Erde, die Rupal-Wand. Sie erreichen den Gipfel,<br \/>\ndoch beim Abstieg \u00fcber die Diamir-Flanke rei\u00dft eine Lawine G\u00fcnther in den Tod.<br \/>\nAcht Jahre sp\u00e4ter gelingt Reinhold Messner mit der ersten Alleinbesteigung<br \/>\neines Achttausenders an der Diamir-Wand die Glanzleistung seines Lebens. Nach<br \/>\nder H\u00f6lle hat er damit den Himmel auf seinem pers\u00f6nlichen Schl\u00fcsselberg<br \/>\nber\u00fchrt.  <\/p>\n<p>In diesem opulent ausgestatteten, detailreichen Bildband offenbart der<br \/>\nber\u00fchmte Bergsteiger mit eigens f\u00fcr diese Neuausgabe verfassten Texten<br \/>\nerstmals seine pers\u00f6nliche Sicht auf die Berge: Messner veranschaulicht in<br \/>\nzwanzig Essays die Auseinandersetzung zwischen Menschennatur und Bergnatur.<br \/>\nUnd wir beginnen zu verstehen, was ihn hat \u00fcberleben lassen: seine Vorsicht<br \/>\nund der Respekt den Gebirgen gegen\u00fcber.<\/p>\n<p>Opulent ausgestatteter Bildband mit 200 eindrucksvollen Fotos,<br \/>\n320 Seiten; Breite 222 mm, H\u00f6he 278 mm, Dicke 32 mm  <\/p>","protected":false},"excerpt":{"rendered":"<p>\u00bbDer Nanga Parbat hat mich alles \u00fcber Berge gelehrt.\u00ab Bei keinem anderen Berg liegen Erfolg und Trag\u00f6die so nah beieinander wie beim 8125 Meter hohen Nanga Parbat. Und bei keinem anderen Berg vereint sich f\u00fcr Reinhold Messner beides so schicksalhaft wie beim Nanga Parbat. Im Sommer 1970 nimmt er mit seinem Bruder G\u00fcnther an einer [&#8230;]\n","protected":false},"featured_media":32498,"template":"","meta":[],"product_brand":[],"product_cat":[21542],"product_tag":[],"class_list":{"0":"post-149467","1":"product","2":"type-product","3":"status-publish","4":"has-post-thumbnail","6":"product_cat-sachbuecher-dokumentationen","7":"pa_autor-messner","8":"pa_erscheinungsjahr-21586","9":"pa_region-asien","10":"pa_sprache-de","12":"first","13":"instock","14":"taxable","15":"shipping-taxable","16":"purchasable","17":"product-type-simple"},"_links":{"self":[{"href":"https:\/\/pizbube.ch\/en\/wp-json\/wp\/v2\/product\/149467","targetHints":{"allow":["GET"]}}],"collection":[{"href":"https:\/\/pizbube.ch\/en\/wp-json\/wp\/v2\/product"}],"about":[{"href":"https:\/\/pizbube.ch\/en\/wp-json\/wp\/v2\/types\/product"}],"wp:featuredmedia":[{"embeddable":true,"href":"https:\/\/pizbube.ch\/en\/wp-json\/wp\/v2\/media\/32498"}],"wp:attachment":[{"href":"https:\/\/pizbube.ch\/en\/wp-json\/wp\/v2\/media?parent=149467"}],"wp:term":[{"taxonomy":"product_brand","embeddable":true,"href":"https:\/\/pizbube.ch\/en\/wp-json\/wp\/v2\/product_brand?post=149467"},{"taxonomy":"product_cat","embeddable":true,"href":"https:\/\/pizbube.ch\/en\/wp-json\/wp\/v2\/product_cat?post=149467"},{"taxonomy":"product_tag","embeddable":true,"href":"https:\/\/pizbube.ch\/en\/wp-json\/wp\/v2\/product_tag?post=149467"}],"curies":[{"name":"wp","href":"https:\/\/api.w.org\/{rel}","templated":true}]}}