{"id":149468,"date":"2021-01-15T10:59:44","date_gmt":"2021-01-15T10:59:44","guid":{"rendered":"https:\/\/codengine3.ch\/?product=import-placeholder-for-200672"},"modified":"2021-01-15T10:59:48","modified_gmt":"2021-01-15T10:59:48","slug":"augen-der-alpen","status":"publish","type":"product","link":"https:\/\/pizbube.ch\/en\/shop\/augen-der-alpen\/","title":{"rendered":"Augen der Alpen"},"content":{"rendered":"<p>\nDas Ph\u00e4nomen der Sonnenl\u00f6cher<\/p>\n<p>Sonnenl\u00f6cher \u2013 Das letzte Geheimnis der Alpen?<\/p>\n<p>In den letzten Jahrzehnten wurden viele Lichtph\u00e4nomene in den Alpen entdeckt,<br \/>\ndie als Sonnen- oder Mondl\u00f6cher gelten. Es handelt sich dabei um Fels\u00f6ffnungen<br \/>\nin den Bergen, durch welche zweimal im Jahr die Sonne scheint und dabei ein<br \/>\nLichtkegel entsteht. Meistens sind diese Lichtph\u00e4nomene am Anfang und am Ende<br \/>\ndes Winters zu beobachten, so dass sich die Menschen in den Alpen zeitlich<br \/>\nnach diesen geheimnisvollen Erscheinungen orientierten. Viele dieser<br \/>\nLichtstrahlen fallen zudem auf Kirchen oder auf alte Pl\u00e4tze wie Grabh\u00fcgel.<br \/>\nDies l\u00e4sst darauf schliessen, dass an fr\u00fchgeschichtlichen Kultpl\u00e4tzen solche<br \/>\nLichtph\u00e4nomene einbezogen wurden.<\/p>\n<p>Astronomie in Ost- und Westalpen<\/p>\n<p>Sonnenl\u00f6cher gibt es nicht nur in den Bayerischen und \u00d6sterreichischen Alpen,<br \/>\nsondern auch im Berner Oberland, in Graub\u00fcnden und im Glarnerland. Hier ist<br \/>\nvor allem das Martinsloch sehr bekannt, das in den Reiseberichten schon fr\u00fch<br \/>\nbeschrieben und durch Astronomen unserer Zeit dokumentiert ist. Ausserdem ist<br \/>\nes f\u00fcr viele Menschen ein jahreszeitliches Erlebnis, dem Naturschauspiel in<br \/>\nElm beizuwohnen, welches das abgeschiedene Tal in erhabener Weise erleuchten<br \/>\nl\u00e4sst.<\/p>\n<p>Sagen und beeindruckende Bilder<\/p>\n<p>Zur Arch\u00e4ologie und Astronomie der Sonnenl\u00f6cher gesellen sich auch<br \/>\nkulturgeschichtliche \u00dcberlieferungen. In den Sagen und Geschichten kommt die<br \/>\nWeltsicht der einheimischen Bewohner zum Ausdruck, wie sie \u00fcber die<br \/>\nLichtph\u00e4nomene dachten. Teufels- und Hexengeschichten zeigen dabei, dass diese<br \/>\neinst von den Menschen verehrten Lichterscheinungen sp\u00e4ter d\u00e4monisiert wurden.<br \/>\nDadurch sind die seltsamen Fels\u00f6ffnungen oft in Vergessenheit geraten. Dieses<br \/>\nBuch geht daher auf Entdeckungsreise im Alpenraum. Es beschreibt das Ph\u00e4nomen<br \/>\nder Sonnenl\u00f6cher auch in seiner \u00e4sthetischen Sch\u00f6nheit durch die wundervollen<br \/>\nFarbbilder.  <\/p>","protected":false},"excerpt":{"rendered":"<p>Das Ph\u00e4nomen der Sonnenl\u00f6cher Sonnenl\u00f6cher \u2013 Das letzte Geheimnis der Alpen? In den letzten Jahrzehnten wurden viele Lichtph\u00e4nomene in den Alpen entdeckt, die als Sonnen- oder Mondl\u00f6cher gelten. Es handelt sich dabei um Fels\u00f6ffnungen in den Bergen, durch welche zweimal im Jahr die Sonne scheint und dabei ein Lichtkegel entsteht. Meistens sind diese Lichtph\u00e4nomene am [&#8230;]\n","protected":false},"featured_media":27567,"template":"","meta":[],"product_brand":[],"product_cat":[21542],"product_tag":[],"class_list":{"0":"post-149468","1":"product","2":"type-product","3":"status-publish","4":"has-post-thumbnail","6":"product_cat-sachbuecher-dokumentationen","7":"pa_autor-derungs","8":"pa_erscheinungsjahr-21550","9":"pa_region-schweiz","10":"pa_sprache-de","12":"first","13":"instock","14":"taxable","15":"shipping-taxable","16":"purchasable","17":"product-type-simple"},"_links":{"self":[{"href":"https:\/\/pizbube.ch\/en\/wp-json\/wp\/v2\/product\/149468","targetHints":{"allow":["GET"]}}],"collection":[{"href":"https:\/\/pizbube.ch\/en\/wp-json\/wp\/v2\/product"}],"about":[{"href":"https:\/\/pizbube.ch\/en\/wp-json\/wp\/v2\/types\/product"}],"wp:featuredmedia":[{"embeddable":true,"href":"https:\/\/pizbube.ch\/en\/wp-json\/wp\/v2\/media\/27567"}],"wp:attachment":[{"href":"https:\/\/pizbube.ch\/en\/wp-json\/wp\/v2\/media?parent=149468"}],"wp:term":[{"taxonomy":"product_brand","embeddable":true,"href":"https:\/\/pizbube.ch\/en\/wp-json\/wp\/v2\/product_brand?post=149468"},{"taxonomy":"product_cat","embeddable":true,"href":"https:\/\/pizbube.ch\/en\/wp-json\/wp\/v2\/product_cat?post=149468"},{"taxonomy":"product_tag","embeddable":true,"href":"https:\/\/pizbube.ch\/en\/wp-json\/wp\/v2\/product_tag?post=149468"}],"curies":[{"name":"wp","href":"https:\/\/api.w.org\/{rel}","templated":true}]}}