{"id":149469,"date":"2021-01-15T10:59:44","date_gmt":"2021-01-15T10:59:44","guid":{"rendered":"https:\/\/codengine3.ch\/?product=import-placeholder-for-200673"},"modified":"2025-03-26T11:50:59","modified_gmt":"2025-03-26T10:50:59","slug":"best-of-skitouren-2-vom-allgaeu-zu-den-oetztaler-alpen","status":"publish","type":"product","link":"https:\/\/pizbube.ch\/en\/shop\/best-of-skitouren-2-vom-allgaeu-zu-den-oetztaler-alpen\/","title":{"rendered":"Best of Skitouren 2 &#8211; Vom Allg\u00e4u zu den \u00d6tztaler Alpen"},"content":{"rendered":"<p>Der vorliegende Band 2 f\u00fchrt Euch in die Berge zwischen Allg\u00e4u und \u00d6tztaler<br \/>\nAlpen. Nominell 50 Tourenvorschl\u00e4ge enth\u00e4lt das Buch. Wir w\u00e4ren jedoch nicht<br \/>\nder Panico Alpinverlag wenn wir uns damit begn\u00fcgen w\u00fcrden. Zu jedem<br \/>\nvorgestellten Ziel packen wir eine Art &#171;Bonustrack&#187; obendrauf &#8211; einen<br \/>\nSpezialtipp f\u00fcr ambitionierte Tourengeher oder besonders gute Bedingungen.<\/p>\n<p>Das kann eine wenig befahrene oder anspruchsvollere Abfahrtsvariante sein,<br \/>\neine aussichtsreiche Rundtour, ein besonders markantes Gipfelziel oder eine<br \/>\nkonditionelle Herausforderung f\u00fcr Ausdauerathleten. La\u00dft Euch \u00fcberraschen,<br \/>\nunsere Autoren haben sich hier eine Menge einfallen lassen!<br \/>\nMit einem innovativen Konzept starteten wir im letzten Jahr unsere Reihe Best<br \/>\nof Skitouren.<\/p>\n<p>Die Highlights unserer Skif\u00fchrer werden daf\u00fcr um einige Insidertipps erg\u00e4nzt<br \/>\nund zusammen mit aufwendiger Bebilderung und detaillierten Kartenskizzen &#171;neu<br \/>\nabgemischt&#187;. Als besonderes Feature stecken wir Euch in die Kunststoffh\u00fclle<br \/>\neine wetter- und rei\u00dffeste Kartenbeilage aller Tourenvorschl\u00e4ge im Ma\u00dfstab<br \/>\n1:50.000, damit ihr mit dem Buch sofort losziehen k\u00f6nnt ohne zus\u00e4tzliches<br \/>\nKartenmaterial beschaffen zu m\u00fcssen.<\/p>\n<p>1. Auflage 2015, 360 Seiten, 148 x 185 mm, Softcover, komplett 4 Farbig, PVC<br \/>\nH\u00fclle, inkl. rei\u00df- und wasserfester topogr. Karte<\/p>","protected":false},"excerpt":{"rendered":"<ul>\n<li><strong><a href=\"https:\/\/pizbube.ch\/wp-content\/uploads\/attachments\/a_004\/3D7C470CF43F33F1106559DC3E73660D.pdf\" target=\"_blank\" rel=\"noopener\">PDF: Leseprobe-Skitouren-Best-of-Band2.pdf<\/a><\/strong><\/li>\n<\/ul>","protected":false},"featured_media":171661,"template":"","meta":[],"product_brand":[],"product_cat":[21540],"product_tag":[],"class_list":{"0":"post-149469","1":"product","2":"type-product","3":"status-publish","4":"has-post-thumbnail","6":"product_cat-fuehrerliteratur-alpin-winter","7":"pa_autor-rath-piepenstock-elsner","8":"pa_erscheinungsjahr-21597","9":"pa_region-oesterreich","10":"pa_sprache-de","12":"first","13":"instock","14":"taxable","15":"shipping-taxable","16":"purchasable","17":"product-type-simple"},"_links":{"self":[{"href":"https:\/\/pizbube.ch\/en\/wp-json\/wp\/v2\/product\/149469","targetHints":{"allow":["GET"]}}],"collection":[{"href":"https:\/\/pizbube.ch\/en\/wp-json\/wp\/v2\/product"}],"about":[{"href":"https:\/\/pizbube.ch\/en\/wp-json\/wp\/v2\/types\/product"}],"wp:featuredmedia":[{"embeddable":true,"href":"https:\/\/pizbube.ch\/en\/wp-json\/wp\/v2\/media\/171661"}],"wp:attachment":[{"href":"https:\/\/pizbube.ch\/en\/wp-json\/wp\/v2\/media?parent=149469"}],"wp:term":[{"taxonomy":"product_brand","embeddable":true,"href":"https:\/\/pizbube.ch\/en\/wp-json\/wp\/v2\/product_brand?post=149469"},{"taxonomy":"product_cat","embeddable":true,"href":"https:\/\/pizbube.ch\/en\/wp-json\/wp\/v2\/product_cat?post=149469"},{"taxonomy":"product_tag","embeddable":true,"href":"https:\/\/pizbube.ch\/en\/wp-json\/wp\/v2\/product_tag?post=149469"}],"curies":[{"name":"wp","href":"https:\/\/api.w.org\/{rel}","templated":true}]}}