{"id":149474,"date":"2021-01-15T10:59:44","date_gmt":"2021-01-15T10:59:44","guid":{"rendered":"https:\/\/codengine3.ch\/?product=import-placeholder-for-206783"},"modified":"2023-03-06T11:05:20","modified_gmt":"2023-03-06T10:05:20","slug":"die-schoensten-skitouren-fuer-geniesser-101-abwechslungsreiche-routen-in-salzburg-und-bayern","status":"publish","type":"product","link":"https:\/\/pizbube.ch\/en\/shop\/die-schoensten-skitouren-fuer-geniesser-101-abwechslungsreiche-routen-in-salzburg-und-bayern\/","title":{"rendered":"Die sch\u00f6nsten Skitouren f\u00fcr Genie\u00dfer &#8211; 101 abwechslungsreiche Routen in Salzburg und Bayern"},"content":{"rendered":"<p>Das Salzburger Land mit direktem Anschluss an Bayern bietet unz\u00e4hlige<br \/>\nENTDECKUNGSM\u00d6GLICHKEITEN F\u00dcR SKITOURENGEHER. Christian Heugl zeigt mit seinen<br \/>\n101 SCH\u00d6NSTEN ROUTEN, \u00fcbersichtlich gegliedert in die Regionen FLACHGAU, STADT<br \/>\nSALZBURG, TENNENGAU, PONGAU, PINZGAU, LUNGAU und BAYERN (Berchtesgadener- und<br \/>\nChiemgauer Alpen), wie abwechslungsreich der beliebte Wintersport sein kann.<\/p>\n<p>Neben den DETAILLIERTEN ROUTENBESCHREIBUNGEN, \u00fcbersichtlich MIT KARTEN UND<br \/>\nEINDRUCKSVOLLEN FOTOGRAFIEN dargestellt, gibt es einen SERVICETEIL mit<br \/>\nSchnee-, Lawinenkunde und viel Wissenswertem rund um diesen Sport! Zus\u00e4tzlich<br \/>\ndarf man sich auch auf Infos zu sogenannten &#8218;gr\u00fcnen&#8216; Skitouren freuen, die<br \/>\nleicht mit \u00f6ffentlichen Verkehrsmitteln erreichbar und zug\u00e4nglich sind.<\/p>\n<p>Christian Heugl hat damit einen Skitourenf\u00fchrer geschaffen, wie man ihn sich<br \/>\nw\u00fcnscht: viele Routen, sch\u00f6ne Naturerlebnisse, unz\u00e4hlige Tipps sowie die<br \/>\nBearbeitung aller wichtigen Themen, die f\u00fcr diesen Wintersport essentiell<br \/>\nsind!<\/p>\n<p>-101 abwechslungsreiche Routen<br \/>\n-detaillierte Beschreibungen und Tourenkarten<br \/>\n-Geheimtipps abseits bekannter Aufstiege<br \/>\n-mit \u00fcber 300 eindrucksvollen Bildern<br \/>\n-zahlreiche Empfehlungen: genussvolles Einkehren, Pl\u00e4tze zum Entspannen und Abfahrten, die Lust auf mehr machen<br \/>\n-Serviceteil mit Schnee- und Lawinenkunde<\/p>\n<p>344 Seiten, Klappenbrosch\u00fcre; mit \u00fcber 300 Farbfotografien und \u00fcber 100<br \/>\nTourenkarten<\/p>","protected":false},"excerpt":{"rendered":"<p>Das Salzburger Land mit direktem Anschluss an Bayern bietet unz\u00e4hlige ENTDECKUNGSM\u00d6GLICHKEITEN F\u00dcR SKITOURENGEHER. Christian Heugl zeigt mit seinen 101 SCH\u00d6NSTEN ROUTEN, \u00fcbersichtlich gegliedert in die Regionen FLACHGAU, STADT SALZBURG, TENNENGAU, PONGAU, PINZGAU, LUNGAU und BAYERN (Berchtesgadener- und Chiemgauer Alpen), wie abwechslungsreich der beliebte Wintersport sein kann. Neben den DETAILLIERTEN ROUTENBESCHREIBUNGEN, \u00fcbersichtlich MIT KARTEN UND EINDRUCKSVOLLEN [&#8230;]\n","protected":false},"featured_media":36114,"template":"","meta":[],"product_brand":[],"product_cat":[21540],"product_tag":[],"class_list":{"0":"post-149474","1":"product","2":"type-product","3":"status-publish","4":"has-post-thumbnail","6":"product_cat-fuehrerliteratur-alpin-winter","7":"pa_autor-heugl","8":"pa_erscheinungsjahr-27013","9":"pa_region-oesterreich","10":"pa_sprache-de","12":"first","13":"onbackorder","14":"taxable","15":"shipping-taxable","16":"purchasable","17":"product-type-simple"},"_links":{"self":[{"href":"https:\/\/pizbube.ch\/en\/wp-json\/wp\/v2\/product\/149474","targetHints":{"allow":["GET"]}}],"collection":[{"href":"https:\/\/pizbube.ch\/en\/wp-json\/wp\/v2\/product"}],"about":[{"href":"https:\/\/pizbube.ch\/en\/wp-json\/wp\/v2\/types\/product"}],"wp:featuredmedia":[{"embeddable":true,"href":"https:\/\/pizbube.ch\/en\/wp-json\/wp\/v2\/media\/36114"}],"wp:attachment":[{"href":"https:\/\/pizbube.ch\/en\/wp-json\/wp\/v2\/media?parent=149474"}],"wp:term":[{"taxonomy":"product_brand","embeddable":true,"href":"https:\/\/pizbube.ch\/en\/wp-json\/wp\/v2\/product_brand?post=149474"},{"taxonomy":"product_cat","embeddable":true,"href":"https:\/\/pizbube.ch\/en\/wp-json\/wp\/v2\/product_cat?post=149474"},{"taxonomy":"product_tag","embeddable":true,"href":"https:\/\/pizbube.ch\/en\/wp-json\/wp\/v2\/product_tag?post=149474"}],"curies":[{"name":"wp","href":"https:\/\/api.w.org\/{rel}","templated":true}]}}