{"id":149475,"date":"2021-01-15T10:59:44","date_gmt":"2021-01-15T10:59:44","guid":{"rendered":"https:\/\/codengine3.ch\/?product=import-placeholder-for-208585"},"modified":"2024-11-06T17:48:40","modified_gmt":"2024-11-06T16:48:40","slug":"22-perfekte-skitouren-wochenenden-vom-engadin-bis-zum-dachstein","status":"publish","type":"product","link":"https:\/\/pizbube.ch\/en\/shop\/22-perfekte-skitouren-wochenenden-vom-engadin-bis-zum-dachstein\/","title":{"rendered":"22 perfekte Skitouren-Wochenenden &#8211; vom Engadin bis zum Dachstein"},"content":{"rendered":"<p>Tiefschnee, Sonnenschein, eine stilvolle Unterkunft und ein gutes Abendessen \u2013<br \/>\ndas sind die Zutaten f\u00fcr ein perfektes Skitouren-Wochenende<\/p>\n<p>Tiefschnee, Sonnenschein, eine stilvolle Unterkunft und ein gutes Abendessen \u2013<br \/>\ndas sind die Zutaten f\u00fcr ein perfektes Skitouren-Wochenende! Dieser Rother<br \/>\nSelection Band pr\u00e4sentiert eine breite Auswahl von abwechslungsreichen und<br \/>\nsinnvoll zusammengestellten \u00bbWochenend-Paketen\u00ab.<\/p>\n<p>Vom Engadin bis zum Hohen Dachstein und vom n\u00f6rdlichen Alpenrand bis nach<br \/>\nS\u00fcdtirol werden hier gro\u00dfartige Skitouren vorgestellt, f\u00fcr die sich eine<br \/>\nl\u00e4ngere Anreise und eine ganze Wochenendauszeit lohnen. Am Abend sorgen ein<br \/>\ngutes Abendessen und eine \u00dcbernachtung in ansprechendem Ambiente f\u00fcr perfekte<br \/>\nErholung und Genuss. Dazu braucht es weder ein Luxushotel noch ein Sterne-<br \/>\nMen\u00fc, sondern guten Geschmack, individuellen Stil und regionale, ehrliche<br \/>\nK\u00fcche, und das zu einem bezahlbaren Preis.<\/p>\n<p>Die Skitouren sind nach Schwierigkeitsniveaus zusammengestellt: Von einfachen<br \/>\nGenusstouren f\u00fcr Einsteiger bis hin zu anspruchsvollen, langen Unternehmungen<br \/>\ninklusive Gletscherkontakt ist f\u00fcr jeden etwas dabei. Jeder Tourenvorschlag<br \/>\nwird mit einer klaren Wegbeschreibung und mit einem Kartenausschnitt<br \/>\nvorgestellt. Die praktische Umschlagklappe liefert einen \u00dcberblick \u00fcber alle<br \/>\nTouren mit ihren wichtigsten Eckpunkten. Die gro\u00dfz\u00fcgige Ausstattung des<br \/>\nSelection Bandes und exzellente Farbbilder machen Lust aufs Schm\u00f6kern und noch<br \/>\nviel mehr auf eine kurze Auszeit im Winter.<\/p>\n<p>1. Auflage 2019, 192 Seiten mit 185 Farbabbildungen<br \/>\n22 Tourenk\u00e4rtchen im Ma\u00dfstab 1:50.000, eine \u00dcbersichtskarte und eine<br \/>\nTourenmatrix<br \/>\nEnglische Broschur mit Umschlagklappe<\/p>","protected":false},"excerpt":{"rendered":"<p>Tiefschnee, Sonnenschein, eine stilvolle Unterkunft und ein gutes Abendessen \u2013 das sind die Zutaten f\u00fcr ein perfektes Skitouren-Wochenende Tiefschnee, Sonnenschein, eine stilvolle Unterkunft und ein gutes Abendessen \u2013 das sind die Zutaten f\u00fcr ein perfektes Skitouren-Wochenende! Dieser Rother Selection Band pr\u00e4sentiert eine breite Auswahl von abwechslungsreichen und sinnvoll zusammengestellten \u00bbWochenend-Paketen\u00ab. Vom Engadin bis zum Hohen [&#8230;]\n","protected":false},"featured_media":177061,"template":"","meta":[],"product_brand":[],"product_cat":[21540],"product_tag":[],"class_list":{"0":"post-149475","1":"product","2":"type-product","3":"status-publish","4":"has-post-thumbnail","6":"product_cat-fuehrerliteratur-alpin-winter","7":"pa_autor-schneck","8":"pa_erscheinungsjahr-21586","9":"pa_region-oesterreich","10":"pa_sprache-de","12":"first","13":"instock","14":"taxable","15":"shipping-taxable","16":"purchasable","17":"product-type-simple"},"_links":{"self":[{"href":"https:\/\/pizbube.ch\/en\/wp-json\/wp\/v2\/product\/149475","targetHints":{"allow":["GET"]}}],"collection":[{"href":"https:\/\/pizbube.ch\/en\/wp-json\/wp\/v2\/product"}],"about":[{"href":"https:\/\/pizbube.ch\/en\/wp-json\/wp\/v2\/types\/product"}],"wp:featuredmedia":[{"embeddable":true,"href":"https:\/\/pizbube.ch\/en\/wp-json\/wp\/v2\/media\/177061"}],"wp:attachment":[{"href":"https:\/\/pizbube.ch\/en\/wp-json\/wp\/v2\/media?parent=149475"}],"wp:term":[{"taxonomy":"product_brand","embeddable":true,"href":"https:\/\/pizbube.ch\/en\/wp-json\/wp\/v2\/product_brand?post=149475"},{"taxonomy":"product_cat","embeddable":true,"href":"https:\/\/pizbube.ch\/en\/wp-json\/wp\/v2\/product_cat?post=149475"},{"taxonomy":"product_tag","embeddable":true,"href":"https:\/\/pizbube.ch\/en\/wp-json\/wp\/v2\/product_tag?post=149475"}],"curies":[{"name":"wp","href":"https:\/\/api.w.org\/{rel}","templated":true}]}}