{"id":149477,"date":"2021-01-15T10:59:44","date_gmt":"2021-01-15T10:59:44","guid":{"rendered":"https:\/\/codengine3.ch\/?product=import-placeholder-for-207277"},"modified":"2025-02-21T18:00:03","modified_gmt":"2025-02-21T17:00:03","slug":"mallorcas-wilder-westen","status":"publish","type":"product","link":"https:\/\/pizbube.ch\/en\/shop\/mallorcas-wilder-westen\/","title":{"rendered":"Mallorcas wilder Westen"},"content":{"rendered":"<p>Wandern in der Serra de Tramuntana \u2013 Wege und Geschichten<\/p>\n<p>Susanne Schabers Mallorcas wilder Westen l\u00e4dt ein, die spektakul\u00e4re wie<br \/>\ngeheimnisvolle Gegend der Serra de Tramuntana zu erkunden.<\/p>\n<p>Spektakul\u00e4re Pfade entlang der Steilk\u00fcste, schroffe Gipfel mit Blick aufs<br \/>\nMeer, G\u00e4rten voller Mandel- und Orangenb\u00e4ume: Die Serra de Tramuntana, das<br \/>\nGebirge im Nordwesten Mallorcas, z\u00e4hlt zu den sch\u00f6nsten und geheimnisvollsten<br \/>\nLandstrichen der Insel.<br \/>\nDie \u00bbRuta de pedra en sec\u00ab, die fr\u00fchere Bergpassage der Bauern und Hirten, der<br \/>\nH\u00e4ndler, Schmuggler und Pilger, ist heute ein gut hundertdrei\u00dfig Kilometer<br \/>\nlanger Weitwanderweg.<\/p>\n<p>Dieses Lesewanderbuch folgt dem neu erschlossenen GR 221 in neun Etappen und<br \/>\nsp\u00fcrt unterwegs der Kulturgeschichte und dem Alltag in der Tramuntana nach.<br \/>\nSusanne Schaber begegnet den Menschen, die zwischen Meer und Fels leben.<\/p>\n<p>Sie erz\u00e4hlt Geschichten von Eroberern und Poeten, von K\u00fcnstlern und deren<br \/>\nLeidenschaften, sie zeigt uns die K\u00f6stlichkeiten der regionalen K\u00fcche und<br \/>\nnimmt uns mit in eine gastfreundliche Herberge, wo m\u00fcden Wanderern Beine,<br \/>\nSchultern und Herz wieder leicht werden.<\/p>\n<p>Ausf\u00fchrliche Wegbeschreibungen, Ausflugs- und Literaturtipps sowie<br \/>\n\u00dcbersichtskarten sorgen daf\u00fcr, dass jeder sicher an sein Ziel kommt. Bon cam\u00ed!<\/p>\n<p>Mit Farbfotos von Karl M\u00fchlberger, \u00dcbersichtskarte und Serviceteil<br \/>\n200 Seiten, 13.5 \u00d7 20.4 cm, Klappenbroschur<br \/>\n1. Auflage 2013<\/p>","protected":false},"excerpt":{"rendered":"<p>Wandern in der Serra de Tramuntana \u2013 Wege und Geschichten Susanne Schabers Mallorcas wilder Westen l\u00e4dt ein, die spektakul\u00e4re wie geheimnisvolle Gegend der Serra de Tramuntana zu erkunden. Spektakul\u00e4re Pfade entlang der Steilk\u00fcste, schroffe Gipfel mit Blick aufs Meer, G\u00e4rten voller Mandel- und Orangenb\u00e4ume: Die Serra de Tramuntana, das Gebirge im Nordwesten Mallorcas, z\u00e4hlt zu [&#8230;]\n","protected":false},"featured_media":178642,"template":"","meta":[],"product_brand":[],"product_cat":[21605],"product_tag":[],"class_list":{"0":"post-149477","1":"product","2":"type-product","3":"status-publish","4":"has-post-thumbnail","6":"product_cat-wanderfuehrer-trekking","7":"pa_autor-schaber","8":"pa_erscheinungsjahr-21568","9":"pa_region-spanien","10":"pa_sprache-de","12":"first","13":"instock","14":"taxable","15":"shipping-taxable","16":"purchasable","17":"product-type-simple"},"_links":{"self":[{"href":"https:\/\/pizbube.ch\/en\/wp-json\/wp\/v2\/product\/149477","targetHints":{"allow":["GET"]}}],"collection":[{"href":"https:\/\/pizbube.ch\/en\/wp-json\/wp\/v2\/product"}],"about":[{"href":"https:\/\/pizbube.ch\/en\/wp-json\/wp\/v2\/types\/product"}],"wp:featuredmedia":[{"embeddable":true,"href":"https:\/\/pizbube.ch\/en\/wp-json\/wp\/v2\/media\/178642"}],"wp:attachment":[{"href":"https:\/\/pizbube.ch\/en\/wp-json\/wp\/v2\/media?parent=149477"}],"wp:term":[{"taxonomy":"product_brand","embeddable":true,"href":"https:\/\/pizbube.ch\/en\/wp-json\/wp\/v2\/product_brand?post=149477"},{"taxonomy":"product_cat","embeddable":true,"href":"https:\/\/pizbube.ch\/en\/wp-json\/wp\/v2\/product_cat?post=149477"},{"taxonomy":"product_tag","embeddable":true,"href":"https:\/\/pizbube.ch\/en\/wp-json\/wp\/v2\/product_tag?post=149477"}],"curies":[{"name":"wp","href":"https:\/\/api.w.org\/{rel}","templated":true}]}}