{"id":149478,"date":"2021-01-15T10:59:44","date_gmt":"2021-01-15T10:59:44","guid":{"rendered":"https:\/\/codengine3.ch\/?product=import-placeholder-for-201115"},"modified":"2021-01-15T11:03:42","modified_gmt":"2021-01-15T11:03:42","slug":"mallorca-die-70-schoensten-wanderungen","status":"publish","type":"product","link":"https:\/\/pizbube.ch\/en\/shop\/mallorca-die-70-schoensten-wanderungen\/","title":{"rendered":"Mallorca &#8211; Die 70 sch\u00f6nsten Wanderungen"},"content":{"rendered":"<p>Die 70 sch\u00f6nsten Touren. Jetzt 30 Touren mehr!<\/p>\n<p>Mallorca ist ein ideales Wanderreiseziel f\u00fcr die \u00dcbergangsjahreszeiten. Die<br \/>\nabwechslungsreiche mediterrane Landschaft sowie beeindruckende und<br \/>\nunvergessliche Natur- und Kulturerlebnisse begeistern vor allem Wanderfreunde:<br \/>\nbeschauliches Dorfleben und bl\u00fchende T\u00e4ler, tiefe Schluchten und Burgen mit<br \/>\nbewegter Geschichte. Kompetent und zuverl\u00e4ssig stellt dieser praktische<br \/>\nBegleiter auf 70 ausgew\u00e4hlten Touren die ganze Vielfalt der Insel vor.<br \/>\n168 Seiten, ca. 140 Abbildungen, Format 11,4 x 17,5 cm, Klappenbroschur mit<br \/>\nFadenheftung<\/p>","protected":false},"excerpt":{"rendered":"<p>Die 70 sch\u00f6nsten Touren. Jetzt 30 Touren mehr! Mallorca ist ein ideales Wanderreiseziel f\u00fcr die \u00dcbergangsjahreszeiten. Die abwechslungsreiche mediterrane Landschaft sowie beeindruckende und unvergessliche Natur- und Kulturerlebnisse begeistern vor allem Wanderfreunde: beschauliches Dorfleben und bl\u00fchende T\u00e4ler, tiefe Schluchten und Burgen mit bewegter Geschichte. Kompetent und zuverl\u00e4ssig stellt dieser praktische Begleiter auf 70 ausgew\u00e4hlten Touren die [&#8230;]\n","protected":false},"featured_media":37613,"template":"","meta":[],"product_brand":[],"product_cat":[21605],"product_tag":[],"class_list":{"0":"post-149478","1":"product","2":"type-product","3":"status-publish","4":"has-post-thumbnail","6":"product_cat-wanderfuehrer-trekking","7":"pa_autor-gabriel","8":"pa_erscheinungsjahr-21550","9":"pa_region-spanien","10":"pa_sprache-de","12":"first","13":"instock","14":"taxable","15":"shipping-taxable","16":"purchasable","17":"product-type-simple"},"_links":{"self":[{"href":"https:\/\/pizbube.ch\/en\/wp-json\/wp\/v2\/product\/149478","targetHints":{"allow":["GET"]}}],"collection":[{"href":"https:\/\/pizbube.ch\/en\/wp-json\/wp\/v2\/product"}],"about":[{"href":"https:\/\/pizbube.ch\/en\/wp-json\/wp\/v2\/types\/product"}],"wp:featuredmedia":[{"embeddable":true,"href":"https:\/\/pizbube.ch\/en\/wp-json\/wp\/v2\/media\/37613"}],"wp:attachment":[{"href":"https:\/\/pizbube.ch\/en\/wp-json\/wp\/v2\/media?parent=149478"}],"wp:term":[{"taxonomy":"product_brand","embeddable":true,"href":"https:\/\/pizbube.ch\/en\/wp-json\/wp\/v2\/product_brand?post=149478"},{"taxonomy":"product_cat","embeddable":true,"href":"https:\/\/pizbube.ch\/en\/wp-json\/wp\/v2\/product_cat?post=149478"},{"taxonomy":"product_tag","embeddable":true,"href":"https:\/\/pizbube.ch\/en\/wp-json\/wp\/v2\/product_tag?post=149478"}],"curies":[{"name":"wp","href":"https:\/\/api.w.org\/{rel}","templated":true}]}}