{"id":149479,"date":"2021-01-15T10:59:44","date_gmt":"2021-01-15T10:59:44","guid":{"rendered":"https:\/\/codengine3.ch\/?product=import-placeholder-for-206415"},"modified":"2021-01-15T14:48:47","modified_gmt":"2021-01-15T14:48:47","slug":"mallorca-wandern-geniessen","status":"publish","type":"product","link":"https:\/\/pizbube.ch\/en\/shop\/mallorca-wandern-geniessen\/","title":{"rendered":"Mallorca Wandern &#038; Genie\u00dfen"},"content":{"rendered":"<p>Abseits der in der Saison \u00fcberlaufenen Str\u00e4nde wartet ein Wanderparadies mit<br \/>\nuralten Olivenhainen, spektakul\u00e4ren K\u00fcstenlandschaften und aussichtsreichen<br \/>\nGipfelzielen darauf, entdeckt zu werden. Sp\u00e4testens in den Bergen der<br \/>\nTramuntana verliert sich der aufgeregte L\u00e4rm der Welt vollends. Das andere<br \/>\nMallorca ist oft nur ein paar Gehminuten vom lebhaften Badeort entfernt,<br \/>\nmanchmal schon einen Steinwurf hinter einer Felsenklippe. \u00dcber den vielen<br \/>\nkleinen Badebuchten mit ihrem t\u00fcrkisfarbenen Wasser erheben sich bewaldete<br \/>\nK\u00fcstenberge und ein von wilden Schluchten durchzogenes Kalkgebirge, in den<br \/>\nT\u00e4lern reifen Orangen und Zitronen.<\/p>\n<p>Viel Natur und dazu mediterranes Flair vom Feinsten. Auch dass Mallorca sich<br \/>\nzur beliebtesten Wanderregion S\u00fcdeuropas entwickelt hat, st\u00f6rt kaum. Das<br \/>\nWegenetz ist gro\u00df genug, sodass Sie abseits der ausgetretenen Pfade mitunter<br \/>\nstundenlang mit sich und der Welt allein sein k\u00f6nnen. Sie wandern auf<br \/>\ngepflasterten Pilgerrouten, schattigen K\u00f6hlerwegen und verschwiegenen<br \/>\nSchmugglerpfaden, mal \u00fcber der malerischen K\u00fcste, mal im Aufstieg auf einen<br \/>\nAussichtsgipfel oder eine der beiden maurischen Burgen. Beliebte Ziele sind<br \/>\nauch die alten Wachtt\u00fcrme aus der Zeit der Piraten-\u00c4ra, die exponiert auf<br \/>\neinen K\u00fcstenberg gesetzt gro\u00dfartige Panoramen bieten.  <\/p>\n<p>Dieses Buch stellt 35 ausgew\u00e4hlte Touren f\u00fcr alle Anforderungen vor, neben<br \/>\nKlassikern auch viele noch wenig bekannte und neue Wanderungen. \u00dcbersichtliche<br \/>\nTourensteckbriefe, ausf\u00fchrliche Routenbeschreibungen, H\u00f6henprofile und<br \/>\nWanderkarten zu jeder Tour machen dieses Buch zu einer unverzichtbaren<br \/>\nPlanungshilfe, die vielen attraktiven Fotos zum Augenschmaus. Damit unterwegs<br \/>\nder kulinarische Genuss nicht zu kurz kommt, gibt es zu allen<br \/>\nTourenvorschl\u00e4gen Einkehrtipps.<br \/>\n2. Auflg. 2015<\/p>","protected":false},"excerpt":{"rendered":"<p>Abseits der in der Saison \u00fcberlaufenen Str\u00e4nde wartet ein Wanderparadies mit uralten Olivenhainen, spektakul\u00e4ren K\u00fcstenlandschaften und aussichtsreichen Gipfelzielen darauf, entdeckt zu werden. Sp\u00e4testens in den Bergen der Tramuntana verliert sich der aufgeregte L\u00e4rm der Welt vollends. Das andere Mallorca ist oft nur ein paar Gehminuten vom lebhaften Badeort entfernt, manchmal schon einen Steinwurf hinter einer [&#8230;]\n","protected":false},"featured_media":35444,"template":"","meta":[],"product_brand":[],"product_cat":[21605],"product_tag":[],"class_list":{"0":"post-149479","1":"product","2":"type-product","3":"status-publish","4":"has-post-thumbnail","6":"product_cat-wanderfuehrer-trekking","7":"pa_autor-goetz","8":"pa_erscheinungsjahr-21597","9":"pa_region-spanien","10":"pa_sprache-de","12":"first","13":"instock","14":"taxable","15":"shipping-taxable","16":"purchasable","17":"product-type-simple"},"_links":{"self":[{"href":"https:\/\/pizbube.ch\/en\/wp-json\/wp\/v2\/product\/149479","targetHints":{"allow":["GET"]}}],"collection":[{"href":"https:\/\/pizbube.ch\/en\/wp-json\/wp\/v2\/product"}],"about":[{"href":"https:\/\/pizbube.ch\/en\/wp-json\/wp\/v2\/types\/product"}],"wp:featuredmedia":[{"embeddable":true,"href":"https:\/\/pizbube.ch\/en\/wp-json\/wp\/v2\/media\/35444"}],"wp:attachment":[{"href":"https:\/\/pizbube.ch\/en\/wp-json\/wp\/v2\/media?parent=149479"}],"wp:term":[{"taxonomy":"product_brand","embeddable":true,"href":"https:\/\/pizbube.ch\/en\/wp-json\/wp\/v2\/product_brand?post=149479"},{"taxonomy":"product_cat","embeddable":true,"href":"https:\/\/pizbube.ch\/en\/wp-json\/wp\/v2\/product_cat?post=149479"},{"taxonomy":"product_tag","embeddable":true,"href":"https:\/\/pizbube.ch\/en\/wp-json\/wp\/v2\/product_tag?post=149479"}],"curies":[{"name":"wp","href":"https:\/\/api.w.org\/{rel}","templated":true}]}}