{"id":149480,"date":"2021-01-15T10:59:44","date_gmt":"2021-01-15T10:59:44","guid":{"rendered":"https:\/\/codengine3.ch\/?product=import-placeholder-for-208665"},"modified":"2021-01-15T17:56:32","modified_gmt":"2021-01-15T17:56:32","slug":"mallorca-175000","status":"publish","type":"product","link":"https:\/\/pizbube.ch\/en\/shop\/mallorca-175000\/","title":{"rendered":"Mallorca 1:75`000"},"content":{"rendered":"<p>Mit Cityplan Palma, Blattnummer 230<\/p>\n<p>4in1 Wanderkarte &#8211; Deutsch \/ Englisch \/ Spanisch, mit Aktiv Guide, Karten<\/p>\n<p>Die 4in1 Wanderkarte ist jetzt noch \u00fcbersichtlicher und besser lesbar. Die<br \/>\nWanderkarten aus den Top-Wanderregionen sind mit einer zus\u00e4tzlichen Karte im<br \/>\nDetailma\u00dfstab ausgestattet. Der Aktiv Guide informiert Sie rund um das Thema<br \/>\nOutdoor und die kostenlose App f\u00fcr unterwegs gibt es auch noch dazu. Das<br \/>\nbildet die perfekte Grundlage f\u00fcr die Planung einer Wandertour. Die pr\u00e4zise<br \/>\nKartografie zeigt alle begehbaren Wanderwege inklusive Klassifizierung.<br \/>\nInformationen wie Schwimmb\u00e4der, Klettersteige, Kinderspielpl\u00e4tze, H\u00fctten und<br \/>\nvieles mehr sind in der Karte ebenfalls enthalten. Dank der rei\u00df- und<br \/>\nwetterfesten Papierqualit\u00e4t ist die Karte bei jedem Wetter ein treuer<br \/>\nBegleiter.  <\/p>","protected":false},"excerpt":{"rendered":"<p>Mit Cityplan Palma, Blattnummer 230 4in1 Wanderkarte &#8211; Deutsch \/ Englisch \/ Spanisch, mit Aktiv Guide, Karten Die 4in1 Wanderkarte ist jetzt noch \u00fcbersichtlicher und besser lesbar. Die Wanderkarten aus den Top-Wanderregionen sind mit einer zus\u00e4tzlichen Karte im Detailma\u00dfstab ausgestattet. Der Aktiv Guide informiert Sie rund um das Thema Outdoor und die kostenlose App f\u00fcr [&#8230;]\n","protected":false},"featured_media":37704,"template":"","meta":[],"product_brand":[],"product_cat":[21543],"product_tag":[],"class_list":{"0":"post-149480","1":"product","2":"type-product","3":"status-publish","4":"has-post-thumbnail","6":"product_cat-landkarten","7":"pa_autor-kompass","8":"pa_erscheinungsjahr-21586","9":"pa_region-spanien","10":"pa_sprache-de","12":"first","13":"instock","14":"taxable","15":"shipping-taxable","16":"purchasable","17":"product-type-simple"},"_links":{"self":[{"href":"https:\/\/pizbube.ch\/en\/wp-json\/wp\/v2\/product\/149480","targetHints":{"allow":["GET"]}}],"collection":[{"href":"https:\/\/pizbube.ch\/en\/wp-json\/wp\/v2\/product"}],"about":[{"href":"https:\/\/pizbube.ch\/en\/wp-json\/wp\/v2\/types\/product"}],"wp:featuredmedia":[{"embeddable":true,"href":"https:\/\/pizbube.ch\/en\/wp-json\/wp\/v2\/media\/37704"}],"wp:attachment":[{"href":"https:\/\/pizbube.ch\/en\/wp-json\/wp\/v2\/media?parent=149480"}],"wp:term":[{"taxonomy":"product_brand","embeddable":true,"href":"https:\/\/pizbube.ch\/en\/wp-json\/wp\/v2\/product_brand?post=149480"},{"taxonomy":"product_cat","embeddable":true,"href":"https:\/\/pizbube.ch\/en\/wp-json\/wp\/v2\/product_cat?post=149480"},{"taxonomy":"product_tag","embeddable":true,"href":"https:\/\/pizbube.ch\/en\/wp-json\/wp\/v2\/product_tag?post=149480"}],"curies":[{"name":"wp","href":"https:\/\/api.w.org\/{rel}","templated":true}]}}