{"id":149487,"date":"2021-01-15T10:59:45","date_gmt":"2021-01-15T10:59:45","guid":{"rendered":"https:\/\/codengine3.ch\/?product=import-placeholder-for-203002"},"modified":"2021-01-15T12:53:11","modified_gmt":"2021-01-15T12:53:11","slug":"mountainbike-erlebnis-schweizer-alpen-west","status":"publish","type":"product","link":"https:\/\/pizbube.ch\/en\/shop\/mountainbike-erlebnis-schweizer-alpen-west\/","title":{"rendered":"Mountainbike Erlebnis Schweizer Alpen West"},"content":{"rendered":"<p>Unvergessliche Bike-Erlebnisse zwischen Boden- und Genfersee! Der achte Band<br \/>\nin der Reihe Mountainbike Erlebnis beschreibt f\u00fcnf mehrt\u00e4gige \u00dcberquerungen im<br \/>\nwestlichen Teil der Schweiz.<br \/>\nJura Durchquerung, Zentralschweizer Voralpen, Pr\u00e9alpes, Berner und Walliser<br \/>\nAlpen, Walliser Haute Route.<br \/>\n224 S. \/ ca. 142 Abb. \/ exakte Routenskizzen mit H\u00f6henprofil  <\/p>","protected":false},"excerpt":{"rendered":"<p>Unvergessliche Bike-Erlebnisse zwischen Boden- und Genfersee! Der achte Band in der Reihe Mountainbike Erlebnis beschreibt f\u00fcnf mehrt\u00e4gige \u00dcberquerungen im westlichen Teil der Schweiz. Jura Durchquerung, Zentralschweizer Voralpen, Pr\u00e9alpes, Berner und Walliser Alpen, Walliser Haute Route. 224 S. \/ ca. 142 Abb. \/ exakte Routenskizzen mit H\u00f6henprofil<\/p>","protected":false},"featured_media":30507,"template":"","meta":[],"product_brand":[],"product_cat":[21606],"product_tag":[],"class_list":{"0":"post-149487","1":"product","2":"type-product","3":"status-publish","4":"has-post-thumbnail","6":"product_cat-mountainbikefuehrer","7":"pa_autor-eggenberger","8":"pa_erscheinungsjahr-22292","9":"pa_region-schweiz","10":"pa_sprache-de","12":"first","13":"instock","14":"taxable","15":"shipping-taxable","16":"purchasable","17":"product-type-simple"},"_links":{"self":[{"href":"https:\/\/pizbube.ch\/en\/wp-json\/wp\/v2\/product\/149487","targetHints":{"allow":["GET"]}}],"collection":[{"href":"https:\/\/pizbube.ch\/en\/wp-json\/wp\/v2\/product"}],"about":[{"href":"https:\/\/pizbube.ch\/en\/wp-json\/wp\/v2\/types\/product"}],"wp:featuredmedia":[{"embeddable":true,"href":"https:\/\/pizbube.ch\/en\/wp-json\/wp\/v2\/media\/30507"}],"wp:attachment":[{"href":"https:\/\/pizbube.ch\/en\/wp-json\/wp\/v2\/media?parent=149487"}],"wp:term":[{"taxonomy":"product_brand","embeddable":true,"href":"https:\/\/pizbube.ch\/en\/wp-json\/wp\/v2\/product_brand?post=149487"},{"taxonomy":"product_cat","embeddable":true,"href":"https:\/\/pizbube.ch\/en\/wp-json\/wp\/v2\/product_cat?post=149487"},{"taxonomy":"product_tag","embeddable":true,"href":"https:\/\/pizbube.ch\/en\/wp-json\/wp\/v2\/product_tag?post=149487"}],"curies":[{"name":"wp","href":"https:\/\/api.w.org\/{rel}","templated":true}]}}