{"id":149488,"date":"2021-01-15T10:59:45","date_gmt":"2021-01-15T10:59:45","guid":{"rendered":"https:\/\/codengine3.ch\/?product=import-placeholder-for-207066"},"modified":"2022-08-02T09:47:56","modified_gmt":"2022-08-02T07:47:56","slug":"mountainbiken-im-aostatal","status":"publish","type":"product","link":"https:\/\/pizbube.ch\/en\/shop\/mountainbiken-im-aostatal\/","title":{"rendered":"MOUNTAINBIKEN IM AOSTATAL"},"content":{"rendered":"<p>61 Touren am Fu\u00dfe der 4000er<\/p>\n<p>Eine Auswahl von 61 Touren f\u00fcr das Mountainbike am Fu\u00dfe der<br \/>\nh\u00f6chsten Gipfel der Alpen wird euch auf Entdeckungstour in die versteckten<br \/>\nEcken der wundersch\u00f6nen Region des Aostatals schicken. Es geht durch W\u00e4lder,<br \/>\n\u00fcber Weiden und P\u00e4sse, von der Talsohle ins Hochgebirge auf Singletracks oder<br \/>\nFeldwegen. Mit den vorgeschlagenen Wegen werden sowohl Anf\u00e4nger, die gerade<br \/>\nerst in die Welt des Mountainbikens eingetaucht sind, als auch erfahrene Biker<br \/>\nauf der Suche nach Herausforderungen auf ihre Kosten kommen.<\/p>\n<p>Die Beschreibung der Touren des Fall\u00e8re, Mont Blanc und Grand Combin<br \/>\nvervollst\u00e4ndigt diesen F\u00fchrer und bietet die M\u00f6glichkeit, eine wirklich echte<br \/>\nReise mit dem Mountainbike rund um diese wunderbaren 4000er in Angriff zu<br \/>\nnehmen.<br \/>\nNun bleibt euch nichts anderes mehr \u00fcbrig, als euch in den Sattel zu schwingen<br \/>\nund loszuradeln auf Entdeckungstour entlang der sch\u00f6nsten Wege dieser<br \/>\nau\u00dfergew\u00f6hnlichen Region.<\/p>","protected":false},"excerpt":{"rendered":"<p>61 Touren am Fu\u00dfe der 4000er Eine Auswahl von 61 Touren f\u00fcr das Mountainbike am Fu\u00dfe der h\u00f6chsten Gipfel der Alpen wird euch auf Entdeckungstour in die versteckten Ecken der wundersch\u00f6nen Region des Aostatals schicken. Es geht durch W\u00e4lder, \u00fcber Weiden und P\u00e4sse, von der Talsohle ins Hochgebirge auf Singletracks oder Feldwegen. Mit den vorgeschlagenen [&#8230;]\n","protected":false},"featured_media":36649,"template":"","meta":[],"product_brand":[],"product_cat":[21606],"product_tag":[],"class_list":{"0":"post-149488","1":"product","2":"type-product","3":"status-publish","4":"has-post-thumbnail","6":"product_cat-mountainbikefuehrer","7":"pa_autor-charruaz-sappa-borbey-herin","8":"pa_erscheinungsjahr-21621","9":"pa_region-italien","10":"pa_sprache-de","12":"first","13":"outofstock","14":"taxable","15":"shipping-taxable","16":"purchasable","17":"product-type-simple"},"_links":{"self":[{"href":"https:\/\/pizbube.ch\/en\/wp-json\/wp\/v2\/product\/149488","targetHints":{"allow":["GET"]}}],"collection":[{"href":"https:\/\/pizbube.ch\/en\/wp-json\/wp\/v2\/product"}],"about":[{"href":"https:\/\/pizbube.ch\/en\/wp-json\/wp\/v2\/types\/product"}],"wp:featuredmedia":[{"embeddable":true,"href":"https:\/\/pizbube.ch\/en\/wp-json\/wp\/v2\/media\/36649"}],"wp:attachment":[{"href":"https:\/\/pizbube.ch\/en\/wp-json\/wp\/v2\/media?parent=149488"}],"wp:term":[{"taxonomy":"product_brand","embeddable":true,"href":"https:\/\/pizbube.ch\/en\/wp-json\/wp\/v2\/product_brand?post=149488"},{"taxonomy":"product_cat","embeddable":true,"href":"https:\/\/pizbube.ch\/en\/wp-json\/wp\/v2\/product_cat?post=149488"},{"taxonomy":"product_tag","embeddable":true,"href":"https:\/\/pizbube.ch\/en\/wp-json\/wp\/v2\/product_tag?post=149488"}],"curies":[{"name":"wp","href":"https:\/\/api.w.org\/{rel}","templated":true}]}}