{"id":149490,"date":"2021-01-15T10:59:45","date_gmt":"2021-01-15T10:59:45","guid":{"rendered":"https:\/\/codengine3.ch\/?product=import-placeholder-for-206077"},"modified":"2021-01-15T14:46:09","modified_gmt":"2021-01-15T14:46:09","slug":"vtt-pyrenees-t1","status":"publish","type":"product","link":"https:\/\/pizbube.ch\/en\/shop\/vtt-pyrenees-t1\/","title":{"rendered":"VTT Pyr\u00e9n\u00e9es T1"},"content":{"rendered":"<p>Pyr\u00e9n\u00e9es Ouest, montagnes et sierras<br \/>\nPays basque &#8211; B\u00e9arn &#8211; Hautes-Pyr\u00e9n\u00e9es &#8211; Aragon  <\/p>\n<p>La majorit\u00e9 des 58 parcours propos\u00e9s se situent en montagne, mais pas<br \/>\nuniquement, car les sierras aragonaises offrent \u00e9galement la magie de la<br \/>\nnature sauvage. Lorsque le temps est maussade c\u00f4t\u00e9 nord, il suffit de basculer<br \/>\nsur le versant espagnol pour d\u00e9couvrir et partager d\u2019autres paysages\u2026 Il<br \/>\nfaudra p\u00e9daler et adapter sa technique aux terrains vari\u00e9s. Mais au-del\u00e0 de la<br \/>\ndimension sportive, le VTT est aussi et surtout un moyen de locomotion tr\u00e8s<br \/>\nagr\u00e9able qui permet d\u2019effectuer de grands tours.  <\/p>","protected":false},"excerpt":{"rendered":"<p>Pyr\u00e9n\u00e9es Ouest, montagnes et sierras Pays basque &#8211; B\u00e9arn &#8211; Hautes-Pyr\u00e9n\u00e9es &#8211; Aragon La majorit\u00e9 des 58 parcours propos\u00e9s se situent en montagne, mais pas uniquement, car les sierras aragonaises offrent \u00e9galement la magie de la nature sauvage. Lorsque le temps est maussade c\u00f4t\u00e9 nord, il suffit de basculer sur le versant espagnol pour d\u00e9couvrir [&#8230;]\n","protected":false},"featured_media":34981,"template":"","meta":[],"product_brand":[],"product_cat":[21606],"product_tag":[],"class_list":{"0":"post-149490","1":"product","2":"type-product","3":"status-publish","4":"has-post-thumbnail","6":"product_cat-mountainbikefuehrer","7":"pa_autor-larrandaburu","8":"pa_erscheinungsjahr-21830","9":"pa_region-frankreich","10":"pa_sprache-fr","12":"first","13":"instock","14":"taxable","15":"shipping-taxable","16":"purchasable","17":"product-type-simple"},"_links":{"self":[{"href":"https:\/\/pizbube.ch\/en\/wp-json\/wp\/v2\/product\/149490","targetHints":{"allow":["GET"]}}],"collection":[{"href":"https:\/\/pizbube.ch\/en\/wp-json\/wp\/v2\/product"}],"about":[{"href":"https:\/\/pizbube.ch\/en\/wp-json\/wp\/v2\/types\/product"}],"wp:featuredmedia":[{"embeddable":true,"href":"https:\/\/pizbube.ch\/en\/wp-json\/wp\/v2\/media\/34981"}],"wp:attachment":[{"href":"https:\/\/pizbube.ch\/en\/wp-json\/wp\/v2\/media?parent=149490"}],"wp:term":[{"taxonomy":"product_brand","embeddable":true,"href":"https:\/\/pizbube.ch\/en\/wp-json\/wp\/v2\/product_brand?post=149490"},{"taxonomy":"product_cat","embeddable":true,"href":"https:\/\/pizbube.ch\/en\/wp-json\/wp\/v2\/product_cat?post=149490"},{"taxonomy":"product_tag","embeddable":true,"href":"https:\/\/pizbube.ch\/en\/wp-json\/wp\/v2\/product_tag?post=149490"}],"curies":[{"name":"wp","href":"https:\/\/api.w.org\/{rel}","templated":true}]}}