{"id":149491,"date":"2021-01-15T10:59:45","date_gmt":"2021-01-15T10:59:45","guid":{"rendered":"https:\/\/codengine3.ch\/?product=import-placeholder-for-200677"},"modified":"2026-04-02T11:20:26","modified_gmt":"2026-04-02T09:20:26","slug":"outdoor-guide-engelberg-3","status":"publish","type":"product","link":"https:\/\/pizbube.ch\/en\/shop\/outdoor-guide-engelberg-3\/","title":{"rendered":"OUTDOOR GUIDE ENGELBERG"},"content":{"rendered":"<p>Sommer und Winter in einem Buch:<br \/>\nWandern | Biken | Klettersteige | Hochtouren |Klettern | Sportklettern<br \/>\nSki Alpin | Freeride | Skitouren | Ski Extremabfahrten | Schneeschulaufen |<br \/>\nEisklettern<\/p>\n<p>Der moderne &amp; sportart\u00fcbergreifende Gebietsf\u00fchrer mit Outdoor Attraktionen des <strong>Engelbergertals<\/strong>. Vom Surenenpass bis nach Dallenwil.<br \/>\nDer F\u00fchrer soll die vielen Facetten und M\u00f6glichkeiten im Engelbergertal aufzeigen und mit starken Bildern zum Tr\u00e4umen anregen!<\/p>\n<p>Dank den verschiedenen pr\u00e4sentierten Sportarten sollen die Leser zum<br \/>\nAusprobieren neuer Aktivit\u00e4ten motiviert werden. Die Winterg\u00e4ste soll sehen,<br \/>\ndass es im Engelbergertal auch im Sommer viele tolle M\u00f6glichkeiten gibt. Das<br \/>\noberste Ziel ist, die Tourismusf\u00f6rderung im Engelbergertal.<\/p>\n<p>Das Buch soll eine Kombination zwischen Bildband und Tourenf\u00fchrer sein.<br \/>\nBewusst wurden komplizierte Routenbeschriebe weggelassen, daf\u00fcr exakte Karten<br \/>\nund Skizzen erstellt. Die vorgestellten Touren sind eine Selektion und nicht<br \/>\nvollst\u00e4ndig.<\/p>\n<p>Sprachen: Deutsch &amp; Englisch<br \/>\nUmfang: 400 Seiten; Format: 20x20cm<br \/>\n4. erweiterte und \u00fcberarbeitete Auflage 2026<\/p>\n<p>&nbsp;<\/p>\n<p>The book to the tours around Engelberg:<br \/>\nFreeride, ski touring, hiking, biking or climbing &#8211; the Engelberg valley hides<br \/>\naway countless perles!<\/p>","protected":false},"excerpt":{"rendered":"<p>Sommer und Winter in einem Buch: Wandern | Biken | Klettersteige | Hochtouren |Klettern | Sportklettern Ski Alpin | Freeride | Skitouren | Ski Extremabfahrten | Schneeschulaufen | Eisklettern Der moderne &amp; sportart\u00fcbergreifende Gebietsf\u00fchrer mit Outdoor Attraktionen des Engelbergertals. Vom Surenenpass bis nach Dallenwil. Der F\u00fchrer soll die vielen Facetten und M\u00f6glichkeiten im Engelbergertal aufzeigen [&#8230;]\n","protected":false},"featured_media":183689,"template":"","meta":[],"product_brand":[],"product_cat":[21544,21540,21539,21606,21605],"product_tag":[26995],"class_list":{"0":"post-149491","1":"product","2":"type-product","3":"status-publish","4":"has-post-thumbnail","6":"product_cat-fuehrerliteratur-alpin-sommer","7":"product_cat-fuehrerliteratur-alpin-winter","8":"product_cat-fuehrerliteratur-sportklettern-bouldern","9":"product_cat-mountainbikefuehrer","10":"product_cat-wanderfuehrer-trekking","11":"product_tag-outdoorguide-engelberg","12":"pa_autor-perret-kueffer","13":"pa_erscheinungsjahr-27654","14":"pa_region-schweiz","15":"pa_sprache-de-en","17":"first","18":"instock","19":"taxable","20":"shipping-taxable","21":"purchasable","22":"product-type-simple"},"_links":{"self":[{"href":"https:\/\/pizbube.ch\/en\/wp-json\/wp\/v2\/product\/149491","targetHints":{"allow":["GET"]}}],"collection":[{"href":"https:\/\/pizbube.ch\/en\/wp-json\/wp\/v2\/product"}],"about":[{"href":"https:\/\/pizbube.ch\/en\/wp-json\/wp\/v2\/types\/product"}],"wp:featuredmedia":[{"embeddable":true,"href":"https:\/\/pizbube.ch\/en\/wp-json\/wp\/v2\/media\/183689"}],"wp:attachment":[{"href":"https:\/\/pizbube.ch\/en\/wp-json\/wp\/v2\/media?parent=149491"}],"wp:term":[{"taxonomy":"product_brand","embeddable":true,"href":"https:\/\/pizbube.ch\/en\/wp-json\/wp\/v2\/product_brand?post=149491"},{"taxonomy":"product_cat","embeddable":true,"href":"https:\/\/pizbube.ch\/en\/wp-json\/wp\/v2\/product_cat?post=149491"},{"taxonomy":"product_tag","embeddable":true,"href":"https:\/\/pizbube.ch\/en\/wp-json\/wp\/v2\/product_tag?post=149491"}],"curies":[{"name":"wp","href":"https:\/\/api.w.org\/{rel}","templated":true}]}}