{"id":149498,"date":"2021-01-15T10:59:51","date_gmt":"2021-01-15T10:59:51","guid":{"rendered":"https:\/\/codengine3.ch\/?product=import-placeholder-for-202274"},"modified":"2022-11-03T10:04:54","modified_gmt":"2022-11-03T09:04:54","slug":"rolwaling-himal-gaurisankar-1-50-000","status":"publish","type":"product","link":"https:\/\/pizbube.ch\/en\/shop\/rolwaling-himal-gaurisankar-1-50-000\/","title":{"rendered":"Rolwaling Himal (Gaurisankar) 1: 50 000"},"content":{"rendered":"<p>Einzelblattkarten mit H\u00f6henlinien in einer \u00c4quidistanz von 40 m (1:50.000)<br \/>\nbzw. 100 m (1:100.000), Schummerung, detaillierte Darstellung der Felsen,<br \/>\nGletscher, Mor\u00e4nen, Wald- und kultivierten Fl\u00e4chen und Siedlungen, teilweise<br \/>\nmit Wegmarkierungen, ohne Angabe der Projektionsarten, in unterschiedlichen<br \/>\nFormaten.<\/p>\n<p>s \u00dcbersicht: 4 Rolwaling Himal (1:50.000)<\/p>\n<p>A physical topography map with fieldwork undertaken by E.Schneider and revised<br \/>\nusing the Eastern Nepal Topographic Mapping Project of 1995.<\/p>","protected":false},"excerpt":{"rendered":"<p>Einzelblattkarten mit H\u00f6henlinien in einer \u00c4quidistanz von 40 m (1:50.000) bzw. 100 m (1:100.000), Schummerung, detaillierte Darstellung der Felsen, Gletscher, Mor\u00e4nen, Wald- und kultivierten Fl\u00e4chen und Siedlungen, teilweise mit Wegmarkierungen, ohne Angabe der Projektionsarten, in unterschiedlichen Formaten. s \u00dcbersicht: 4 Rolwaling Himal (1:50.000) A physical topography map with fieldwork undertaken by E.Schneider and revised using [&#8230;]\n","protected":false},"featured_media":40397,"template":"","meta":[],"product_brand":[],"product_cat":[21543],"product_tag":[],"class_list":{"0":"post-149498","1":"product","2":"type-product","3":"status-publish","4":"has-post-thumbnail","6":"product_cat-landkarten","7":"pa_autor-nelles","8":"pa_autor-schneider","9":"pa_erscheinungsjahr-22112","10":"pa_region-asien","11":"pa_sprache-d","12":"pa_sprache-e","14":"first","15":"outofstock","16":"taxable","17":"shipping-taxable","18":"purchasable","19":"product-type-simple"},"_links":{"self":[{"href":"https:\/\/pizbube.ch\/en\/wp-json\/wp\/v2\/product\/149498","targetHints":{"allow":["GET"]}}],"collection":[{"href":"https:\/\/pizbube.ch\/en\/wp-json\/wp\/v2\/product"}],"about":[{"href":"https:\/\/pizbube.ch\/en\/wp-json\/wp\/v2\/types\/product"}],"wp:featuredmedia":[{"embeddable":true,"href":"https:\/\/pizbube.ch\/en\/wp-json\/wp\/v2\/media\/40397"}],"wp:attachment":[{"href":"https:\/\/pizbube.ch\/en\/wp-json\/wp\/v2\/media?parent=149498"}],"wp:term":[{"taxonomy":"product_brand","embeddable":true,"href":"https:\/\/pizbube.ch\/en\/wp-json\/wp\/v2\/product_brand?post=149498"},{"taxonomy":"product_cat","embeddable":true,"href":"https:\/\/pizbube.ch\/en\/wp-json\/wp\/v2\/product_cat?post=149498"},{"taxonomy":"product_tag","embeddable":true,"href":"https:\/\/pizbube.ch\/en\/wp-json\/wp\/v2\/product_tag?post=149498"}],"curies":[{"name":"wp","href":"https:\/\/api.w.org\/{rel}","templated":true}]}}