{"id":149503,"date":"2021-01-15T10:59:52","date_gmt":"2021-01-15T10:59:52","guid":{"rendered":"https:\/\/codengine3.ch\/?product=import-placeholder-for-205702"},"modified":"2023-07-12T11:45:58","modified_gmt":"2023-07-12T09:45:58","slug":"bolivien","status":"publish","type":"product","link":"https:\/\/pizbube.ch\/en\/shop\/bolivien\/","title":{"rendered":"Bolivien"},"content":{"rendered":"<p>Die sch\u00f6nsten Wanderungen und Trekkingrouten<br \/>\n52 ausgew\u00e4hlte Touren zwischen Urwald und ewigem Eis.<\/p>\n<p>Bolivien, dieses von der Natur so reich beschenkte Wanderparadies, bietet eine<br \/>\nunvergleichliche landschaftliche und kulturelle Vielfalt. Strahlend wei\u00dfe<br \/>\nFirngipfel, rauchende Vulkanberge, ausgedehnte Hoch- und Salzw\u00fcsten und nicht<br \/>\nzuletzt fast undurchdringliche Urwaldlandschaften. Und das in fast allen<br \/>\nerdenklichen H\u00f6henlagen. Kein Wunder also: das ehemalige Inkareich bietet eine<br \/>\nschier unersch\u00f6pfliche F\u00fclle an Wanderungen und Bergtouren unterschiedlichster<br \/>\nL\u00e4nge und Schwierigkeit. Aus diesem exotischen Naturparadies hat Thomas Wilken<br \/>\n52 Wanderungen zu den empfehlenswertesten Sehensw\u00fcrdigkeiten und Naturwundern<br \/>\ndes Andenlandes ausgew\u00e4hlt.<\/p>\n<p>F\u00fcr wirklich jeden Geschmack etwas ist hier dabei. Von mehrt\u00e4gigen<br \/>\nTrekkingrouten \u00fcber aussichtsreiche 5000er-Gipfel bis hin zu einfachen<br \/>\nSchluchtdurchquerungen und Seenwanderungen. Pr\u00e4historische Ruinenst\u00e4dte,<br \/>\nverschlungene Urwaldpfade und die indigene Kultur kommen ebenfalls nicht zu<br \/>\nkurz. Dabei werden sowohl die bekannten Touristenrouten wie der Chacaltaya<br \/>\noder die Isla de Sol ber\u00fccksichtigt, wie auch noch nirgends beschriebene<br \/>\nWanderungen durch v\u00f6llig unber\u00fchrte Bergregionen.<\/p>\n<p>Karten, H\u00f6henprofile und die wichtigsten Informationen zu Schwierigkeiten,<br \/>\nGehzeiten und H\u00f6henunterschieden erleichtern die Planung und die<br \/>\nTourenauswahl. Dazu werden Anfahrt und Unterkunftsm\u00f6glichkeiten beschrieben<br \/>\nund Hinweise zu Touranbietern oder Informationsquellen angef\u00fcgt. Die meisten<br \/>\nTouren sind mit \u00f6ffentlichen Verkehrsmitteln zu erreichen, die in Bolivien<br \/>\nsehr preiswert sind. Wertvolle Informationen zum Reisen im Land, erg\u00e4nzt durch<br \/>\nhilfreiche Internetadressen und Hinweise zu regionalen Besonderheiten, runden<br \/>\ndie klar verst\u00e4ndlichen Routenbeschreibungen ab.<\/p>\n<p>52 H\u00f6henprofile, 52 Wanderk\u00e4rtchen im Ma\u00dfstab 1:25.000, 1:50.000 und 1:150.000, drei \u00dcbersichtskarten<br \/>\nZahlr. farb. Fotos, Karten. 183 S.<br \/>\n2. aktualisierte Auflage 2017<\/p>","protected":false},"excerpt":{"rendered":"<ul>\n<li><a href=\"https:\/\/pizbube.ch\/wp-content\/uploads\/attachments\/a_002\/1AF7A5CE9EB5D100E00CF535B4BDCB3A.pdf\" target=\"_blank\" rel=\"noopener\">PDF: Bolivien_Inhalt.pdf<\/a><\/li>\n<\/ul>","protected":false},"featured_media":168567,"template":"","meta":[],"product_brand":[],"product_cat":[21605],"product_tag":[],"class_list":{"0":"post-149503","1":"product","2":"type-product","3":"status-publish","4":"has-post-thumbnail","6":"product_cat-wanderfuehrer-trekking","7":"pa_autor-wilken","8":"pa_erscheinungsjahr-21574","9":"pa_region-amerika-sued","10":"pa_sprache-de","12":"first","13":"instock","14":"taxable","15":"shipping-taxable","16":"purchasable","17":"product-type-simple"},"_links":{"self":[{"href":"https:\/\/pizbube.ch\/en\/wp-json\/wp\/v2\/product\/149503","targetHints":{"allow":["GET"]}}],"collection":[{"href":"https:\/\/pizbube.ch\/en\/wp-json\/wp\/v2\/product"}],"about":[{"href":"https:\/\/pizbube.ch\/en\/wp-json\/wp\/v2\/types\/product"}],"wp:featuredmedia":[{"embeddable":true,"href":"https:\/\/pizbube.ch\/en\/wp-json\/wp\/v2\/media\/168567"}],"wp:attachment":[{"href":"https:\/\/pizbube.ch\/en\/wp-json\/wp\/v2\/media?parent=149503"}],"wp:term":[{"taxonomy":"product_brand","embeddable":true,"href":"https:\/\/pizbube.ch\/en\/wp-json\/wp\/v2\/product_brand?post=149503"},{"taxonomy":"product_cat","embeddable":true,"href":"https:\/\/pizbube.ch\/en\/wp-json\/wp\/v2\/product_cat?post=149503"},{"taxonomy":"product_tag","embeddable":true,"href":"https:\/\/pizbube.ch\/en\/wp-json\/wp\/v2\/product_tag?post=149503"}],"curies":[{"name":"wp","href":"https:\/\/api.w.org\/{rel}","templated":true}]}}