{"id":149505,"date":"2021-01-15T10:59:52","date_gmt":"2021-01-15T10:59:52","guid":{"rendered":"https:\/\/codengine3.ch\/?product=import-placeholder-for-200683"},"modified":"2023-08-24T09:48:48","modified_gmt":"2023-08-24T07:48:48","slug":"alp-berghotels-schweiz","status":"publish","type":"product","link":"https:\/\/pizbube.ch\/en\/shop\/alp-berghotels-schweiz\/","title":{"rendered":"ALP- &amp; BERGHOTELS SCHWEIZ"},"content":{"rendered":"<div class=\"bdftmpwrapper\">\n<p>100 echte Hotelperlen in den sch\u00f6nsten Bergregionen<br \/>\nMit 80 neuen Alphotels!<\/p>\n<p>Die kleinen Alp- und Berghotels bieten einzigartige Erlebnisse und Geschichten. Jedes der rund 130 Hotels ist ein Unikat. Die sonst \u00fcblichen Hotelsterne und Standards spielen keine Rolle. Im Buch werden Schweizer Hotels und Berggasth\u00f6fe portr\u00e4tiert, die f\u00fcr ein authentisches Ambiente sorgen. Da ist der kleine Berggasthof auf 2500 Meter \u00fcber Meer, den man nur zu Fu\u00df erreicht. Oder das Alphotel im Appenzell, wo der Bergk\u00e4se gleich neben den G\u00e4stezimmern lagert, wo Wasser und Strom eine Rarit\u00e4t sind, wo sich die Gastgeber h\u00f6chstpers\u00f6nlich um das Fr\u00fchst\u00fcck k\u00fcmmern. Oder das altehrw\u00fcrdige Grandhotel auf der Passh\u00f6he, wo Schweizer Hotelgeschichte geschrieben wurde. Oder das kleine, modern eingerichtete Design- und Kunsthotel im Unterengadin, wo sich der Gast im hei\u00dfen Pot auf der gr\u00fcnen Alpwiese erholt\u2026<\/p>\n<p>336 Seiten, 14,3 x 21,4 cm<\/p>\n<\/div>\n<div class=\"bdftmpwrapper\">gebunden, Softcover<br \/>\nMit 558 Abbildungen<\/div>\n<div>3. Auflage 2022<\/div>","protected":false},"excerpt":{"rendered":"<p>100 echte Hotelperlen in den sch\u00f6nsten Bergregionen Mit 80 neuen Alphotels! Die kleinen Alp- und Berghotels bieten einzigartige Erlebnisse und Geschichten. Jedes der rund 130 Hotels ist ein Unikat. Die sonst \u00fcblichen Hotelsterne und Standards spielen keine Rolle. Im Buch werden Schweizer Hotels und Berggasth\u00f6fe portr\u00e4tiert, die f\u00fcr ein authentisches Ambiente sorgen. Da ist der [&#8230;]\n","protected":false},"featured_media":169176,"template":"","meta":[],"product_brand":[],"product_cat":[22143,21542],"product_tag":[],"class_list":{"0":"post-149505","1":"product","2":"type-product","3":"status-publish","4":"has-post-thumbnail","6":"product_cat-huettenverzeichnisse-hotelfuehrer","7":"product_cat-sachbuecher-dokumentationen","8":"pa_autor-amrein","9":"pa_erscheinungsjahr-27013","10":"pa_region-schweiz","11":"pa_sprache-de","13":"first","14":"instock","15":"taxable","16":"shipping-taxable","17":"purchasable","18":"product-type-simple"},"_links":{"self":[{"href":"https:\/\/pizbube.ch\/en\/wp-json\/wp\/v2\/product\/149505","targetHints":{"allow":["GET"]}}],"collection":[{"href":"https:\/\/pizbube.ch\/en\/wp-json\/wp\/v2\/product"}],"about":[{"href":"https:\/\/pizbube.ch\/en\/wp-json\/wp\/v2\/types\/product"}],"wp:featuredmedia":[{"embeddable":true,"href":"https:\/\/pizbube.ch\/en\/wp-json\/wp\/v2\/media\/169176"}],"wp:attachment":[{"href":"https:\/\/pizbube.ch\/en\/wp-json\/wp\/v2\/media?parent=149505"}],"wp:term":[{"taxonomy":"product_brand","embeddable":true,"href":"https:\/\/pizbube.ch\/en\/wp-json\/wp\/v2\/product_brand?post=149505"},{"taxonomy":"product_cat","embeddable":true,"href":"https:\/\/pizbube.ch\/en\/wp-json\/wp\/v2\/product_cat?post=149505"},{"taxonomy":"product_tag","embeddable":true,"href":"https:\/\/pizbube.ch\/en\/wp-json\/wp\/v2\/product_tag?post=149505"}],"curies":[{"name":"wp","href":"https:\/\/api.w.org\/{rel}","templated":true}]}}