{"id":149507,"date":"2021-01-15T10:59:52","date_gmt":"2021-01-15T10:59:52","guid":{"rendered":"https:\/\/codengine3.ch\/?product=import-placeholder-for-208276"},"modified":"2021-01-15T17:52:13","modified_gmt":"2021-01-15T17:52:13","slug":"bike-wellness-in-den-alpen-die-schoensten-touren-und-hotels","status":"publish","type":"product","link":"https:\/\/pizbube.ch\/en\/shop\/bike-wellness-in-den-alpen-die-schoensten-touren-und-hotels\/","title":{"rendered":"Bike &#038; Wellness in den Alpen &#8211; Die sch\u00f6nsten Touren und Hotels"},"content":{"rendered":"<p>Mountainbiken? Entspannen? Am besten beides!<br \/>\nBiken und Wellness clever kombinieren: Immer mehr Urlaubsangebote in den Alpen<br \/>\nrichten sich speziell an Mountainbiker, die Wellness- und Aktivurlaub<br \/>\nverbinden m\u00f6chten.  <\/p>\n<p>Die Reisejournalisten Armin Herb und Daniel Simon pr\u00e4sentieren in ihrem Buch<br \/>\n15 herausragende Regionen in den Ostalpen und die besten H\u00e4user mit einem<br \/>\nRundum-Paket f\u00fcr Bike und Biker. So k\u00f6nnen die G\u00e4ste z.B. im Gro\u00dfarltal die<br \/>\nschmerzende Muskulatur im Saunabereich der Therme lockern, im Au\u00dfenpool den<br \/>\nBlick \u00fcber die umliegenden Berge schweifen lassen und sich auf ein leckeres<br \/>\nAbendessen freuen. W\u00e4hrenddessen werden in der Garage die Bikes gewartet und<br \/>\ndas EMTB aufgeladen:<br \/>\n. Bike-Hotels mit Wellness-Angeboten und besonderem Service. Geheimtipps f\u00fcr<br \/>\nMountainbiker: Tages- und Mehrtagestouren mit GPS-Tracks und Karten. Tipps zur<br \/>\nAnreise und n\u00fctzliche Vorort-Infos wie Bike-Shops. Fantastische Fotos machen<br \/>\nLust auf die n\u00e4chste MTB-Tour und den n\u00e4chsten Wellness-Urlaub!<\/p>\n<p>Mountainbike-Urlaub f\u00fcr K\u00f6rper und Seele<br \/>\nEntspannte Radtouren \u00fcber Forstwege, MTB-Touren zu Almen und Bergh\u00fctten oder<br \/>\nanspruchsvolle Trails in der wilden Natur &#8211; jeder Mountainbiker kommt in den<br \/>\nAlpen auf seine Kosten. Im Reisef\u00fchrer Bike &#038; Wellness in den Alpen finden Sie<br \/>\ngr\u00fcndlich getestete Touren, die Sie unter anderem in folgende Urlaubsgebiete<br \/>\nf\u00fchren:  <\/p>\n<p>Gr\u00f6dnertal \/ Seiseralm &#8211; S\u00fcdtirol Wettersteingebirge &#8211; Oberbayern \/ Tirol<br \/>\nPaznaun \/ Silvretta &#8211; Monatfon \/ Vorarlberg Gro\u00dfglockner-Region &#8211; Osttirol \/<br \/>\nK\u00e4rnten  <\/p>\n<p>Rosengarten \/ Dolomiten &#8211; S\u00fcdtirol Gardasee &#8211; Trentino Leogang \/ Saalbach-<br \/>\nHinterglemm &#8211; Salzburger Land<\/p>\n<p>Lenzerheide &#8211; Graub\u00fcnden Achensee &#8211; Tirol Gro\u00dfarltal \/ Nationalpark Hohe<br \/>\nTauern &#8211; Salzburger Land Vinschgau \/ Meraner Land &#8211; S\u00fcdtirol  <\/p>\n<p>Und nach der Tour hei\u00dft es relaxen in Sauna und Spa &#8211; so erholen Sie sich gut!  <\/p>","protected":false},"excerpt":{"rendered":"<p>Mountainbiken? Entspannen? Am besten beides! Biken und Wellness clever kombinieren: Immer mehr Urlaubsangebote in den Alpen richten sich speziell an Mountainbiker, die Wellness- und Aktivurlaub verbinden m\u00f6chten. Die Reisejournalisten Armin Herb und Daniel Simon pr\u00e4sentieren in ihrem Buch 15 herausragende Regionen in den Ostalpen und die besten H\u00e4user mit einem Rundum-Paket f\u00fcr Bike und Biker. [&#8230;]\n","protected":false},"featured_media":39844,"template":"","meta":[],"product_brand":[],"product_cat":[21606],"product_tag":[],"class_list":{"0":"post-149507","1":"product","2":"type-product","3":"status-publish","4":"has-post-thumbnail","6":"product_cat-mountainbikefuehrer","7":"pa_autor-herb-simon","8":"pa_erscheinungsjahr-21586","9":"pa_region-uebrigers-europa","10":"pa_sprache-de","12":"first","13":"instock","14":"taxable","15":"shipping-taxable","16":"purchasable","17":"product-type-simple"},"_links":{"self":[{"href":"https:\/\/pizbube.ch\/en\/wp-json\/wp\/v2\/product\/149507","targetHints":{"allow":["GET"]}}],"collection":[{"href":"https:\/\/pizbube.ch\/en\/wp-json\/wp\/v2\/product"}],"about":[{"href":"https:\/\/pizbube.ch\/en\/wp-json\/wp\/v2\/types\/product"}],"wp:featuredmedia":[{"embeddable":true,"href":"https:\/\/pizbube.ch\/en\/wp-json\/wp\/v2\/media\/39844"}],"wp:attachment":[{"href":"https:\/\/pizbube.ch\/en\/wp-json\/wp\/v2\/media?parent=149507"}],"wp:term":[{"taxonomy":"product_brand","embeddable":true,"href":"https:\/\/pizbube.ch\/en\/wp-json\/wp\/v2\/product_brand?post=149507"},{"taxonomy":"product_cat","embeddable":true,"href":"https:\/\/pizbube.ch\/en\/wp-json\/wp\/v2\/product_cat?post=149507"},{"taxonomy":"product_tag","embeddable":true,"href":"https:\/\/pizbube.ch\/en\/wp-json\/wp\/v2\/product_tag?post=149507"}],"curies":[{"name":"wp","href":"https:\/\/api.w.org\/{rel}","templated":true}]}}