{"id":149508,"date":"2021-01-15T10:59:52","date_gmt":"2021-01-15T10:59:52","guid":{"rendered":"https:\/\/codengine3.ch\/?product=import-placeholder-for-207352"},"modified":"2023-11-28T16:51:34","modified_gmt":"2023-11-28T15:51:34","slug":"cuisine-alpine","status":"publish","type":"product","link":"https:\/\/pizbube.ch\/en\/shop\/cuisine-alpine\/","title":{"rendered":"Cuisine Alpine"},"content":{"rendered":"<p>Andreas D\u00f6llerers neues Buch \u201eCuisine Alpine\u201c nimmt den Leser mit auf eine<br \/>\nkulinarische Wanderung durch die Salzburger Alpen. Mit Texten von Alexander<br \/>\nRabl und Fotos von Joerg Lehmann.<\/p>\n<p>Andreas D\u00f6llerer hat die Cuisine Alpine zu seinem Markenzeichen gemacht. Er<br \/>\narbeitet fast ausschliesslich mit Zutaten, die er von einem Netzwerk an<br \/>\nProduzenten und Bauern aus den Salzburger Alpen bezieht.<\/p>\n<p>Das Gem\u00fcse kommt aus den G\u00e4rten des Tennengaus, die Fische aus dem nahen<br \/>\nBluntautal.<br \/>\nMit seiner Cuisine Alpine hat D\u00f6llerer eines der besten Restaurants in<br \/>\n\u00d6sterreich, er ist Gast auf den relevanten Kochfestivals Europas.<br \/>\nIm \u201eRestaurant D\u00f6llerer\u201c in Golling unternehmen die G\u00e4ste Wanderungen in den<br \/>\nSalzburger Alpen, f\u00fcr welche sie weder Bergschuhe noch Wanderst\u00f6cke ben\u00f6tigen,<br \/>\nsondern Messer und Gabel. Hier agiert Andreas D\u00f6llerer als Bergf\u00fchrer in<br \/>\ngeschmacklichen Dingen. B\u00e4ckt Fenchel in Gletscherschliff vom Grossglockner,<br \/>\nserviert die Salzburger Variante einer Jackobsmuschel oder zitiert die K\u00fcche,<br \/>\ndie er als Kind bei der Grossmutter auf der Alm kennenlernte.<\/p>\n<p>Doch auch f\u00fcr weniger begnadete K\u00f6che, ist \u201eAlpine Cuisine\u201c lesenswert. Neben<br \/>\nden Rezepten gibt es allerhand zu erfahren \u00fcber die Menschen, die f\u00fcr die<br \/>\nHerstellung der au\u00dfergew\u00f6hnlichen Produkte zust\u00e4ndig sind, die die Basis f\u00fcr<br \/>\nD\u00f6llerers Kreationen liefern und auch die Produkte selbst. Auch das Thema Wein<br \/>\nkommt nicht zu kurz. Und nicht zuletzt gibt das Buch auch einen Einblick in<br \/>\ndie Familiengeschichte der D\u00f6llerers.<\/p>\n<p>Untermalt wird dieser kulinarische Reisef\u00fchrer von wunderbaren,<br \/>\nstimmungsvollen Fotos des Starfotografen Joerg Lehmann.<br \/>\n-\u00fcber 70 Kreationen zum Nachkochen -kreative High-Level-Cuisine -Produktreportagen \u2013 kulinarische Wanderungen in den alpinen Lebenswelten -Weinideen f\u00fcr den perfekten Genuss<\/p>","protected":false},"excerpt":{"rendered":"<p>Andreas D\u00f6llerers neues Buch \u201eCuisine Alpine\u201c nimmt den Leser mit auf eine kulinarische Wanderung durch die Salzburger Alpen. Mit Texten von Alexander Rabl und Fotos von Joerg Lehmann. Andreas D\u00f6llerer hat die Cuisine Alpine zu seinem Markenzeichen gemacht. Er arbeitet fast ausschliesslich mit Zutaten, die er von einem Netzwerk an Produzenten und Bauern aus den [&#8230;]\n","protected":false},"featured_media":37198,"template":"","meta":[],"product_brand":[],"product_cat":[21542],"product_tag":[],"class_list":{"0":"post-149508","1":"product","2":"type-product","3":"status-publish","4":"has-post-thumbnail","6":"product_cat-sachbuecher-dokumentationen","7":"pa_autor-doellerer","8":"pa_erscheinungsjahr-21597","9":"pa_region-oesterreich","10":"pa_sprache-de","12":"first","13":"outofstock","14":"taxable","15":"shipping-taxable","16":"purchasable","17":"product-type-simple"},"_links":{"self":[{"href":"https:\/\/pizbube.ch\/en\/wp-json\/wp\/v2\/product\/149508","targetHints":{"allow":["GET"]}}],"collection":[{"href":"https:\/\/pizbube.ch\/en\/wp-json\/wp\/v2\/product"}],"about":[{"href":"https:\/\/pizbube.ch\/en\/wp-json\/wp\/v2\/types\/product"}],"wp:featuredmedia":[{"embeddable":true,"href":"https:\/\/pizbube.ch\/en\/wp-json\/wp\/v2\/media\/37198"}],"wp:attachment":[{"href":"https:\/\/pizbube.ch\/en\/wp-json\/wp\/v2\/media?parent=149508"}],"wp:term":[{"taxonomy":"product_brand","embeddable":true,"href":"https:\/\/pizbube.ch\/en\/wp-json\/wp\/v2\/product_brand?post=149508"},{"taxonomy":"product_cat","embeddable":true,"href":"https:\/\/pizbube.ch\/en\/wp-json\/wp\/v2\/product_cat?post=149508"},{"taxonomy":"product_tag","embeddable":true,"href":"https:\/\/pizbube.ch\/en\/wp-json\/wp\/v2\/product_tag?post=149508"}],"curies":[{"name":"wp","href":"https:\/\/api.w.org\/{rel}","templated":true}]}}