{"id":149518,"date":"2021-01-15T10:59:52","date_gmt":"2021-01-15T10:59:52","guid":{"rendered":"https:\/\/codengine3.ch\/?product=import-placeholder-for-205232"},"modified":"2021-01-15T14:39:42","modified_gmt":"2021-01-15T14:39:42","slug":"berner-oberland-50-skitouren","status":"publish","type":"product","link":"https:\/\/pizbube.ch\/en\/shop\/berner-oberland-50-skitouren\/","title":{"rendered":"Berner Oberland 50 Skitouren"},"content":{"rendered":"<p>50 Skitouren zwischen Gstaad und Meiringen.  <\/p>\n<p>Eiger, M\u00f6nch und Jungfrau sind als Skigipfel weder bekannt noch f\u00fcr alle<br \/>\nSchneesportler geeignet. Aber rings um dieses Dreigestirn liegt ein Meer von<br \/>\nweissen Gipfeln, wo Ski- und Snowboardtourenfahrer sich wochen(end)lang<br \/>\naustoben k\u00f6nnen. Dieser F\u00fchrer beschreibt lockere und kernige, klassische und<br \/>\ngeheime Skitouren zwischen Saanenland und Oberhasli, die sich oft durch kurze<br \/>\nAufstiege und lange Abfahrten auszeichnen.  <\/p>\n<p>Vorgestellt wird auch die Haute Route durch die westlichen Berner Alpen sowie<br \/>\nals Neuheit eine Skidurchquerung der Berner Voralpen von Gsteig bei Gstaad<br \/>\nnach Meiringen. Und mit dabei ist selbstverst\u00e4ndlich die vielger\u00fchmte<br \/>\nL\u00f6tschenl\u00fccke vom Jungfraujoch \u00fcber den Aletschgletscher ins Wallis.<\/p>\n<p>2. Auflage 2016<\/p>","protected":false},"excerpt":{"rendered":"<ul>\n<li><a href=\"https:\/\/pizbube.ch\/wp-content\/uploads\/attachments\/a_006\/46797187EA5734F51D963DEB4871F11A.pdf\" target=\"_blank\" rel=\"noopener\">PDF: berner_oberland_50_skitouren_inhalt.pdf<\/a><\/li>\n<\/ul>","protected":false},"featured_media":33880,"template":"","meta":[],"product_brand":[],"product_cat":[21540],"product_tag":[],"class_list":{"0":"post-149518","1":"product","2":"type-product","3":"status-publish","4":"has-post-thumbnail","6":"product_cat-fuehrerliteratur-alpin-winter","7":"pa_autor-anker","8":"pa_erscheinungsjahr-21571","9":"pa_region-schweiz","10":"pa_sprache-de","12":"first","13":"instock","14":"taxable","15":"shipping-taxable","16":"purchasable","17":"product-type-simple"},"_links":{"self":[{"href":"https:\/\/pizbube.ch\/en\/wp-json\/wp\/v2\/product\/149518","targetHints":{"allow":["GET"]}}],"collection":[{"href":"https:\/\/pizbube.ch\/en\/wp-json\/wp\/v2\/product"}],"about":[{"href":"https:\/\/pizbube.ch\/en\/wp-json\/wp\/v2\/types\/product"}],"wp:featuredmedia":[{"embeddable":true,"href":"https:\/\/pizbube.ch\/en\/wp-json\/wp\/v2\/media\/33880"}],"wp:attachment":[{"href":"https:\/\/pizbube.ch\/en\/wp-json\/wp\/v2\/media?parent=149518"}],"wp:term":[{"taxonomy":"product_brand","embeddable":true,"href":"https:\/\/pizbube.ch\/en\/wp-json\/wp\/v2\/product_brand?post=149518"},{"taxonomy":"product_cat","embeddable":true,"href":"https:\/\/pizbube.ch\/en\/wp-json\/wp\/v2\/product_cat?post=149518"},{"taxonomy":"product_tag","embeddable":true,"href":"https:\/\/pizbube.ch\/en\/wp-json\/wp\/v2\/product_tag?post=149518"}],"curies":[{"name":"wp","href":"https:\/\/api.w.org\/{rel}","templated":true}]}}