{"id":149519,"date":"2021-01-15T10:59:53","date_gmt":"2021-01-15T10:59:53","guid":{"rendered":"https:\/\/codengine3.ch\/?product=import-placeholder-for-200689"},"modified":"2021-01-15T10:59:57","modified_gmt":"2021-01-15T10:59:57","slug":"wilder-kaiser-200-jahre-alpingeschichte-und-reisekultur","status":"publish","type":"product","link":"https:\/\/pizbube.ch\/en\/shop\/wilder-kaiser-200-jahre-alpingeschichte-und-reisekultur\/","title":{"rendered":"Wilder Kaiser &#8211; 200 Jahre Alpingeschichte und Reisekultur"},"content":{"rendered":"<p>Von Sommerfrischlern, Kletterlegenden, Skipionieren und dem Bergdoktor.<\/p>\n<p>Das reich bebilderte Buch erz\u00e4hlt die Geschichte der touristischen Entdeckung<br \/>\nder Region Wilder Kaiser und spannt dabei einen weiten Bogen von der<br \/>\naufkommenden Alpenbegeisterung im 19. Jahrhundert bis in die Gegenwart. Es<br \/>\nerz\u00e4hlt von der wissenschaftlichen Entdeckung des Kaisergebirges ebenso wie<br \/>\nvon der packenden Klettergeschichte, von vision\u00e4ren Pers\u00f6nlichkeiten wie Carl<br \/>\nThurwieser oder Matth\u00e4us H\u00f6rfarter, die die Entwicklung der Gegend<br \/>\nentscheidend pr\u00e4gten, wie von den Pionieren des Skisports; von<br \/>\nSommerfrischlern und Bergvagabunden, von H\u00fcttenwirten, Bergf\u00fchrern,<br \/>\nGastwirtinnen und schlie\u00dflich von Regisseuren und Filmstars \u2013 kurzum von<br \/>\nMenschen und Entwicklungen, die die Gegend um den Wilder Kaiser zu dem gemacht<br \/>\nhaben, was sie heute ist: eine Region mit hervorragender Lebensqualit\u00e4t und<br \/>\ninternationalem Renommee.<\/p>\n<p>256 Seiten; 256 farb. und 341 sw Abb., 26 cm x 21 cm<\/p>","protected":false},"excerpt":{"rendered":"<p>Von Sommerfrischlern, Kletterlegenden, Skipionieren und dem Bergdoktor. Das reich bebilderte Buch erz\u00e4hlt die Geschichte der touristischen Entdeckung der Region Wilder Kaiser und spannt dabei einen weiten Bogen von der aufkommenden Alpenbegeisterung im 19. Jahrhundert bis in die Gegenwart. Es erz\u00e4hlt von der wissenschaftlichen Entdeckung des Kaisergebirges ebenso wie von der packenden Klettergeschichte, von vision\u00e4ren Pers\u00f6nlichkeiten [&#8230;]\n","protected":false},"featured_media":27606,"template":"","meta":[],"product_brand":[],"product_cat":[21542],"product_tag":[],"class_list":{"0":"post-149519","1":"product","2":"type-product","3":"status-publish","4":"has-post-thumbnail","6":"product_cat-sachbuecher-dokumentationen","7":"pa_autor-bendler","8":"pa_erscheinungsjahr-21571","9":"pa_region-oesterreich","10":"pa_sprache-de","12":"first","13":"instock","14":"taxable","15":"shipping-taxable","16":"purchasable","17":"product-type-simple"},"_links":{"self":[{"href":"https:\/\/pizbube.ch\/en\/wp-json\/wp\/v2\/product\/149519","targetHints":{"allow":["GET"]}}],"collection":[{"href":"https:\/\/pizbube.ch\/en\/wp-json\/wp\/v2\/product"}],"about":[{"href":"https:\/\/pizbube.ch\/en\/wp-json\/wp\/v2\/types\/product"}],"wp:featuredmedia":[{"embeddable":true,"href":"https:\/\/pizbube.ch\/en\/wp-json\/wp\/v2\/media\/27606"}],"wp:attachment":[{"href":"https:\/\/pizbube.ch\/en\/wp-json\/wp\/v2\/media?parent=149519"}],"wp:term":[{"taxonomy":"product_brand","embeddable":true,"href":"https:\/\/pizbube.ch\/en\/wp-json\/wp\/v2\/product_brand?post=149519"},{"taxonomy":"product_cat","embeddable":true,"href":"https:\/\/pizbube.ch\/en\/wp-json\/wp\/v2\/product_cat?post=149519"},{"taxonomy":"product_tag","embeddable":true,"href":"https:\/\/pizbube.ch\/en\/wp-json\/wp\/v2\/product_tag?post=149519"}],"curies":[{"name":"wp","href":"https:\/\/api.w.org\/{rel}","templated":true}]}}