{"id":149521,"date":"2021-01-15T10:59:53","date_gmt":"2021-01-15T10:59:53","guid":{"rendered":"https:\/\/codengine3.ch\/?product=import-placeholder-for-204925"},"modified":"2021-01-15T14:37:21","modified_gmt":"2021-01-15T14:37:21","slug":"kaisergebirge-wk-9-150000","status":"publish","type":"product","link":"https:\/\/pizbube.ch\/en\/shop\/kaisergebirge-wk-9-150000\/","title":{"rendered":"Kaisergebirge WK 9 1:50&#8217;000"},"content":{"rendered":"<p>GPS tauglich, mit Panorama  <\/p>\n<p>Kaisergebirge -Wilder Kaiser 1:50&#8217;000<br \/>\nWander-, Rad- und Skitourenkarte<\/p>\n<p>Gefaltete (Land)Karte mit Download-M\u00f6glichkeit Kompass-App;<br \/>\nMit Panorama und Aktiv Guide mit Outdoor Themen, Detailkarten, Wandertouren<br \/>\nund farb. Abb.<\/p>\n<p>KOMPASS-Wanderkarten enthalten alles Wissenswerte f\u00fcr Wanderer wie aktuelle<br \/>\nWanderwege mit Markierungen, empfehlenswerte Radrouten und wichtige<br \/>\ntouristische Informationen.  <\/p>\n<p>Der topographische Inhalt wird bei aller Detailgenauigkeit leicht lesbar und<br \/>\nanschaulich dargestellt.<br \/>\nEin \u00fcbersichtlich gestaltetes Beiheft mit zahlreichen Farbfotos informiert<br \/>\n\u00fcber Orte und Schutzh\u00fctten sowie empfehlenswerte Touren, Sehensw\u00fcrdigkeiten<br \/>\nund Freizeiteinrichtungen.  <\/p>","protected":false},"excerpt":{"rendered":"<p>GPS tauglich, mit Panorama Kaisergebirge -Wilder Kaiser 1:50&#8217;000 Wander-, Rad- und Skitourenkarte Gefaltete (Land)Karte mit Download-M\u00f6glichkeit Kompass-App; Mit Panorama und Aktiv Guide mit Outdoor Themen, Detailkarten, Wandertouren und farb. Abb. KOMPASS-Wanderkarten enthalten alles Wissenswerte f\u00fcr Wanderer wie aktuelle Wanderwege mit Markierungen, empfehlenswerte Radrouten und wichtige touristische Informationen. Der topographische Inhalt wird bei aller Detailgenauigkeit leicht [&#8230;]\n","protected":false},"featured_media":38985,"template":"","meta":[],"product_brand":[],"product_cat":[21543],"product_tag":[],"class_list":{"0":"post-149521","1":"product","2":"type-product","3":"status-publish","4":"has-post-thumbnail","6":"product_cat-landkarten","7":"pa_autor-kompass","8":"pa_erscheinungsjahr-21574","9":"pa_region-oesterreich","10":"pa_sprache-de","12":"first","13":"instock","14":"taxable","15":"shipping-taxable","16":"purchasable","17":"product-type-simple"},"_links":{"self":[{"href":"https:\/\/pizbube.ch\/en\/wp-json\/wp\/v2\/product\/149521","targetHints":{"allow":["GET"]}}],"collection":[{"href":"https:\/\/pizbube.ch\/en\/wp-json\/wp\/v2\/product"}],"about":[{"href":"https:\/\/pizbube.ch\/en\/wp-json\/wp\/v2\/types\/product"}],"wp:featuredmedia":[{"embeddable":true,"href":"https:\/\/pizbube.ch\/en\/wp-json\/wp\/v2\/media\/38985"}],"wp:attachment":[{"href":"https:\/\/pizbube.ch\/en\/wp-json\/wp\/v2\/media?parent=149521"}],"wp:term":[{"taxonomy":"product_brand","embeddable":true,"href":"https:\/\/pizbube.ch\/en\/wp-json\/wp\/v2\/product_brand?post=149521"},{"taxonomy":"product_cat","embeddable":true,"href":"https:\/\/pizbube.ch\/en\/wp-json\/wp\/v2\/product_cat?post=149521"},{"taxonomy":"product_tag","embeddable":true,"href":"https:\/\/pizbube.ch\/en\/wp-json\/wp\/v2\/product_tag?post=149521"}],"curies":[{"name":"wp","href":"https:\/\/api.w.org\/{rel}","templated":true}]}}