{"id":149522,"date":"2021-01-15T10:59:53","date_gmt":"2021-01-15T10:59:53","guid":{"rendered":"https:\/\/codengine3.ch\/?product=import-placeholder-for-206888"},"modified":"2021-10-23T09:15:10","modified_gmt":"2021-10-23T07:15:10","slug":"wilder-kaiser-kletterfuehrer","status":"publish","type":"product","link":"https:\/\/pizbube.ch\/en\/shop\/wilder-kaiser-kletterfuehrer\/","title":{"rendered":"Wilder Kaiser &#8211; Alpinkletterf\u00fchrer"},"content":{"rendered":"<p>Scheffau, Kaisertal, K\u00fcbelkar, Stripsenjoch, Steinerne Rinne<\/p>\n<p>Im Wilden Kaiser wurde immer wieder Klettergeschichte geschrieben: Die D\u00fclferrouten an <em>Totenkirchl<\/em> und <em>Fleischbank<\/em>, die Wiessner-Rossi, die <em>Pumprisse<\/em>, oder die &#171;Neuen Kleider&#187; die Stefan Glowacz seiner Majest\u00e4t verpasst hat. Entsprechend bekannt und ber\u00fchmt sind die W\u00e4nde und Grate zwischen St. Johann und Kufstein.<\/p>\n<p>Nachdem der Kaiser zwischenzeitlich etwas aus der Mode gekommen war, hat sich das mit der Sanierung vieler Klassiker und der Erschlie\u00dfung zahlreicher bohrhakengesicherter Routen wieder ge\u00e4ndert. Die Scharen pilgern wieder zur Strips und in die <em>Steinerne Rinne<\/em>. Aber auch andere Tourengebiete sind jetzt im Fokus der Kletterer: Das wildromantische Kaisertal mit seinen langen Routen, die sonnigen W\u00e4nde von Sonneck und Treffauer oder der wildgezackte Ostkaiser. Die ber\u00fchmten Routen wie die \u201eD\u00fclfer\u201c an der Fleischbank oder der \u201eKopft\u00f6rlgrat\u201c sind heute nicht mehr so \u00fcberf\u00fcllt wie vor Jahrzehnten. Sie geh\u00f6ren aber weiterhin zu den besten klassischen Kalkklettereien der Alpen.<\/p>\n<p>Daneben haben sich neue Modeziele im gem\u00e4\u00dfigten Schwierigkeitslevel etabliert wie z. B. \u201eVia Classica\u201c,\u00a0 &#171;Klettergeheimnis\u201c, \u201eBlue Moon\u201c oder \u201eKirchlexpress\u201c. Im gehobenen Niveau ab dem 7. Grad wird die Auswahl dann schier unendlich. Aufgrund der enormen Routenanzahl kann zwar nicht mehr jeder historische Weg oder jede Abenteuerroute ausf\u00fchrlich im Buch beschrieben werden. Die ausgesparte Informationen und Topos erg\u00e4nzt der <em>Autor Markus Stadler<\/em> daf\u00fcr auf seiner Website.<\/p>\n<p>In dieser Kombination bietet die umfassend \u00fcberarbeitete 3. Auflage dieses Kletterf\u00fchrers eine fast vollst\u00e4ndige Beschreibung aller Kletterrouten im Wilden Kaiser. Damit ergibt sich ein wegweisendes Standardwerk \u2013 f\u00fcr jeden Alpinkletterer empfehlenswert, f\u00fcr jeden Kaiserliebhaber unverzichtbar.<\/p>\n<p>3. Aufl. 2021, 504 Seiten, 115 x 185 mm,<br \/>\nSoftcover, komplett 4-farbig, 40 Topokarten, PVC-Schutzh\u00fclle<\/p>","protected":false},"excerpt":{"rendered":"<p><a href=\"https:\/\/pizbube.ch\/wp-content\/uploads\/2021\/01\/leseprobe-wilder-kaiser-alpinklettern.pdf\" target=\"_blank\" rel=\"noopener\"><strong>leseprobe-wilder-kaiser-alpinklettern<\/strong><\/a><\/p>","protected":false},"featured_media":159361,"template":"","meta":[],"product_brand":[],"product_cat":[21539],"product_tag":[],"class_list":{"0":"post-149522","1":"product","2":"type-product","3":"status-publish","4":"has-post-thumbnail","6":"product_cat-fuehrerliteratur-sportklettern-bouldern","7":"pa_autor-stadler","8":"pa_erscheinungsjahr-25440","9":"pa_region-oesterreich","10":"pa_sprache-de","12":"first","13":"instock","14":"taxable","15":"shipping-taxable","16":"purchasable","17":"product-type-simple"},"_links":{"self":[{"href":"https:\/\/pizbube.ch\/en\/wp-json\/wp\/v2\/product\/149522","targetHints":{"allow":["GET"]}}],"collection":[{"href":"https:\/\/pizbube.ch\/en\/wp-json\/wp\/v2\/product"}],"about":[{"href":"https:\/\/pizbube.ch\/en\/wp-json\/wp\/v2\/types\/product"}],"wp:featuredmedia":[{"embeddable":true,"href":"https:\/\/pizbube.ch\/en\/wp-json\/wp\/v2\/media\/159361"}],"wp:attachment":[{"href":"https:\/\/pizbube.ch\/en\/wp-json\/wp\/v2\/media?parent=149522"}],"wp:term":[{"taxonomy":"product_brand","embeddable":true,"href":"https:\/\/pizbube.ch\/en\/wp-json\/wp\/v2\/product_brand?post=149522"},{"taxonomy":"product_cat","embeddable":true,"href":"https:\/\/pizbube.ch\/en\/wp-json\/wp\/v2\/product_cat?post=149522"},{"taxonomy":"product_tag","embeddable":true,"href":"https:\/\/pizbube.ch\/en\/wp-json\/wp\/v2\/product_tag?post=149522"}],"curies":[{"name":"wp","href":"https:\/\/api.w.org\/{rel}","templated":true}]}}