{"id":149523,"date":"2021-01-15T10:59:53","date_gmt":"2021-01-15T10:59:53","guid":{"rendered":"https:\/\/codengine3.ch\/?product=import-placeholder-for-200690"},"modified":"2023-06-22T09:48:03","modified_gmt":"2023-06-22T07:48:03","slug":"pyrenees-ascensions-sauvages-vol-1-ouest-hors-des-sentiers-battus","status":"publish","type":"product","link":"https:\/\/pizbube.ch\/en\/shop\/pyrenees-ascensions-sauvages-vol-1-ouest-hors-des-sentiers-battus\/","title":{"rendered":"Pyr\u00e9n\u00e9es, ascensions sauvages Vol. 1 Ouest &#8211; Hors des sentiers battus"},"content":{"rendered":"<p>Du Luchonnais au Pays Basque, Tome 1<\/p>\n<p>Ce livre est une aventure. Pas un topo guide \u00e0 proprement parler. Les Pyr\u00e9n\u00e9es<br \/>\noccidentales proposent, de la haute cha\u00eene centrale du Luchonnais aux<br \/>\nmontagnes basques, tous types d\u2019itin\u00e9raires. Croupes, couloirs, ar\u00eates,<br \/>\n\u00e9chines, glaciers, n\u00e9v\u00e9s, \u00e9boulis d\u00e9crivent la g\u00e9omorphologie de l\u2019ascension<br \/>\nde ces montagnes. L\u2019enjeu a \u00e9t\u00e9 de d\u00e9nicher des itin\u00e9raires peu faits,<br \/>\nd\u00e9tourn\u00e9s, parfois aust\u00e8res et a\u00e9riens, envahis de raill\u00e8res, taill\u00e9s dans les<br \/>\npentes d\u2019herbes ou d\u2019aller sur des sommets \u00e0 la mauvaise r\u00e9putation qu\u2019on<br \/>\npourrait d\u00e9finir par l\u2019image de \u00ab terrain \u00e0 isards \u00bb. La libert\u00e9 est la seule<br \/>\nchose qui reste au montagnard, la libert\u00e9 de tailler son chemin, de choisir<br \/>\nl\u2019ar\u00eate plut\u00f4t que le couloir, la neige plut\u00f4t que l\u2019\u00e9boulis.<\/p>\n<p>Les sommets embl\u00e9matiques sont l\u00e0 mais ils sont abord\u00e9s par des cheminements<br \/>\noubli\u00e9s, souvent sans rep\u00e8res sur le terrain (cairns par ex). Il faut<br \/>\nlouvoyer, fureter, se perdre dans la complexit\u00e9 de ce qui fait une montagne et<br \/>\nle choix vient naturellement. C\u2019est le caillou qui commande, la chemin\u00e9e qui<br \/>\npropose, le couloir qui \u00ab ouvre \u00bb le passage. Quelle joie alors d\u2019avoir \u00ab fait<br \/>\n\u00bb son itin\u00e9raire parce que son instinct l\u2019a imagin\u00e9, ses yeux choisi, et que<br \/>\nses pieds l\u2019ont port\u00e9 !<\/p>\n<p>Ce livre est construit pour permettre une progression. Il n\u2019est pas r\u00e9serv\u00e9 \u00e0<br \/>\nune \u00e9lite m\u00eame si certains itin\u00e9raires n\u00e9cessitent des connaissances en<br \/>\nescalade, un sens de l\u2019itin\u00e9raire et exigent toujours le pied s\u00fbr. Une<br \/>\ninvitation \u00e0 regarder la montagne autrement, \u00e0 ne pas refaire cent fois la<br \/>\nvoie normale d\u00e9j\u00e0 faite, \u00e0 prendre un chemin d\u00e9tourn\u00e9, \u00e0 faire un pas de c\u00f4t\u00e9<br \/>\n(pas trop quand m\u00eame).<\/p>\n<p>La montagne est une passion, un plaisir inou\u00ef, un espace sauvage et po\u00e9tique,<br \/>\npas une comp\u00e9tition, pas un challenge, un acte de bravoure ou de conqu\u00eate.<br \/>\nQuelle perte de temps ce serait !<\/p>","protected":false},"excerpt":{"rendered":"<ul>\n<li><a href=\"https:\/\/pizbube.ch\/wp-content\/uploads\/attachments\/a_004\/3EA90DA6DF85B5336758D847CFA243CF.pdf\" target=\"_blank\" rel=\"noopener\">PDF: Leseprobe_Pyrenees_ascensions_sauvage<\/a><\/li>\n<\/ul>","protected":false},"featured_media":158521,"template":"","meta":[],"product_brand":[],"product_cat":[21544],"product_tag":[],"class_list":{"0":"post-149523","1":"product","2":"type-product","3":"status-publish","4":"has-post-thumbnail","6":"product_cat-fuehrerliteratur-alpin-sommer","7":"pa_autor-macia","8":"pa_erscheinungsjahr-21586","9":"pa_region-spanien","10":"pa_sprache-fr","12":"first","13":"instock","14":"taxable","15":"shipping-taxable","16":"purchasable","17":"product-type-simple"},"_links":{"self":[{"href":"https:\/\/pizbube.ch\/en\/wp-json\/wp\/v2\/product\/149523","targetHints":{"allow":["GET"]}}],"collection":[{"href":"https:\/\/pizbube.ch\/en\/wp-json\/wp\/v2\/product"}],"about":[{"href":"https:\/\/pizbube.ch\/en\/wp-json\/wp\/v2\/types\/product"}],"wp:featuredmedia":[{"embeddable":true,"href":"https:\/\/pizbube.ch\/en\/wp-json\/wp\/v2\/media\/158521"}],"wp:attachment":[{"href":"https:\/\/pizbube.ch\/en\/wp-json\/wp\/v2\/media?parent=149523"}],"wp:term":[{"taxonomy":"product_brand","embeddable":true,"href":"https:\/\/pizbube.ch\/en\/wp-json\/wp\/v2\/product_brand?post=149523"},{"taxonomy":"product_cat","embeddable":true,"href":"https:\/\/pizbube.ch\/en\/wp-json\/wp\/v2\/product_cat?post=149523"},{"taxonomy":"product_tag","embeddable":true,"href":"https:\/\/pizbube.ch\/en\/wp-json\/wp\/v2\/product_tag?post=149523"}],"curies":[{"name":"wp","href":"https:\/\/api.w.org\/{rel}","templated":true}]}}