{"id":149524,"date":"2021-01-15T10:59:53","date_gmt":"2021-01-15T10:59:53","guid":{"rendered":"https:\/\/codengine3.ch\/?product=import-placeholder-for-208240"},"modified":"2025-06-19T11:25:03","modified_gmt":"2025-06-19T09:25:03","slug":"100-sommets-des-alpes-du-nord-randonnees-sauvages-a-3-000-metres","status":"publish","type":"product","link":"https:\/\/pizbube.ch\/en\/shop\/100-sommets-des-alpes-du-nord-randonnees-sauvages-a-3-000-metres\/","title":{"rendered":"100 sommets des Alpes du Nord &#8211; Randonn\u00e9es sauvages \u00e0 3 000 m\u00e8tres"},"content":{"rendered":"<p>Bienvenue au-dessus de la barre symbolique des 3 000 m\u00e8tres d\u2019altitude et dans<br \/>\nle domaine prestigieux de la haute montagne traditionnellement r\u00e9serv\u00e9e aux<br \/>\nalpinistes.<\/p>\n<p>S\u2019adressant aux randonneurs avides d\u2019une marche sportive et exigeante, sur et<br \/>\nhors sentiers, dans un milieu sauvage n\u00e9cessitant le sens de l&#8217;orientation, le<br \/>\nflair des bons passages et le pied s\u00fbr, cet ouvrage propose des randonn\u00e9es de<br \/>\ntous niveaux pour gravir une belle collection de 100 sommets et d\u00e9couvrir la<br \/>\nrichesse et la diversit\u00e9 des Alpes du Nord.<\/p>\n<p>Ces itin\u00e9raires favorisent l&#8217;acquisition d&#8217;un bon mental fond\u00e9 sur lucidit\u00e9<br \/>\n(lecture critique du terrain et des conditions) et humilit\u00e9 (savoir renoncer),<br \/>\ngr\u00e2ce auquel les randonneurs-lecteurs actifs et responsables dans leurs choix<br \/>\nacc\u00e9deront \u00e0 plus d\u2019autonomie.<\/p>\n<p>Enfin, Alain Lutz nous fait partager ses rencontres, ses coups de c\u0153ur, ses<br \/>\ndoutes, et cette id\u00e9e que la randonn\u00e9e est aussi l&#8217;apprentissage de la<br \/>\nsolitude et de la connaissance de soi. Il d\u00e9sire prolonger l&#8217;aventure et<br \/>\nsurprendre, \u00e0 l&#8217;aide des mots, cette part du myst\u00e8re qui nous lie aux<br \/>\nmontagnes.<\/p>","protected":false},"excerpt":{"rendered":"<p>Bienvenue au-dessus de la barre symbolique des 3 000 m\u00e8tres d\u2019altitude et dans le domaine prestigieux de la haute montagne traditionnellement r\u00e9serv\u00e9e aux alpinistes. S\u2019adressant aux randonneurs avides d\u2019une marche sportive et exigeante, sur et hors sentiers, dans un milieu sauvage n\u00e9cessitant le sens de l&#8217;orientation, le flair des bons passages et le pied s\u00fbr, [&#8230;]\n","protected":false},"featured_media":180108,"template":"","meta":[],"product_brand":[],"product_cat":[21544],"product_tag":[],"class_list":{"0":"post-149524","1":"product","2":"type-product","3":"status-publish","4":"has-post-thumbnail","6":"product_cat-fuehrerliteratur-alpin-sommer","7":"pa_autor-lutz","8":"pa_erscheinungsjahr-21586","9":"pa_region-frankreich","10":"pa_sprache-fr","12":"first","13":"instock","14":"taxable","15":"shipping-taxable","16":"purchasable","17":"product-type-simple"},"_links":{"self":[{"href":"https:\/\/pizbube.ch\/en\/wp-json\/wp\/v2\/product\/149524","targetHints":{"allow":["GET"]}}],"collection":[{"href":"https:\/\/pizbube.ch\/en\/wp-json\/wp\/v2\/product"}],"about":[{"href":"https:\/\/pizbube.ch\/en\/wp-json\/wp\/v2\/types\/product"}],"wp:featuredmedia":[{"embeddable":true,"href":"https:\/\/pizbube.ch\/en\/wp-json\/wp\/v2\/media\/180108"}],"wp:attachment":[{"href":"https:\/\/pizbube.ch\/en\/wp-json\/wp\/v2\/media?parent=149524"}],"wp:term":[{"taxonomy":"product_brand","embeddable":true,"href":"https:\/\/pizbube.ch\/en\/wp-json\/wp\/v2\/product_brand?post=149524"},{"taxonomy":"product_cat","embeddable":true,"href":"https:\/\/pizbube.ch\/en\/wp-json\/wp\/v2\/product_cat?post=149524"},{"taxonomy":"product_tag","embeddable":true,"href":"https:\/\/pizbube.ch\/en\/wp-json\/wp\/v2\/product_tag?post=149524"}],"curies":[{"name":"wp","href":"https:\/\/api.w.org\/{rel}","templated":true}]}}