{"id":149526,"date":"2021-01-15T10:59:53","date_gmt":"2021-01-15T10:59:53","guid":{"rendered":"https:\/\/codengine3.ch\/?product=import-placeholder-for-207825"},"modified":"2026-03-27T11:38:45","modified_gmt":"2026-03-27T10:38:45","slug":"pyrenees-randonnees-insolites","status":"publish","type":"product","link":"https:\/\/pizbube.ch\/en\/shop\/pyrenees-randonnees-insolites\/","title":{"rendered":"Pyr\u00e9n\u00e9es &#8211; Randonn\u00e9es insolites"},"content":{"rendered":"<p>Les Pyr\u00e9n\u00e9es sont sillonn\u00e9es par des randonneurs toujours plus nombreux,<br \/>\namoureux de ses paysages, de ses sommets et beaut\u00e9s naturelles. On en<br \/>\noublierait presque que ces montagnes poss\u00e8dent une personnalit\u00e9 unique,<br \/>\nfa\u00e7onn\u00e9e par la g\u00e9ologie, la climatologie, les al\u00e9as de la fronti\u00e8re et<br \/>\nl\u2019histoire des hommes. Cette singularit\u00e9 pyr\u00e9n\u00e9enne, les auteurs ont voulu la<br \/>\nfaire partager \u00e0 travers vingt randonn\u00e9es qui racontent des histoire<br \/>\ninsolites, captivantes, \u00e9tonnantes, parfois tragiques aussi\u2026<\/p>\n<p>Outre d\u2019utiles conseils pratiques et la description pr\u00e9cise des itin\u00e9raires,<br \/>\nces randonn\u00e9es sous la forme de r\u00e9cits s\u2019adressent au d\u00e9butant ou au<br \/>\nmontagnard confirm\u00e9. Elles rassemblent une m\u00e9moire pyr\u00e9n\u00e9enne sans souci de la<br \/>\nfronti\u00e8re.<\/p>\n<p>Du Pays basque aux Hautes-Pyr\u00e9n\u00e9es, des Pyr\u00e9n\u00e9es luchonnaises en Haute-<br \/>\nGaronne, de l\u2019Ari\u00e8ge aux Pyr\u00e9n\u00e9es-Orientales, les auteurs ont rassembl\u00e9 des<br \/>\nr\u00e9cits qui \u00e9voquent une forme de randonn\u00e9e culturelle, alliant connaissance du<br \/>\nterrain, passion et histoire.<\/p>\n<p>L\u2019aventure du comte Russell et ses grottes au Vignemale, le Chemin de la<br \/>\nM\u00e2ture en vall\u00e9e d\u2019Aspe, les orrys ari\u00e9geois, la station de transit et de<br \/>\nb\u00fbcheronnage baptis\u00e9e la cath\u00e9drale du col de Salau, la for\u00eat de la Massane<br \/>\ndans les Alb\u00e8res\u2026<\/p>\n<p>Le vaste et proche versant espagnol, de la Navarre \u00e0 l\u2019Aragon jusqu\u2019\u00e0 la<br \/>\nCatalogne, est bien repr\u00e9sent\u00e9. La conqu\u00eate de l\u2019Aneto, la travers\u00e9e de la<br \/>\nfaja de las Flores dans le massif d\u2019Ordesa-Mont-Perdu ou \u00e0 travers les<br \/>\nvillages abandonn\u00e9es de la sierra de Guara, les mines du Liat en val d\u2019Aran\u2026<br \/>\nautant d\u2019histoires et d\u2019itin\u00e9raires qui vous prennent par la main et vous<br \/>\nraconte une histoire singuli\u00e8re.<\/p>\n<p>168 Pages; Format : 175 x 248 mm<\/p>","protected":false},"excerpt":{"rendered":"<p>Les Pyr\u00e9n\u00e9es sont sillonn\u00e9es par des randonneurs toujours plus nombreux, amoureux de ses paysages, de ses sommets et beaut\u00e9s naturelles. On en oublierait presque que ces montagnes poss\u00e8dent une personnalit\u00e9 unique, fa\u00e7onn\u00e9e par la g\u00e9ologie, la climatologie, les al\u00e9as de la fronti\u00e8re et l\u2019histoire des hommes. Cette singularit\u00e9 pyr\u00e9n\u00e9enne, les auteurs ont voulu la faire [&#8230;]\n","protected":false},"featured_media":38555,"template":"","meta":[],"product_brand":[],"product_cat":[21605],"product_tag":[],"class_list":{"0":"post-149526","1":"product","2":"type-product","3":"status-publish","4":"has-post-thumbnail","6":"product_cat-wanderfuehrer-trekking","7":"pa_autor-follet-mendieta","8":"pa_erscheinungsjahr-21558","9":"pa_region-frankreich","10":"pa_sprache-fr","12":"first","13":"onbackorder","14":"taxable","15":"shipping-taxable","16":"purchasable","17":"product-type-simple"},"_links":{"self":[{"href":"https:\/\/pizbube.ch\/en\/wp-json\/wp\/v2\/product\/149526","targetHints":{"allow":["GET"]}}],"collection":[{"href":"https:\/\/pizbube.ch\/en\/wp-json\/wp\/v2\/product"}],"about":[{"href":"https:\/\/pizbube.ch\/en\/wp-json\/wp\/v2\/types\/product"}],"wp:featuredmedia":[{"embeddable":true,"href":"https:\/\/pizbube.ch\/en\/wp-json\/wp\/v2\/media\/38555"}],"wp:attachment":[{"href":"https:\/\/pizbube.ch\/en\/wp-json\/wp\/v2\/media?parent=149526"}],"wp:term":[{"taxonomy":"product_brand","embeddable":true,"href":"https:\/\/pizbube.ch\/en\/wp-json\/wp\/v2\/product_brand?post=149526"},{"taxonomy":"product_cat","embeddable":true,"href":"https:\/\/pizbube.ch\/en\/wp-json\/wp\/v2\/product_cat?post=149526"},{"taxonomy":"product_tag","embeddable":true,"href":"https:\/\/pizbube.ch\/en\/wp-json\/wp\/v2\/product_tag?post=149526"}],"curies":[{"name":"wp","href":"https:\/\/api.w.org\/{rel}","templated":true}]}}